{"id":4845,"date":"2025-09-09T11:55:51","date_gmt":"2025-09-09T09:55:51","guid":{"rendered":"https:\/\/www.hotel-garage-biarritz.fr\/hotel-de-charme\/"},"modified":"2025-09-25T15:07:36","modified_gmt":"2025-09-25T13:07:36","slug":"hotel-de-charme","status":"publish","type":"page","link":"https:\/\/www.hotel-garage-biarritz.fr\/es\/hotel-de-charme\/","title":{"rendered":"Hotel con encanto"},"content":{"rendered":"\n<div class=\"wp-block-columns alignwide home-top-spot-type-columns is-layout-flex wp-container-core-columns-is-layout-9d6595d7 wp-block-columns-is-layout-flex\">\n<div class=\"wp-block-column top-spot-column-one is-layout-flow wp-block-column-is-layout-flow\">\n<figure class=\"wp-block-image size-full\"><img decoding=\"async\" src=\"https:\/\/www.hotel-garage-biarritz.fr\/wp-content\/themes\/legaragebtz\/assets\/images\/hotel-de-charme\/hotel-le-garage_hotel-de-charme_top-spot.jpg\" alt=\"Fa\u00e7ade H\u00f4tel Le Garage Biarritz\"\/><\/figure>\n<\/div>\n\n\n\n<div class=\"wp-block-column top-spot-column-two is-layout-flow wp-block-column-is-layout-flow\">\n<div class=\"wp-block-group\"><div class=\"wp-block-group__inner-container is-layout-flow wp-block-group-is-layout-flow\"><\/div><\/div>\n<\/div>\n\n\n\n<div class=\"wp-block-column top-spot-column-three is-layout-flow wp-block-column-is-layout-flow\">\n<h1 class=\"wp-block-heading\">Hotel con encanto a Biarritz : Bienvenido al Garage<\/h1>\n\n\n\n<p><strong>\u00bfBuscas un hotel con encanto en Biarritz?<\/strong><br>M\u00e1s que un lugar donde dejar la maleta, Le Garage Biarritz es un hotel boutique con personalidad, nacido de un antiguo garaje de coches cl\u00e1sicos transformado en un refugio neo-retro. Aqu\u00ed, la elegancia relajada de la costa vasca se encuentra con un dise\u00f1o audaz, un ambiente soleado y una hospitalidad genuina para una experiencia \u00fanica y profundamente local.<\/p>\n<\/div>\n<\/div>\n\n\n\n<div class=\"wp-block-columns alignwide type-1-spotlight-columns bistrot-type-1-spotlight-columns is-layout-flex wp-container-core-columns-is-layout-9d6595d7 wp-block-columns-is-layout-flex\">\n<div class=\"wp-block-column type-1-spotlight-column-one is-layout-flow wp-block-column-is-layout-flow\">\n<h3 class=\"wp-block-heading\">Habitaciones con car\u00e1cter, confort y estilo<\/h3>\n\n\n\n<p>Todo lo que hace especial a Biarritz se refleja en las 27 habitaciones y suites del hotel: vistas panor\u00e1micas al oc\u00e9ano en las suites, decoraci\u00f3n cuidada, materiales nobles, mobiliario de dise\u00f1o, ba\u00f1os de terrazo\u2026 Cada espacio cuenta una historia, mezclando patrimonio y modernidad. Algunas habitaciones cuentan con terrazas privadas o ba\u00f1eras de cobre, y todas ofrecen un ambiente \u00edntimo y tranquilo, ideal para una escapada rom\u00e1ntica o un retiro de bienestar.<\/p>\n<\/div>\n\n\n\n<div class=\"wp-block-column type-1-spotlight-column-two is-layout-flow wp-block-column-is-layout-flow\">\n<figure class=\"wp-block-image size-full\"><img decoding=\"async\" src=\"https:\/\/www.hotel-garage-biarritz.fr\/wp-content\/themes\/legaragebtz\/assets\/images\/hotel-de-charme\/hotel-le-garage_hotel-de-charme_01.jpg\" alt=\"Le Garage Regina \u00e0 l'\u00e9poque \u00e0 Biarritz\"\/><\/figure>\n<\/div>\n<\/div>\n\n\n\n<div class=\"wp-block-columns alignwide type-2-spotlight-columns bistrot-type-2-spotlight-columns is-layout-flex wp-container-core-columns-is-layout-9d6595d7 wp-block-columns-is-layout-flex\">\n<div class=\"wp-block-column type-2-spotlight-column-one is-layout-flow wp-block-column-is-layout-flow\">\n<figure class=\"wp-block-image size-large size-full\"><img loading=\"lazy\" decoding=\"async\" width=\"1024\" height=\"897\" src=\"https:\/\/www.hotel-garage-biarritz.fr\/wp-content\/uploads\/2025\/09\/LeGarage20210825-1036-1-1024x897.jpg\" alt=\"Chaises longues autour de la piscine Le Garage Biarritz\" class=\"wp-image-4858\" srcset=\"https:\/\/www.hotel-garage-biarritz.fr\/wp-content\/uploads\/2025\/09\/LeGarage20210825-1036-1-1024x897.jpg 1024w, https:\/\/www.hotel-garage-biarritz.fr\/wp-content\/uploads\/2025\/09\/LeGarage20210825-1036-1-300x263.jpg 300w, https:\/\/www.hotel-garage-biarritz.fr\/wp-content\/uploads\/2025\/09\/LeGarage20210825-1036-1-768x672.jpg 768w, https:\/\/www.hotel-garage-biarritz.fr\/wp-content\/uploads\/2025\/09\/LeGarage20210825-1036-1-1536x1345.jpg 1536w, https:\/\/www.hotel-garage-biarritz.fr\/wp-content\/uploads\/2025\/09\/LeGarage20210825-1036-1-2048x1793.jpg 2048w, https:\/\/www.hotel-garage-biarritz.fr\/wp-content\/uploads\/2025\/09\/LeGarage20210825-1036-1-1568x1373.jpg 1568w\" sizes=\"auto, (max-width: 1024px) 100vw, 1024px\" \/><\/figure>\n<\/div>\n\n\n\n<div class=\"wp-block-column type-2-spotlight-column-two is-layout-flow wp-block-column-is-layout-flow\">\n<figure class=\"wp-block-image size-large size-full\"><img loading=\"lazy\" decoding=\"async\" width=\"683\" height=\"1024\" src=\"https:\/\/www.hotel-garage-biarritz.fr\/wp-content\/uploads\/2025\/09\/LeGarage20210824-787-2-683x1024.jpg\" alt=\"\" class=\"wp-image-4853\" srcset=\"https:\/\/www.hotel-garage-biarritz.fr\/wp-content\/uploads\/2025\/09\/LeGarage20210824-787-2-683x1024.jpg 683w, https:\/\/www.hotel-garage-biarritz.fr\/wp-content\/uploads\/2025\/09\/LeGarage20210824-787-2-200x300.jpg 200w, https:\/\/www.hotel-garage-biarritz.fr\/wp-content\/uploads\/2025\/09\/LeGarage20210824-787-2-768x1151.jpg 768w, https:\/\/www.hotel-garage-biarritz.fr\/wp-content\/uploads\/2025\/09\/LeGarage20210824-787-2-1024x1536.jpg 1024w, https:\/\/www.hotel-garage-biarritz.fr\/wp-content\/uploads\/2025\/09\/LeGarage20210824-787-2-1366x2048.jpg 1366w, https:\/\/www.hotel-garage-biarritz.fr\/wp-content\/uploads\/2025\/09\/LeGarage20210824-787-2-1568x2351.jpg 1568w, https:\/\/www.hotel-garage-biarritz.fr\/wp-content\/uploads\/2025\/09\/LeGarage20210824-787-2-scaled.jpg 1707w\" sizes=\"auto, (max-width: 683px) 100vw, 683px\" \/><\/figure>\n<\/div>\n\n\n\n<div class=\"wp-block-column type-2-spotlight-column-three is-layout-flow wp-block-column-is-layout-flow\">\n<h3 class=\"wp-block-heading\">Un hotel con piscina, cerca de las playas de Biarritz<\/h3>\n\n\n\n<p>A pocos pasos de las playas y del vibrante centro de la ciudad, Le Garage encarna un cierto arte de vivir a la biarresa: activo, libre y profundamente conectado con su entorno. Tras una sesi\u00f3n de surf o una excursi\u00f3n en bicicleta, rel\u00e1jate en la piscina exterior climatizada, rodeada de palmeras en el patio y enmarcada por la arquitectura hist\u00f3rica del edificio. El lugar perfecto para recargar energ\u00edas, desconectar o simplemente disfrutar de un c\u00f3ctel casero bajo el cielo vasco.<br><\/p>\n<\/div>\n<\/div>\n\n\n\n<div class=\"wp-block-columns alignwide type-3-spotlight-columns bistrot-type-3-spotlight-columns is-layout-flex wp-container-core-columns-is-layout-9d6595d7 wp-block-columns-is-layout-flex\">\n<div class=\"wp-block-column type-3-spotlight-column-one is-layout-flow wp-block-column-is-layout-flow\">\n<h3 class=\"wp-block-heading\">Servicio atento y personalizado<\/h3>\n\n\n\n<p>En Le Garage no existen f\u00f3rmulas est\u00e1ndar. Cada estancia se adapta a tus deseos: recomendaciones locales, detalles a medida, conserjer\u00eda flexible, servicio de habitaciones cuidado\u2026 Nuestro equipo sabe que el verdadero lujo est\u00e1 en la atenci\u00f3n y en los detalles. Y dado que cada hu\u00e9sped es \u00fanico, ofrecemos servicios personalizables: desde ropa de cama bajo demanda hasta altavoces Bluetooth vintage, kits de bienestar o consejos para rutas en bicicleta.<br><\/p>\n<\/div>\n\n\n\n<div class=\"wp-block-column type-3-spotlight-column-two is-layout-flow wp-block-column-is-layout-flow\">\n<figure class=\"wp-block-image size-full\"><img decoding=\"async\" src=\"https:\/\/www.hotel-garage-biarritz.fr\/wp-content\/themes\/legaragebtz\/assets\/images\/hotel-de-charme\/hotel-le-garage_hotel-de-charme_04.jpg\" alt=\"Nature Pays Basque\"\/><\/figure>\n<\/div>\n\n\n\n<div class=\"wp-block-column type-3-spotlight-column-three is-layout-flow wp-block-column-is-layout-flow\">\n<figure class=\"wp-block-image size-full\"><img decoding=\"async\" src=\"https:\/\/www.hotel-garage-biarritz.fr\/wp-content\/themes\/legaragebtz\/assets\/images\/hotel-de-charme\/hotel-le-garage_hotel-de-charme_05.jpg\" alt=\"Collines du Pays basque\"\/><\/figure>\n<\/div>\n<\/div>\n\n\n\n<div class=\"wp-block-columns alignwide type-4-spotlight-columns bistrot-type-4-spotlight-columns is-layout-flex wp-container-core-columns-is-layout-9d6595d7 wp-block-columns-is-layout-flex\">\n<div class=\"wp-block-column type-4-spotlight-column-one is-layout-flow wp-block-column-is-layout-flow\">\n<figure class=\"wp-block-image size-full\"><img decoding=\"async\" src=\"https:\/\/www.hotel-garage-biarritz.fr\/wp-content\/themes\/legaragebtz\/assets\/images\/hotel-de-charme\/hotel-le-garage_hotel-de-charme_06.jpg\" alt=\"Line up vue a\u00e9rienne Biarritz\"\/><\/figure>\n<\/div>\n\n\n\n<div class=\"wp-block-column type-4-spotlight-column-two is-layout-flow wp-block-column-is-layout-flow\">\n<h3 class=\"wp-block-heading\">Un hotel \u00e9tico y responsable<\/h3>\n\n\n\n<p><strong>Le Garage Biarritz<\/strong>, c\u2019est aussi un <strong>h\u00f4tel responsable<\/strong>. Labellis\u00e9 <strong>Clef Verte<\/strong>, il s\u2019inscrit dans une d\u00e9marche \u00e9co-consciente : \u00e9nergie ma\u00eetris\u00e9e, gestion des d\u00e9chets, partenariat avec des producteurs locaux, menus de saison, produits d\u2019entretien \u00e9cologiques et actions concr\u00e8tes pour r\u00e9duire notre impact. Le tout sans jamais compromettre <strong>le confort, le style et la qualit\u00e9 d\u2019accueil<\/strong>.<\/p>\n<\/div>\n\n\n\n<div class=\"wp-block-column type-4-spotlight-column-three is-layout-flow wp-block-column-is-layout-flow\">\n<figure class=\"wp-block-image size-full\"><img decoding=\"async\" src=\"https:\/\/www.hotel-garage-biarritz.fr\/wp-content\/themes\/legaragebtz\/assets\/images\/hotel-de-charme\/hotel-le-garage_hotel-de-charme_07.jpg\" alt=\"Surfeurs et baigneurs \u00e0 la plage\"\/><\/figure>\n<\/div>\n<\/div>\n\n\n\n<div class=\"wp-block-columns alignwide type-5-spotlight-columns bistrot-type-5-spotlight-columns is-layout-flex wp-container-core-columns-is-layout-9d6595d7 wp-block-columns-is-layout-flex\">\n<div class=\"wp-block-column type-5-spotlight-column-one is-layout-flow wp-block-column-is-layout-flow\">\n<h3 class=\"wp-block-heading\">Le Garage te invita a descubrir Biarritz de otra manera<\/h3>\n\n\n\n<p>\u2026en un lugar con car\u00e1cter donde el encanto discreto, la atenci\u00f3n al detalle y la experiencia local se encuentran. Un hotel \u00edntimo, c\u00e1lido y exclusivo, donde cada estancia se convierte en un respiro inspirador.<br><\/p>\n<\/div>\n\n\n\n<div class=\"wp-block-column type-5-spotlight-column-two is-layout-flow wp-block-column-is-layout-flow\">\n<figure class=\"wp-block-image size-full\"><img decoding=\"async\" src=\"https:\/\/www.hotel-garage-biarritz.fr\/wp-content\/themes\/legaragebtz\/assets\/images\/hotel-de-charme\/hotel-le-garage_hotel-de-charme_08.jpg\" alt=\"Photo \u00e9poque Golfeurs Biarritz\"\/><\/figure>\n<\/div>\n\n\n\n<div class=\"wp-block-column type-5-spotlight-column-three is-layout-flow wp-block-column-is-layout-flow\">\n<figure class=\"wp-block-image size-full\"><img decoding=\"async\" src=\"https:\/\/www.hotel-garage-biarritz.fr\/wp-content\/themes\/legaragebtz\/assets\/images\/hotel-de-charme\/hotel-le-garage_hotel-de-charme_09.jpg\" alt=\"Vue a\u00e9rienne Golf de Biarritz\"\/><\/figure>\n<\/div>\n<\/div>\n\n\n\n<p><h4><strong>\u00bfQu\u00e9 hace de Le Garage un verdadero hotel con encanto en Biarritz?<\/strong><\/h4><br><p>Le Garage Biarritz es un hotel boutique con un estilo \u00fanico, instalado en un garaje de los a\u00f1os 30 completamente redise\u00f1ado en un esp\u00edritu neo-retro. Cada detalle, desde los materiales nobles hasta los objetos vintage, ha sido pensado para ofrecer una experiencia elegante, acogedora y profundamente local. Aqu\u00ed, car\u00e1cter, dise\u00f1o y autenticidad se combinan, lejos de los est\u00e1ndares impersonales.<br><\/p><\/p>\n\n\n\n<p><h4><strong>\u00bfPor qu\u00e9 elegir un hotel con encanto en lugar de uno cl\u00e1sico en Biarritz?<\/strong><\/h4><br><p>Un hotel boutique como Le Garage garantiza una estancia personalizada, \u00edntima e inspiradora. A diferencia de las cadenas estandarizadas, ofrece 27 habitaciones, un ambiente soleado y una hospitalidad genuina. El hotel refleja el alma de Biarritz, entre patrimonio y modernidad.<br><\/p><\/p>\n\n\n\n<p><h4><strong>\u00bfOfrece Le Garage el confort de un hotel de alta gama manteniendo su esp\u00edritu con encanto?<\/strong><\/h4><br><p>S\u00ed. Le Garage combina el refinamiento de un hotel de lujo con el esp\u00edritu libre de un lugar con car\u00e1cter. Encontrar\u00e1s piscina climatizada, habitaciones con vistas al mar o terraza privada, ropa de cama de alta gama, desayuno de temporada y servicios a medida. Todo en un entorno a escala humana.<br><\/p><\/p>\n\n\n\n<p><h4><strong>\u00bfEst\u00e1 bien ubicado el hotel para descubrir Biarritz a pie?<\/strong><\/h4><br><p>Absolutamente. Le Garage se encuentra a pocos minutos de las playas, del centro, del campo de golf y de los mercados de Biarritz. Es la base ideal para vivir la ciudad a tu ritmo, entre paseos, surf, gastronom\u00eda y relax.<br><\/p><\/p>\n\n\n\n<p><h4><strong>\u00bfEs Le Garage adecuado para una estancia rom\u00e1ntica o de relax?<\/strong><\/h4><br><p>Perfectamente. Su encanto discreto, luz natural, terrazas privadas, ba\u00f1eras de cobre y piscina bordeada de palmeras\u2026 Todo invita a desconectar, relajarse y disfrutar de momentos en pareja. Es un lugar muy apreciado para escapadas rom\u00e1nticas en la costa vasca.<br><\/p><\/p>\n\n\n\n<p><h4><strong>\u00bfEs Le Garage un hotel eco-responsable?<\/strong><\/h4><br><p>S\u00ed. Certificado Green Key, Le Garage marca la referencia en compromiso ambiental. El hotel combina est\u00e9tica y \u00e9tica: energ\u00eda controlada, productos de limpieza ecol\u00f3gicos, circuito corto, reducci\u00f3n de residuos. Un encanto sostenible sin renunciar al confort.<br><\/p><\/p>\n\n\n\n<p><h4><strong>\u00bfPor qu\u00e9 Le Garage es uno de los hoteles m\u00e1s singulares de Biarritz?<\/strong><\/h4><br><p>Su historia, arquitectura, estilo y atm\u00f3sfera. Le Garage es el \u00fanico hotel de Biarritz nacido de un antiguo garaje transformado en un espacio vibrante y de dise\u00f1o. Es un hotel con encanto en el sentido m\u00e1s puro: aut\u00e9ntico, elegante y vivo. No se parece a ning\u00fan otro.<\/p><\/p>\n","protected":false},"excerpt":{"rendered":"<p>Hotel con encanto a Biarritz : Bienvenido al Garage \u00bfBuscas un hotel con encanto en Biarritz?M\u00e1s que un lugar donde dejar la maleta, Le Garage Biarritz es un hotel boutique con personalidad, nacido de un antiguo garaje de coches cl\u00e1sicos transformado en un refugio neo-retro. Aqu\u00ed, la elegancia relajada de la costa vasca se encuentra&hellip; <a class=\"more-link\" href=\"https:\/\/www.hotel-garage-biarritz.fr\/es\/hotel-de-charme\/\">Continue reading <span class=\"screen-reader-text\">Hotel con encanto<\/span><\/a><\/p>\n","protected":false},"author":1,"featured_media":0,"parent":0,"menu_order":0,"comment_status":"closed","ping_status":"closed","template":"","meta":{"footnotes":""},"class_list":["post-4845","page","type-page","status-publish","hentry","entry"],"yoast_head":"<!-- This site is optimized with the Yoast SEO plugin v27.4 - https:\/\/yoast.com\/product\/yoast-seo-wordpress\/ -->\n<title>Hotel con encanto - Le Garage<\/title>\n<meta name=\"robots\" content=\"index, follow, max-snippet:-1, max-image-preview:large, max-video-preview:-1\" \/>\n<link rel=\"canonical\" href=\"https:\/\/www.hotel-garage-biarritz.fr\/es\/hotel-de-charme\/\" \/>\n<meta property=\"og:locale\" content=\"es_ES\" \/>\n<meta property=\"og:type\" content=\"article\" \/>\n<meta property=\"og:title\" content=\"Hotel con encanto - Le Garage\" \/>\n<meta property=\"og:description\" content=\"Hotel con encanto a Biarritz : Bienvenido al Garage \u00bfBuscas un hotel con encanto en Biarritz?M\u00e1s que un lugar donde dejar la maleta, Le Garage Biarritz es un hotel boutique con personalidad, nacido de un antiguo garaje de coches cl\u00e1sicos transformado en un refugio neo-retro. Aqu\u00ed, la elegancia relajada de la costa vasca se encuentra&hellip; Continue reading Hotel con encanto\" \/>\n<meta property=\"og:url\" content=\"https:\/\/www.hotel-garage-biarritz.fr\/es\/hotel-de-charme\/\" \/>\n<meta property=\"og:site_name\" content=\"Le Garage\" \/>\n<meta property=\"article:modified_time\" content=\"2025-09-25T13:07:36+00:00\" \/>\n<meta property=\"og:image\" content=\"https:\/\/www.hotel-garage-biarritz.fr\/wp-content\/themes\/legaragebtz\/assets\/images\/hotel-de-charme\/hotel-le-garage_hotel-de-charme_top-spot.jpg\" \/>\n<meta name=\"twitter:card\" content=\"summary_large_image\" \/>\n<meta name=\"twitter:label1\" content=\"Est. reading time\" \/>\n\t<meta name=\"twitter:data1\" content=\"7 minutes\" \/>\n<script type=\"application\/ld+json\" class=\"yoast-schema-graph\">{\"@context\":\"https:\\\/\\\/schema.org\",\"@graph\":[{\"@type\":\"WebPage\",\"@id\":\"https:\\\/\\\/www.hotel-garage-biarritz.fr\\\/es\\\/hotel-de-charme\\\/\",\"url\":\"https:\\\/\\\/www.hotel-garage-biarritz.fr\\\/es\\\/hotel-de-charme\\\/\",\"name\":\"Hotel con encanto - Le Garage\",\"isPartOf\":{\"@id\":\"https:\\\/\\\/www.hotel-garage-biarritz.fr\\\/#website\"},\"primaryImageOfPage\":{\"@id\":\"https:\\\/\\\/www.hotel-garage-biarritz.fr\\\/es\\\/hotel-de-charme\\\/#primaryimage\"},\"image\":{\"@id\":\"https:\\\/\\\/www.hotel-garage-biarritz.fr\\\/es\\\/hotel-de-charme\\\/#primaryimage\"},\"thumbnailUrl\":\"https:\\\/\\\/www.hotel-garage-biarritz.fr\\\/wp-content\\\/themes\\\/legaragebtz\\\/assets\\\/images\\\/hotel-de-charme\\\/hotel-le-garage_hotel-de-charme_top-spot.jpg\",\"datePublished\":\"2025-09-09T09:55:51+00:00\",\"dateModified\":\"2025-09-25T13:07:36+00:00\",\"breadcrumb\":{\"@id\":\"https:\\\/\\\/www.hotel-garage-biarritz.fr\\\/es\\\/hotel-de-charme\\\/#breadcrumb\"},\"inLanguage\":\"es-ES\",\"potentialAction\":[{\"@type\":\"ReadAction\",\"target\":[\"https:\\\/\\\/www.hotel-garage-biarritz.fr\\\/es\\\/hotel-de-charme\\\/\"]}]},{\"@type\":\"ImageObject\",\"inLanguage\":\"es-ES\",\"@id\":\"https:\\\/\\\/www.hotel-garage-biarritz.fr\\\/es\\\/hotel-de-charme\\\/#primaryimage\",\"url\":\"https:\\\/\\\/www.hotel-garage-biarritz.fr\\\/wp-content\\\/themes\\\/legaragebtz\\\/assets\\\/images\\\/hotel-de-charme\\\/hotel-le-garage_hotel-de-charme_top-spot.jpg\",\"contentUrl\":\"https:\\\/\\\/www.hotel-garage-biarritz.fr\\\/wp-content\\\/themes\\\/legaragebtz\\\/assets\\\/images\\\/hotel-de-charme\\\/hotel-le-garage_hotel-de-charme_top-spot.jpg\"},{\"@type\":\"BreadcrumbList\",\"@id\":\"https:\\\/\\\/www.hotel-garage-biarritz.fr\\\/es\\\/hotel-de-charme\\\/#breadcrumb\",\"itemListElement\":[{\"@type\":\"ListItem\",\"position\":1,\"name\":\"Accueil\",\"item\":\"https:\\\/\\\/www.hotel-garage-biarritz.fr\\\/es\\\/\"},{\"@type\":\"ListItem\",\"position\":2,\"name\":\"Hotel con encanto\"}]},{\"@type\":\"WebSite\",\"@id\":\"https:\\\/\\\/www.hotel-garage-biarritz.fr\\\/#website\",\"url\":\"https:\\\/\\\/www.hotel-garage-biarritz.fr\\\/\",\"name\":\"Le Garage\",\"description\":\"Biarritz\",\"publisher\":{\"@id\":\"https:\\\/\\\/www.hotel-garage-biarritz.fr\\\/#organization\"},\"potentialAction\":[{\"@type\":\"SearchAction\",\"target\":{\"@type\":\"EntryPoint\",\"urlTemplate\":\"https:\\\/\\\/www.hotel-garage-biarritz.fr\\\/?s={search_term_string}\"},\"query-input\":{\"@type\":\"PropertyValueSpecification\",\"valueRequired\":true,\"valueName\":\"search_term_string\"}}],\"inLanguage\":\"es-ES\"},{\"@type\":\"Organization\",\"@id\":\"https:\\\/\\\/www.hotel-garage-biarritz.fr\\\/#organization\",\"name\":\"H\u00f4tel Le Garage\",\"url\":\"https:\\\/\\\/www.hotel-garage-biarritz.fr\\\/\",\"logo\":{\"@type\":\"ImageObject\",\"inLanguage\":\"es-ES\",\"@id\":\"https:\\\/\\\/www.hotel-garage-biarritz.fr\\\/#\\\/schema\\\/logo\\\/image\\\/\",\"url\":\"https:\\\/\\\/www.hotel-garage-biarritz.fr\\\/wp-content\\\/uploads\\\/2021\\\/03\\\/hotel-le-garage_footer-logo-arch.png\",\"contentUrl\":\"https:\\\/\\\/www.hotel-garage-biarritz.fr\\\/wp-content\\\/uploads\\\/2021\\\/03\\\/hotel-le-garage_footer-logo-arch.png\",\"width\":524,\"height\":707,\"caption\":\"H\u00f4tel Le Garage\"},\"image\":{\"@id\":\"https:\\\/\\\/www.hotel-garage-biarritz.fr\\\/#\\\/schema\\\/logo\\\/image\\\/\"},\"sameAs\":[\"https:\\\/\\\/www.instagram.com\\\/garagebiarritz\\\/\"]}]}<\/script>\n<!-- \/ Yoast SEO plugin. -->","yoast_head_json":{"title":"Hotel con encanto - Le Garage","robots":{"index":"index","follow":"follow","max-snippet":"max-snippet:-1","max-image-preview":"max-image-preview:large","max-video-preview":"max-video-preview:-1"},"canonical":"https:\/\/www.hotel-garage-biarritz.fr\/es\/hotel-de-charme\/","og_locale":"es_ES","og_type":"article","og_title":"Hotel con encanto - Le Garage","og_description":"Hotel con encanto a Biarritz : Bienvenido al Garage \u00bfBuscas un hotel con encanto en Biarritz?M\u00e1s que un lugar donde dejar la maleta, Le Garage Biarritz es un hotel boutique con personalidad, nacido de un antiguo garaje de coches cl\u00e1sicos transformado en un refugio neo-retro. Aqu\u00ed, la elegancia relajada de la costa vasca se encuentra&hellip; Continue reading Hotel con encanto","og_url":"https:\/\/www.hotel-garage-biarritz.fr\/es\/hotel-de-charme\/","og_site_name":"Le Garage","article_modified_time":"2025-09-25T13:07:36+00:00","og_image":[{"url":"https:\/\/www.hotel-garage-biarritz.fr\/wp-content\/themes\/legaragebtz\/assets\/images\/hotel-de-charme\/hotel-le-garage_hotel-de-charme_top-spot.jpg","type":"","width":"","height":""}],"twitter_card":"summary_large_image","twitter_misc":{"Est. reading time":"7 minutes"},"schema":{"@context":"https:\/\/schema.org","@graph":[{"@type":"WebPage","@id":"https:\/\/www.hotel-garage-biarritz.fr\/es\/hotel-de-charme\/","url":"https:\/\/www.hotel-garage-biarritz.fr\/es\/hotel-de-charme\/","name":"Hotel con encanto - Le Garage","isPartOf":{"@id":"https:\/\/www.hotel-garage-biarritz.fr\/#website"},"primaryImageOfPage":{"@id":"https:\/\/www.hotel-garage-biarritz.fr\/es\/hotel-de-charme\/#primaryimage"},"image":{"@id":"https:\/\/www.hotel-garage-biarritz.fr\/es\/hotel-de-charme\/#primaryimage"},"thumbnailUrl":"https:\/\/www.hotel-garage-biarritz.fr\/wp-content\/themes\/legaragebtz\/assets\/images\/hotel-de-charme\/hotel-le-garage_hotel-de-charme_top-spot.jpg","datePublished":"2025-09-09T09:55:51+00:00","dateModified":"2025-09-25T13:07:36+00:00","breadcrumb":{"@id":"https:\/\/www.hotel-garage-biarritz.fr\/es\/hotel-de-charme\/#breadcrumb"},"inLanguage":"es-ES","potentialAction":[{"@type":"ReadAction","target":["https:\/\/www.hotel-garage-biarritz.fr\/es\/hotel-de-charme\/"]}]},{"@type":"ImageObject","inLanguage":"es-ES","@id":"https:\/\/www.hotel-garage-biarritz.fr\/es\/hotel-de-charme\/#primaryimage","url":"https:\/\/www.hotel-garage-biarritz.fr\/wp-content\/themes\/legaragebtz\/assets\/images\/hotel-de-charme\/hotel-le-garage_hotel-de-charme_top-spot.jpg","contentUrl":"https:\/\/www.hotel-garage-biarritz.fr\/wp-content\/themes\/legaragebtz\/assets\/images\/hotel-de-charme\/hotel-le-garage_hotel-de-charme_top-spot.jpg"},{"@type":"BreadcrumbList","@id":"https:\/\/www.hotel-garage-biarritz.fr\/es\/hotel-de-charme\/#breadcrumb","itemListElement":[{"@type":"ListItem","position":1,"name":"Accueil","item":"https:\/\/www.hotel-garage-biarritz.fr\/es\/"},{"@type":"ListItem","position":2,"name":"Hotel con encanto"}]},{"@type":"WebSite","@id":"https:\/\/www.hotel-garage-biarritz.fr\/#website","url":"https:\/\/www.hotel-garage-biarritz.fr\/","name":"Le Garage","description":"Biarritz","publisher":{"@id":"https:\/\/www.hotel-garage-biarritz.fr\/#organization"},"potentialAction":[{"@type":"SearchAction","target":{"@type":"EntryPoint","urlTemplate":"https:\/\/www.hotel-garage-biarritz.fr\/?s={search_term_string}"},"query-input":{"@type":"PropertyValueSpecification","valueRequired":true,"valueName":"search_term_string"}}],"inLanguage":"es-ES"},{"@type":"Organization","@id":"https:\/\/www.hotel-garage-biarritz.fr\/#organization","name":"H\u00f4tel Le Garage","url":"https:\/\/www.hotel-garage-biarritz.fr\/","logo":{"@type":"ImageObject","inLanguage":"es-ES","@id":"https:\/\/www.hotel-garage-biarritz.fr\/#\/schema\/logo\/image\/","url":"https:\/\/www.hotel-garage-biarritz.fr\/wp-content\/uploads\/2021\/03\/hotel-le-garage_footer-logo-arch.png","contentUrl":"https:\/\/www.hotel-garage-biarritz.fr\/wp-content\/uploads\/2021\/03\/hotel-le-garage_footer-logo-arch.png","width":524,"height":707,"caption":"H\u00f4tel Le Garage"},"image":{"@id":"https:\/\/www.hotel-garage-biarritz.fr\/#\/schema\/logo\/image\/"},"sameAs":["https:\/\/www.instagram.com\/garagebiarritz\/"]}]}},"_links":{"self":[{"href":"https:\/\/www.hotel-garage-biarritz.fr\/es\/wp-json\/wp\/v2\/pages\/4845","targetHints":{"allow":["GET"]}}],"collection":[{"href":"https:\/\/www.hotel-garage-biarritz.fr\/es\/wp-json\/wp\/v2\/pages"}],"about":[{"href":"https:\/\/www.hotel-garage-biarritz.fr\/es\/wp-json\/wp\/v2\/types\/page"}],"author":[{"embeddable":true,"href":"https:\/\/www.hotel-garage-biarritz.fr\/es\/wp-json\/wp\/v2\/users\/1"}],"replies":[{"embeddable":true,"href":"https:\/\/www.hotel-garage-biarritz.fr\/es\/wp-json\/wp\/v2\/comments?post=4845"}],"version-history":[{"count":3,"href":"https:\/\/www.hotel-garage-biarritz.fr\/es\/wp-json\/wp\/v2\/pages\/4845\/revisions"}],"predecessor-version":[{"id":4872,"href":"https:\/\/www.hotel-garage-biarritz.fr\/es\/wp-json\/wp\/v2\/pages\/4845\/revisions\/4872"}],"wp:attachment":[{"href":"https:\/\/www.hotel-garage-biarritz.fr\/es\/wp-json\/wp\/v2\/media?parent=4845"}],"curies":[{"name":"wp","href":"https:\/\/api.w.org\/{rel}","templated":true}]}}