{"id":2026,"date":"2021-07-07T13:43:58","date_gmt":"2021-07-07T11:43:58","guid":{"rendered":"https:\/\/www.hotel-garage-biarritz.fr\/petit-dejeuner-en-chambre\/"},"modified":"2021-07-07T13:43:58","modified_gmt":"2021-07-07T11:43:58","slug":"petit-dejeuner-en-chambre","status":"publish","type":"page","link":"https:\/\/www.hotel-garage-biarritz.fr\/es\/petit-dejeuner-en-chambre\/","title":{"rendered":"Petit d\u00e9jeuner en chambre"},"content":{"rendered":"\n<h1 class=\"wp-block-heading\">Petit d\u00e9jeuner en chambre<\/h1>\n\n\n\n<p>Petit d\u00e9jeuner au lit <em>\/ Breakky in bed<\/em><br>Pour vous faire livrer sans bouger le petit doigt <strong>remplissez la fiche sur le bureau<\/strong> et <strong>d\u00e9posez-la devant la porte avant 3h du matin <\/strong>s\u2019il vous pla\u00eet. <strong>Ou composez le 9.<\/strong><br><em>To have it delivered without moving a finger, fill out the form and hang it in front of the door * before 3 a.m<\/em>. Or dial 9.<\/p>\n\n\n\n<p>Le plus difficile est de choisir parmi les 3 formules <em>\/ The most difficult is to choose from these 3<\/em> :<\/p>\n\n\n\n<h3 class=\"wp-block-heading\"><strong>Le champion<\/strong><\/h3>\n\n\n\n<p>Assortiment de pains <em>\/ Selection of breads<\/em><br>Viennoiseries <em>\/ Croissants<\/em><br>Beurre et confiture <em>\/ Butter and jam<\/em><br>Brioche<br>G\u00e2teau basque <em>\/ Basque cake<\/em><br>Salade de fruits frais <em>\/ Fresh fruits salad<\/em><br>Yaourt nature <em>\/ Natural yoghurt<\/em><\/p>\n\n\n\n<h3 class=\"wp-block-heading\"><strong>Le marin<\/strong><\/h3>\n\n\n\n<p>Assortiment de pains <em>\/ Selection of breads<\/em><br>Toasts <em>\/ Toasts<\/em><br>Beurre <em>\/ Butter<\/em><br>Tranches de fromages <em>\/ Cheese slices<\/em><br>Truite fum\u00e9e des Pyr\u00e9n\u00e9es <em>\/ Pyrenean smoked trout<\/em><br>Jambon blanc <em>\/ Ham<\/em><br>Oeufs brouill\u00e9s <em>\/ scrambled eggs<\/em><\/p>\n\n\n\n<h3 class=\"wp-block-heading\"><strong>Le surfeur<\/strong><\/h3>\n\n\n\n<p>Assortiment de pains <em>\/ Selection of breads<\/em><br>Beurre et confiture <em>\/ Butter and jam<\/em><br>Granolas ou c\u00e9r\u00e9ales <em>\/ Granolas or cereals<\/em><br>Yaourt nature ou fromage blanc 0% ou Lait <em>\/ Natural yoghurt or 0% white cheese or milk<\/em><br>Salade de fruits frais <em>\/ Fresh fruits salad<\/em><br>Jambon blanc <em>\/ Ham<\/em><br>Tranches de fromages <em>\/ Cheese slices<\/em><\/p>\n\n\n\n<p>Caf\u00e9, chocolat chaud, th\u00e9 ou infusion et un jus d\u2019orange frais au choix<br><em>Coffee, hot chocolate, tea or herbal tea and a fresh orange juice ? let us know<\/em><\/p>\n\n\n\n<p><strong>20\u20ac TTC par personne<\/strong> (si votre tarif de chambre n\u2019inclut pas le petit d\u00e9jeuner)<br><em>20\u20ac VAT inc. per person (if your room rate does not include breakfast)<\/em><\/p>\n","protected":false},"excerpt":{"rendered":"<p>Petit d\u00e9jeuner en chambre Petit d\u00e9jeuner au lit \/ Breakky in bedPour vous faire livrer sans bouger le petit doigt remplissez la fiche sur le bureau et d\u00e9posez-la devant la porte avant 3h du matin s\u2019il vous pla\u00eet. Ou composez le 9.To have it delivered without moving a finger, fill out the form and hang&hellip; <a class=\"more-link\" href=\"https:\/\/www.hotel-garage-biarritz.fr\/es\/petit-dejeuner-en-chambre\/\">Continue reading <span class=\"screen-reader-text\">Petit d\u00e9jeuner en chambre<\/span><\/a><\/p>\n","protected":false},"author":1,"featured_media":0,"parent":0,"menu_order":0,"comment_status":"closed","ping_status":"closed","template":"","meta":{"footnotes":""},"class_list":["post-2026","page","type-page","status-publish","hentry","entry"],"yoast_head":"<!-- This site is optimized with the Yoast SEO plugin v27.4 - https:\/\/yoast.com\/product\/yoast-seo-wordpress\/ -->\n<title>Desayuno en habitaci\u00f3n en el Hotel Le Garage de Biarritz<\/title>\n<meta name=\"description\" content=\"El Hotel Le Garage de Biarritz le ofrece un servicio de desayuno en su habitaci\u00f3n con 3 sabrosas f\u00f3rmulas, para un momento de absoluta tranquilidad\" \/>\n<meta name=\"robots\" content=\"index, follow, max-snippet:-1, max-image-preview:large, max-video-preview:-1\" \/>\n<link rel=\"canonical\" href=\"https:\/\/www.hotel-garage-biarritz.fr\/petit-dejeuner-en-chambre\/\" \/>\n<meta property=\"og:locale\" content=\"es_ES\" \/>\n<meta property=\"og:type\" content=\"article\" \/>\n<meta property=\"og:title\" content=\"Desayuno en habitaci\u00f3n en el Hotel Le Garage de Biarritz\" \/>\n<meta property=\"og:description\" content=\"El Hotel Le Garage de Biarritz le ofrece un servicio de desayuno en su habitaci\u00f3n con 3 sabrosas f\u00f3rmulas, para un momento de absoluta tranquilidad\" \/>\n<meta property=\"og:url\" content=\"https:\/\/www.hotel-garage-biarritz.fr\/petit-dejeuner-en-chambre\/\" \/>\n<meta property=\"og:site_name\" content=\"Le Garage\" \/>\n<meta name=\"twitter:card\" content=\"summary_large_image\" \/>\n<meta name=\"twitter:label1\" content=\"Est. reading time\" \/>\n\t<meta name=\"twitter:data1\" content=\"1 minute\" \/>\n<script type=\"application\/ld+json\" class=\"yoast-schema-graph\">{\"@context\":\"https:\\\/\\\/schema.org\",\"@graph\":[{\"@type\":\"WebPage\",\"@id\":\"https:\\\/\\\/www.hotel-garage-biarritz.fr\\\/petit-dejeuner-en-chambre\\\/\",\"url\":\"https:\\\/\\\/www.hotel-garage-biarritz.fr\\\/petit-dejeuner-en-chambre\\\/\",\"name\":\"Desayuno en habitaci\u00f3n en el Hotel Le Garage de Biarritz\",\"isPartOf\":{\"@id\":\"https:\\\/\\\/www.hotel-garage-biarritz.fr\\\/#website\"},\"datePublished\":\"2021-07-07T11:43:58+00:00\",\"description\":\"El Hotel Le Garage de Biarritz le ofrece un servicio de desayuno en su habitaci\u00f3n con 3 sabrosas f\u00f3rmulas, para un momento de absoluta tranquilidad\",\"breadcrumb\":{\"@id\":\"https:\\\/\\\/www.hotel-garage-biarritz.fr\\\/petit-dejeuner-en-chambre\\\/#breadcrumb\"},\"inLanguage\":\"es-ES\",\"potentialAction\":[{\"@type\":\"ReadAction\",\"target\":[\"https:\\\/\\\/www.hotel-garage-biarritz.fr\\\/petit-dejeuner-en-chambre\\\/\"]}]},{\"@type\":\"BreadcrumbList\",\"@id\":\"https:\\\/\\\/www.hotel-garage-biarritz.fr\\\/petit-dejeuner-en-chambre\\\/#breadcrumb\",\"itemListElement\":[{\"@type\":\"ListItem\",\"position\":1,\"name\":\"Accueil\",\"item\":\"https:\\\/\\\/www.hotel-garage-biarritz.fr\\\/es\\\/\"},{\"@type\":\"ListItem\",\"position\":2,\"name\":\"Petit d\u00e9jeuner en chambre\"}]},{\"@type\":\"WebSite\",\"@id\":\"https:\\\/\\\/www.hotel-garage-biarritz.fr\\\/#website\",\"url\":\"https:\\\/\\\/www.hotel-garage-biarritz.fr\\\/\",\"name\":\"Le Garage\",\"description\":\"Biarritz\",\"publisher\":{\"@id\":\"https:\\\/\\\/www.hotel-garage-biarritz.fr\\\/#organization\"},\"potentialAction\":[{\"@type\":\"SearchAction\",\"target\":{\"@type\":\"EntryPoint\",\"urlTemplate\":\"https:\\\/\\\/www.hotel-garage-biarritz.fr\\\/?s={search_term_string}\"},\"query-input\":{\"@type\":\"PropertyValueSpecification\",\"valueRequired\":true,\"valueName\":\"search_term_string\"}}],\"inLanguage\":\"es-ES\"},{\"@type\":\"Organization\",\"@id\":\"https:\\\/\\\/www.hotel-garage-biarritz.fr\\\/#organization\",\"name\":\"H\u00f4tel Le Garage\",\"url\":\"https:\\\/\\\/www.hotel-garage-biarritz.fr\\\/\",\"logo\":{\"@type\":\"ImageObject\",\"inLanguage\":\"es-ES\",\"@id\":\"https:\\\/\\\/www.hotel-garage-biarritz.fr\\\/#\\\/schema\\\/logo\\\/image\\\/\",\"url\":\"https:\\\/\\\/www.hotel-garage-biarritz.fr\\\/wp-content\\\/uploads\\\/2021\\\/03\\\/hotel-le-garage_footer-logo-arch.png\",\"contentUrl\":\"https:\\\/\\\/www.hotel-garage-biarritz.fr\\\/wp-content\\\/uploads\\\/2021\\\/03\\\/hotel-le-garage_footer-logo-arch.png\",\"width\":524,\"height\":707,\"caption\":\"H\u00f4tel Le Garage\"},\"image\":{\"@id\":\"https:\\\/\\\/www.hotel-garage-biarritz.fr\\\/#\\\/schema\\\/logo\\\/image\\\/\"},\"sameAs\":[\"https:\\\/\\\/www.instagram.com\\\/garagebiarritz\\\/\"]}]}<\/script>\n<!-- \/ Yoast SEO plugin. -->","yoast_head_json":{"title":"Desayuno en habitaci\u00f3n en el Hotel Le Garage de Biarritz","description":"El Hotel Le Garage de Biarritz le ofrece un servicio de desayuno en su habitaci\u00f3n con 3 sabrosas f\u00f3rmulas, para un momento de absoluta tranquilidad","robots":{"index":"index","follow":"follow","max-snippet":"max-snippet:-1","max-image-preview":"max-image-preview:large","max-video-preview":"max-video-preview:-1"},"canonical":"https:\/\/www.hotel-garage-biarritz.fr\/petit-dejeuner-en-chambre\/","og_locale":"es_ES","og_type":"article","og_title":"Desayuno en habitaci\u00f3n en el Hotel Le Garage de Biarritz","og_description":"El Hotel Le Garage de Biarritz le ofrece un servicio de desayuno en su habitaci\u00f3n con 3 sabrosas f\u00f3rmulas, para un momento de absoluta tranquilidad","og_url":"https:\/\/www.hotel-garage-biarritz.fr\/petit-dejeuner-en-chambre\/","og_site_name":"Le Garage","twitter_card":"summary_large_image","twitter_misc":{"Est. reading time":"1 minute"},"schema":{"@context":"https:\/\/schema.org","@graph":[{"@type":"WebPage","@id":"https:\/\/www.hotel-garage-biarritz.fr\/petit-dejeuner-en-chambre\/","url":"https:\/\/www.hotel-garage-biarritz.fr\/petit-dejeuner-en-chambre\/","name":"Desayuno en habitaci\u00f3n en el Hotel Le Garage de Biarritz","isPartOf":{"@id":"https:\/\/www.hotel-garage-biarritz.fr\/#website"},"datePublished":"2021-07-07T11:43:58+00:00","description":"El Hotel Le Garage de Biarritz le ofrece un servicio de desayuno en su habitaci\u00f3n con 3 sabrosas f\u00f3rmulas, para un momento de absoluta tranquilidad","breadcrumb":{"@id":"https:\/\/www.hotel-garage-biarritz.fr\/petit-dejeuner-en-chambre\/#breadcrumb"},"inLanguage":"es-ES","potentialAction":[{"@type":"ReadAction","target":["https:\/\/www.hotel-garage-biarritz.fr\/petit-dejeuner-en-chambre\/"]}]},{"@type":"BreadcrumbList","@id":"https:\/\/www.hotel-garage-biarritz.fr\/petit-dejeuner-en-chambre\/#breadcrumb","itemListElement":[{"@type":"ListItem","position":1,"name":"Accueil","item":"https:\/\/www.hotel-garage-biarritz.fr\/es\/"},{"@type":"ListItem","position":2,"name":"Petit d\u00e9jeuner en chambre"}]},{"@type":"WebSite","@id":"https:\/\/www.hotel-garage-biarritz.fr\/#website","url":"https:\/\/www.hotel-garage-biarritz.fr\/","name":"Le Garage","description":"Biarritz","publisher":{"@id":"https:\/\/www.hotel-garage-biarritz.fr\/#organization"},"potentialAction":[{"@type":"SearchAction","target":{"@type":"EntryPoint","urlTemplate":"https:\/\/www.hotel-garage-biarritz.fr\/?s={search_term_string}"},"query-input":{"@type":"PropertyValueSpecification","valueRequired":true,"valueName":"search_term_string"}}],"inLanguage":"es-ES"},{"@type":"Organization","@id":"https:\/\/www.hotel-garage-biarritz.fr\/#organization","name":"H\u00f4tel Le Garage","url":"https:\/\/www.hotel-garage-biarritz.fr\/","logo":{"@type":"ImageObject","inLanguage":"es-ES","@id":"https:\/\/www.hotel-garage-biarritz.fr\/#\/schema\/logo\/image\/","url":"https:\/\/www.hotel-garage-biarritz.fr\/wp-content\/uploads\/2021\/03\/hotel-le-garage_footer-logo-arch.png","contentUrl":"https:\/\/www.hotel-garage-biarritz.fr\/wp-content\/uploads\/2021\/03\/hotel-le-garage_footer-logo-arch.png","width":524,"height":707,"caption":"H\u00f4tel Le Garage"},"image":{"@id":"https:\/\/www.hotel-garage-biarritz.fr\/#\/schema\/logo\/image\/"},"sameAs":["https:\/\/www.instagram.com\/garagebiarritz\/"]}]}},"_links":{"self":[{"href":"https:\/\/www.hotel-garage-biarritz.fr\/es\/wp-json\/wp\/v2\/pages\/2026","targetHints":{"allow":["GET"]}}],"collection":[{"href":"https:\/\/www.hotel-garage-biarritz.fr\/es\/wp-json\/wp\/v2\/pages"}],"about":[{"href":"https:\/\/www.hotel-garage-biarritz.fr\/es\/wp-json\/wp\/v2\/types\/page"}],"author":[{"embeddable":true,"href":"https:\/\/www.hotel-garage-biarritz.fr\/es\/wp-json\/wp\/v2\/users\/1"}],"replies":[{"embeddable":true,"href":"https:\/\/www.hotel-garage-biarritz.fr\/es\/wp-json\/wp\/v2\/comments?post=2026"}],"version-history":[{"count":0,"href":"https:\/\/www.hotel-garage-biarritz.fr\/es\/wp-json\/wp\/v2\/pages\/2026\/revisions"}],"wp:attachment":[{"href":"https:\/\/www.hotel-garage-biarritz.fr\/es\/wp-json\/wp\/v2\/media?parent=2026"}],"curies":[{"name":"wp","href":"https:\/\/api.w.org\/{rel}","templated":true}]}}