{"id":1883,"date":"2021-08-20T17:04:10","date_gmt":"2021-08-20T15:04:10","guid":{"rendered":"https:\/\/www.hotel-garage-biarritz.fr\/?page_id=1883"},"modified":"2022-02-17T16:34:04","modified_gmt":"2022-02-17T15:34:04","slug":"estacionamiento","status":"publish","type":"page","link":"https:\/\/www.hotel-garage-biarritz.fr\/es\/estacionamiento\/","title":{"rendered":"Estacionamiento"},"content":{"rendered":"\n<div class=\"wp-block-columns alignwide top-spot-type-columns home-top-spot-type-columns is-style-default is-layout-flex wp-container-core-columns-is-layout-9d6595d7 wp-block-columns-is-layout-flex\">\n<div class=\"wp-block-column top-spot-column-one is-layout-flow wp-block-column-is-layout-flow\">\n<figure class=\"wp-block-image size-full\"><img decoding=\"async\" src=\"https:\/\/www.hotel-garage-biarritz.fr\/wp-content\/themes\/legaragebtz\/assets\/images\/parking\/hotel-le-garage_parking_top-spot.jpg\" alt=\"Rochers Plage de Biarritz\"\/><\/figure>\n<\/div>\n\n\n\n<div class=\"wp-block-column top-spot-column-two is-layout-flow wp-block-column-is-layout-flow\">\n<div class=\"wp-block-group\"><div class=\"wp-block-group__inner-container is-layout-flow wp-block-group-is-layout-flow\"><\/div><\/div>\n<\/div>\n\n\n\n<div class=\"wp-block-column top-spot-column-three is-layout-flow wp-block-column-is-layout-flow\">\n<h1 class=\"wp-block-heading\">Estacionamiento Le Garage<\/h1>\n\n\n\n<p>\u00a1De nuevo en la carretera!&nbsp;Lleve su coche para su escapada de fin de semana en Biarritz sin ning\u00fan inconveniente.&nbsp;Idealmente situado en el centro de Biarritz y cerca de las playas, Le Garage dispone de un aparcamiento privado y seguro en el s\u00f3tano del hotel.<\/p>\n<\/div>\n<\/div>\n\n\n\n<div class=\"wp-block-columns is-style-default is-pays-basque-page-columns is-layout-flex wp-container-core-columns-is-layout-9d6595d7 wp-block-columns-is-layout-flex\">\n<div class=\"wp-block-column is-layout-flow wp-block-column-is-layout-flow\" style=\"flex-basis:33.33%\">\n<p>Llegar al Hotel Le Garage en su auto es un puro placer. En su camino hacia el suroeste podr\u00e1 admirar impresionantes paisajes a lo largo de la maravillosa costa vasca atl\u00e1ntica.<\/p>\n\n\n\n<p>Siguiendo la carretera de la cornisa desde Saint-Jean-de-Luz por un lado y Anglet-Bayonne por el otro, encontrar\u00e1 el hotel a medio camino entre el coraz\u00f3n de Biarritz, su famosa gran playa, y el barrio de Saint-Martin situado en las alturas, con vistas a la ciudad y al oc\u00e9ano. Su tiempo es precioso, y poder aparcar f\u00e1cilmente al llegar al lugar donde se aloja es esencial.<\/p>\n\n\n\n<p>El aparcamiento privado tiene una ubicaci\u00f3n privilegiada. Bajo tierra, acoger\u00e1 su veh\u00edculo en un lugar discreto y seguro, situado directamente en el s\u00f3tano del hotel.<\/p>\n<\/div>\n\n\n\n<p>El hotel Garage Biarritz -antigua casa de carruajes, garaje privado para los coches de colecci\u00f3n, de prestigio y deportivos de los hu\u00e9spedes del hotel R\u00e9gina contiguo, gasolinera y luego taller mec\u00e1nico- es un lugar cargado de historia donde el coche es un aut\u00e9ntico hilo conductor.<\/p>\n<\/div>\n\n\n\n<div class=\"wp-block-column is-layout-flow wp-block-column-is-layout-flow\" style=\"flex-basis:66.66%\">\n<figure class=\"wp-block-gallery has-nested-images columns-default is-cropped wp-block-gallery-1 is-layout-flex wp-block-gallery-is-layout-flex\">\n<figure class=\"wp-block-image size-large\"><img loading=\"lazy\" decoding=\"async\" width=\"683\" height=\"1024\" data-id=\"1583\" src=\"https:\/\/www.hotel-garage-biarritz.fr\/wp-content\/uploads\/2021\/09\/hotel-le-garage_parking_gallery_01-683x1024.jpg\" alt=\"\" class=\"wp-image-1583\" srcset=\"https:\/\/www.hotel-garage-biarritz.fr\/wp-content\/uploads\/2021\/09\/hotel-le-garage_parking_gallery_01-683x1024.jpg 683w, https:\/\/www.hotel-garage-biarritz.fr\/wp-content\/uploads\/2021\/09\/hotel-le-garage_parking_gallery_01-200x300.jpg 200w, https:\/\/www.hotel-garage-biarritz.fr\/wp-content\/uploads\/2021\/09\/hotel-le-garage_parking_gallery_01-768x1152.jpg 768w, https:\/\/www.hotel-garage-biarritz.fr\/wp-content\/uploads\/2021\/09\/hotel-le-garage_parking_gallery_01.jpg 800w\" sizes=\"auto, (max-width: 683px) 100vw, 683px\" \/><\/figure>\n\n\n\n<figure class=\"wp-block-image size-large\"><img loading=\"lazy\" decoding=\"async\" width=\"683\" height=\"1024\" data-id=\"1585\" src=\"https:\/\/www.hotel-garage-biarritz.fr\/wp-content\/uploads\/2021\/09\/hotel-le-garage_parking_gallery_02-683x1024.jpg\" alt=\"\" class=\"wp-image-1585\" srcset=\"https:\/\/www.hotel-garage-biarritz.fr\/wp-content\/uploads\/2021\/09\/hotel-le-garage_parking_gallery_02-683x1024.jpg 683w, https:\/\/www.hotel-garage-biarritz.fr\/wp-content\/uploads\/2021\/09\/hotel-le-garage_parking_gallery_02-200x300.jpg 200w, https:\/\/www.hotel-garage-biarritz.fr\/wp-content\/uploads\/2021\/09\/hotel-le-garage_parking_gallery_02-768x1152.jpg 768w, https:\/\/www.hotel-garage-biarritz.fr\/wp-content\/uploads\/2021\/09\/hotel-le-garage_parking_gallery_02.jpg 800w\" sizes=\"auto, (max-width: 683px) 100vw, 683px\" \/><\/figure>\n\n\n\n<figure class=\"wp-block-image size-large\"><img loading=\"lazy\" decoding=\"async\" width=\"683\" height=\"1024\" data-id=\"1587\" src=\"https:\/\/www.hotel-garage-biarritz.fr\/wp-content\/uploads\/2021\/09\/hotel-le-garage_parking_gallery_03-683x1024.jpg\" alt=\"\" class=\"wp-image-1587\" srcset=\"https:\/\/www.hotel-garage-biarritz.fr\/wp-content\/uploads\/2021\/09\/hotel-le-garage_parking_gallery_03-683x1024.jpg 683w, https:\/\/www.hotel-garage-biarritz.fr\/wp-content\/uploads\/2021\/09\/hotel-le-garage_parking_gallery_03-200x300.jpg 200w, https:\/\/www.hotel-garage-biarritz.fr\/wp-content\/uploads\/2021\/09\/hotel-le-garage_parking_gallery_03-768x1152.jpg 768w, https:\/\/www.hotel-garage-biarritz.fr\/wp-content\/uploads\/2021\/09\/hotel-le-garage_parking_gallery_03.jpg 800w\" sizes=\"auto, (max-width: 683px) 100vw, 683px\" \/><\/figure>\n<\/figure>\n<\/div>\n\n\n<p><!-- \/wp:post-content --><\/p>","protected":false},"excerpt":{"rendered":"<p>Estacionamiento Le Garage \u00a1De nuevo en la carretera!&nbsp;Lleve su coche para su escapada de fin de semana en Biarritz sin ning\u00fan inconveniente.&nbsp;Idealmente situado en el centro de Biarritz y cerca de las playas, Le Garage dispone de un aparcamiento privado y seguro en el s\u00f3tano del hotel. Llegar al Hotel Le Garage en su auto&hellip; <a class=\"more-link\" href=\"https:\/\/www.hotel-garage-biarritz.fr\/es\/estacionamiento\/\">Continue reading <span class=\"screen-reader-text\">Estacionamiento<\/span><\/a><\/p>\n","protected":false},"author":1,"featured_media":0,"parent":0,"menu_order":0,"comment_status":"closed","ping_status":"closed","template":"","meta":{"footnotes":""},"class_list":["post-1883","page","type-page","status-publish","hentry","entry"],"yoast_head":"<!-- This site is optimized with the Yoast SEO plugin v27.5 - https:\/\/yoast.com\/product\/yoast-seo-wordpress\/ -->\n<title>Hotel con parking cerca del centro de Biarritz | Le Garage<\/title>\n<meta name=\"description\" content=\"Para facilitar su estancia, el Hotel, situado cerca del centro de Biarritz, ofrece a sus hu\u00e9spedes un aparcamiento privado\" \/>\n<meta name=\"robots\" content=\"index, follow, max-snippet:-1, max-image-preview:large, max-video-preview:-1\" \/>\n<link rel=\"canonical\" href=\"https:\/\/www.hotel-garage-biarritz.fr\/parking\/\" \/>\n<meta property=\"og:locale\" content=\"es_ES\" \/>\n<meta property=\"og:type\" content=\"article\" \/>\n<meta property=\"og:title\" content=\"Hotel con parking cerca del centro de Biarritz | Le Garage\" \/>\n<meta property=\"og:description\" content=\"Para facilitar su estancia, el Hotel, situado cerca del centro de Biarritz, ofrece a sus hu\u00e9spedes un aparcamiento privado\" \/>\n<meta property=\"og:url\" content=\"https:\/\/www.hotel-garage-biarritz.fr\/parking\/\" \/>\n<meta property=\"og:site_name\" content=\"Le Garage\" \/>\n<meta property=\"article:modified_time\" content=\"2022-02-17T15:34:04+00:00\" \/>\n<meta property=\"og:image\" content=\"https:\/\/www.hotel-garage-biarritz.fr\/wp-content\/themes\/legaragebtz\/assets\/images\/parking\/hotel-le-garage_parking_top-spot.jpg\" \/>\n<meta name=\"twitter:card\" content=\"summary_large_image\" \/>\n<meta name=\"twitter:label1\" content=\"Est. reading time\" \/>\n\t<meta name=\"twitter:data1\" content=\"2 minutes\" \/>\n<script type=\"application\/ld+json\" class=\"yoast-schema-graph\">{\"@context\":\"https:\\\/\\\/schema.org\",\"@graph\":[{\"@type\":\"WebPage\",\"@id\":\"https:\\\/\\\/www.hotel-garage-biarritz.fr\\\/parking\\\/\",\"url\":\"https:\\\/\\\/www.hotel-garage-biarritz.fr\\\/parking\\\/\",\"name\":\"Hotel con parking cerca del centro de Biarritz | Le Garage\",\"isPartOf\":{\"@id\":\"https:\\\/\\\/www.hotel-garage-biarritz.fr\\\/#website\"},\"primaryImageOfPage\":{\"@id\":\"https:\\\/\\\/www.hotel-garage-biarritz.fr\\\/parking\\\/#primaryimage\"},\"image\":{\"@id\":\"https:\\\/\\\/www.hotel-garage-biarritz.fr\\\/parking\\\/#primaryimage\"},\"thumbnailUrl\":\"https:\\\/\\\/www.hotel-garage-biarritz.fr\\\/wp-content\\\/themes\\\/legaragebtz\\\/assets\\\/images\\\/parking\\\/hotel-le-garage_parking_top-spot.jpg\",\"datePublished\":\"2021-08-20T15:04:10+00:00\",\"dateModified\":\"2022-02-17T15:34:04+00:00\",\"description\":\"Para facilitar su estancia, el Hotel, situado cerca del centro de Biarritz, ofrece a sus hu\u00e9spedes un aparcamiento privado\",\"breadcrumb\":{\"@id\":\"https:\\\/\\\/www.hotel-garage-biarritz.fr\\\/parking\\\/#breadcrumb\"},\"inLanguage\":\"es-ES\",\"potentialAction\":[{\"@type\":\"ReadAction\",\"target\":[\"https:\\\/\\\/www.hotel-garage-biarritz.fr\\\/parking\\\/\"]}]},{\"@type\":\"ImageObject\",\"inLanguage\":\"es-ES\",\"@id\":\"https:\\\/\\\/www.hotel-garage-biarritz.fr\\\/parking\\\/#primaryimage\",\"url\":\"https:\\\/\\\/www.hotel-garage-biarritz.fr\\\/wp-content\\\/themes\\\/legaragebtz\\\/assets\\\/images\\\/parking\\\/hotel-le-garage_parking_top-spot.jpg\",\"contentUrl\":\"https:\\\/\\\/www.hotel-garage-biarritz.fr\\\/wp-content\\\/themes\\\/legaragebtz\\\/assets\\\/images\\\/parking\\\/hotel-le-garage_parking_top-spot.jpg\"},{\"@type\":\"BreadcrumbList\",\"@id\":\"https:\\\/\\\/www.hotel-garage-biarritz.fr\\\/parking\\\/#breadcrumb\",\"itemListElement\":[{\"@type\":\"ListItem\",\"position\":1,\"name\":\"Accueil\",\"item\":\"https:\\\/\\\/www.hotel-garage-biarritz.fr\\\/es\\\/\"},{\"@type\":\"ListItem\",\"position\":2,\"name\":\"Estacionamiento\"}]},{\"@type\":\"WebSite\",\"@id\":\"https:\\\/\\\/www.hotel-garage-biarritz.fr\\\/#website\",\"url\":\"https:\\\/\\\/www.hotel-garage-biarritz.fr\\\/\",\"name\":\"Le Garage\",\"description\":\"Biarritz\",\"publisher\":{\"@id\":\"https:\\\/\\\/www.hotel-garage-biarritz.fr\\\/#organization\"},\"potentialAction\":[{\"@type\":\"SearchAction\",\"target\":{\"@type\":\"EntryPoint\",\"urlTemplate\":\"https:\\\/\\\/www.hotel-garage-biarritz.fr\\\/?s={search_term_string}\"},\"query-input\":{\"@type\":\"PropertyValueSpecification\",\"valueRequired\":true,\"valueName\":\"search_term_string\"}}],\"inLanguage\":\"es-ES\"},{\"@type\":\"Organization\",\"@id\":\"https:\\\/\\\/www.hotel-garage-biarritz.fr\\\/#organization\",\"name\":\"H\u00f4tel Le Garage\",\"url\":\"https:\\\/\\\/www.hotel-garage-biarritz.fr\\\/\",\"logo\":{\"@type\":\"ImageObject\",\"inLanguage\":\"es-ES\",\"@id\":\"https:\\\/\\\/www.hotel-garage-biarritz.fr\\\/#\\\/schema\\\/logo\\\/image\\\/\",\"url\":\"https:\\\/\\\/www.hotel-garage-biarritz.fr\\\/wp-content\\\/uploads\\\/2021\\\/03\\\/hotel-le-garage_footer-logo-arch.png\",\"contentUrl\":\"https:\\\/\\\/www.hotel-garage-biarritz.fr\\\/wp-content\\\/uploads\\\/2021\\\/03\\\/hotel-le-garage_footer-logo-arch.png\",\"width\":524,\"height\":707,\"caption\":\"H\u00f4tel Le Garage\"},\"image\":{\"@id\":\"https:\\\/\\\/www.hotel-garage-biarritz.fr\\\/#\\\/schema\\\/logo\\\/image\\\/\"},\"sameAs\":[\"https:\\\/\\\/www.instagram.com\\\/garagebiarritz\\\/\"]}]}<\/script>\n<!-- \/ Yoast SEO plugin. -->","yoast_head_json":{"title":"Hotel con parking cerca del centro de Biarritz | Le Garage","description":"Para facilitar su estancia, el Hotel, situado cerca del centro de Biarritz, ofrece a sus hu\u00e9spedes un aparcamiento privado","robots":{"index":"index","follow":"follow","max-snippet":"max-snippet:-1","max-image-preview":"max-image-preview:large","max-video-preview":"max-video-preview:-1"},"canonical":"https:\/\/www.hotel-garage-biarritz.fr\/parking\/","og_locale":"es_ES","og_type":"article","og_title":"Hotel con parking cerca del centro de Biarritz | Le Garage","og_description":"Para facilitar su estancia, el Hotel, situado cerca del centro de Biarritz, ofrece a sus hu\u00e9spedes un aparcamiento privado","og_url":"https:\/\/www.hotel-garage-biarritz.fr\/parking\/","og_site_name":"Le Garage","article_modified_time":"2022-02-17T15:34:04+00:00","og_image":[{"url":"https:\/\/www.hotel-garage-biarritz.fr\/wp-content\/themes\/legaragebtz\/assets\/images\/parking\/hotel-le-garage_parking_top-spot.jpg","type":"","width":"","height":""}],"twitter_card":"summary_large_image","twitter_misc":{"Est. reading time":"2 minutes"},"schema":{"@context":"https:\/\/schema.org","@graph":[{"@type":"WebPage","@id":"https:\/\/www.hotel-garage-biarritz.fr\/parking\/","url":"https:\/\/www.hotel-garage-biarritz.fr\/parking\/","name":"Hotel con parking cerca del centro de Biarritz | Le Garage","isPartOf":{"@id":"https:\/\/www.hotel-garage-biarritz.fr\/#website"},"primaryImageOfPage":{"@id":"https:\/\/www.hotel-garage-biarritz.fr\/parking\/#primaryimage"},"image":{"@id":"https:\/\/www.hotel-garage-biarritz.fr\/parking\/#primaryimage"},"thumbnailUrl":"https:\/\/www.hotel-garage-biarritz.fr\/wp-content\/themes\/legaragebtz\/assets\/images\/parking\/hotel-le-garage_parking_top-spot.jpg","datePublished":"2021-08-20T15:04:10+00:00","dateModified":"2022-02-17T15:34:04+00:00","description":"Para facilitar su estancia, el Hotel, situado cerca del centro de Biarritz, ofrece a sus hu\u00e9spedes un aparcamiento privado","breadcrumb":{"@id":"https:\/\/www.hotel-garage-biarritz.fr\/parking\/#breadcrumb"},"inLanguage":"es-ES","potentialAction":[{"@type":"ReadAction","target":["https:\/\/www.hotel-garage-biarritz.fr\/parking\/"]}]},{"@type":"ImageObject","inLanguage":"es-ES","@id":"https:\/\/www.hotel-garage-biarritz.fr\/parking\/#primaryimage","url":"https:\/\/www.hotel-garage-biarritz.fr\/wp-content\/themes\/legaragebtz\/assets\/images\/parking\/hotel-le-garage_parking_top-spot.jpg","contentUrl":"https:\/\/www.hotel-garage-biarritz.fr\/wp-content\/themes\/legaragebtz\/assets\/images\/parking\/hotel-le-garage_parking_top-spot.jpg"},{"@type":"BreadcrumbList","@id":"https:\/\/www.hotel-garage-biarritz.fr\/parking\/#breadcrumb","itemListElement":[{"@type":"ListItem","position":1,"name":"Accueil","item":"https:\/\/www.hotel-garage-biarritz.fr\/es\/"},{"@type":"ListItem","position":2,"name":"Estacionamiento"}]},{"@type":"WebSite","@id":"https:\/\/www.hotel-garage-biarritz.fr\/#website","url":"https:\/\/www.hotel-garage-biarritz.fr\/","name":"Le Garage","description":"Biarritz","publisher":{"@id":"https:\/\/www.hotel-garage-biarritz.fr\/#organization"},"potentialAction":[{"@type":"SearchAction","target":{"@type":"EntryPoint","urlTemplate":"https:\/\/www.hotel-garage-biarritz.fr\/?s={search_term_string}"},"query-input":{"@type":"PropertyValueSpecification","valueRequired":true,"valueName":"search_term_string"}}],"inLanguage":"es-ES"},{"@type":"Organization","@id":"https:\/\/www.hotel-garage-biarritz.fr\/#organization","name":"H\u00f4tel Le Garage","url":"https:\/\/www.hotel-garage-biarritz.fr\/","logo":{"@type":"ImageObject","inLanguage":"es-ES","@id":"https:\/\/www.hotel-garage-biarritz.fr\/#\/schema\/logo\/image\/","url":"https:\/\/www.hotel-garage-biarritz.fr\/wp-content\/uploads\/2021\/03\/hotel-le-garage_footer-logo-arch.png","contentUrl":"https:\/\/www.hotel-garage-biarritz.fr\/wp-content\/uploads\/2021\/03\/hotel-le-garage_footer-logo-arch.png","width":524,"height":707,"caption":"H\u00f4tel Le Garage"},"image":{"@id":"https:\/\/www.hotel-garage-biarritz.fr\/#\/schema\/logo\/image\/"},"sameAs":["https:\/\/www.instagram.com\/garagebiarritz\/"]}]}},"_links":{"self":[{"href":"https:\/\/www.hotel-garage-biarritz.fr\/es\/wp-json\/wp\/v2\/pages\/1883","targetHints":{"allow":["GET"]}}],"collection":[{"href":"https:\/\/www.hotel-garage-biarritz.fr\/es\/wp-json\/wp\/v2\/pages"}],"about":[{"href":"https:\/\/www.hotel-garage-biarritz.fr\/es\/wp-json\/wp\/v2\/types\/page"}],"author":[{"embeddable":true,"href":"https:\/\/www.hotel-garage-biarritz.fr\/es\/wp-json\/wp\/v2\/users\/1"}],"replies":[{"embeddable":true,"href":"https:\/\/www.hotel-garage-biarritz.fr\/es\/wp-json\/wp\/v2\/comments?post=1883"}],"version-history":[{"count":0,"href":"https:\/\/www.hotel-garage-biarritz.fr\/es\/wp-json\/wp\/v2\/pages\/1883\/revisions"}],"wp:attachment":[{"href":"https:\/\/www.hotel-garage-biarritz.fr\/es\/wp-json\/wp\/v2\/media?parent=1883"}],"curies":[{"name":"wp","href":"https:\/\/api.w.org\/{rel}","templated":true}]}}