{"id":1862,"date":"2021-08-20T14:54:17","date_gmt":"2021-08-20T12:54:17","guid":{"rendered":"https:\/\/www.hotel-garage-biarritz.fr\/?page_id=1862"},"modified":"2025-08-14T16:24:49","modified_gmt":"2025-08-14T14:24:49","slug":"los","status":"publish","type":"page","link":"https:\/\/www.hotel-garage-biarritz.fr\/es\/los\/","title":{"rendered":"Justo al frente"},"content":{"rendered":"\n<div class=\"wp-block-columns alignwide home-top-spot-type-columns is-style-default is-layout-flex wp-container-core-columns-is-layout-9d6595d7 wp-block-columns-is-layout-flex\">\n<div class=\"wp-block-column top-spot-column-one is-layout-flow wp-block-column-is-layout-flow\">\n<figure class=\"wp-block-image size-full\"><img decoding=\"async\" src=\"https:\/\/www.hotel-garage-biarritz.fr\/wp-content\/themes\/legaragebtz\/assets\/images\/les-plus\/hotel-le-garage_les-plus_top-spot.jpg\" alt=\"Vue a\u00e9rienne Vieux port de Biarritz\"\/><\/figure>\n<\/div>\n\n\n\n<div class=\"wp-block-column top-spot-column-two is-layout-flow wp-block-column-is-layout-flow\">\n<div class=\"wp-block-group\"><div class=\"wp-block-group__inner-container is-layout-flow wp-block-group-is-layout-flow\"><\/div><\/div>\n<\/div>\n\n\n\n<div class=\"wp-block-column top-spot-column-three is-layout-flow wp-block-column-is-layout-flow\">\n<h1 class=\"wp-block-heading\" id=\"las-ventajas\">Regina Experimental Biarritz<\/h1>\n\n\n\n<p>Para preparar su estancia y disfrutar de su escapada, ya sea para un fin de semana rom\u00e1ntico o para organizar su reuni\u00f3n de negocios, colaboramos con el hotel R\u00e9gina Experimental, situado a dos pasos. Esta es su oportunidad de reservar un momento s\u00f3lo para relajarse y recargarse en el Spa. Para las empresas, el Hotel R\u00e9gina dispone de salas de reuniones para organizar sus eventos, comit\u00e9s de direcci\u00f3n y seminarios en el Pa\u00eds Vasco Frances.  Y si quiere llegar con total tranquilidad, el Garage dispone de un aparcamiento subterr\u00e1neo donde podr\u00e1 dejar su veh\u00edculo y salir a pie a descubrir las playas m\u00e1s bonitas de Biarritz.<\/p>\n<\/div>\n<\/div>\n\n\n\n<div class=\"wp-block-columns alignwide type-1-spotlight-columns situation-type-1-spotlight-columns is-style-default is-layout-flex wp-container-core-columns-is-layout-9d6595d7 wp-block-columns-is-layout-flex\">\n<div class=\"wp-block-column type-1-spotlight-column-one is-layout-flow wp-block-column-is-layout-flow\">\n<h3 class=\"wp-block-heading\" id=\"spa-by-sothys-en-regina-biarritz\">Spa en el Regina Experimental<\/h3>\n\n\n\n<p>Como un homenaje a la dulzura de la vida, en Le Garage se privilegian los placeres sencillos con los amigos o la familia en el marco \u00fanico de la costa vasca francesa. Animado por el incesante espect\u00e1culo de la naturaleza, vivir\u00e1 una hermosa escapada en la estaci\u00f3n balnearia.<\/p>\n\n\n\n<p><a href=\"https:\/\/www.hotel-garage-biarritz.fr\/spa-hotel-partenaire\/\">Leer mas<\/a><\/p>\n<\/div>\n\n\n\n<div class=\"wp-block-column type-1-spotlight-column-two is-layout-flow wp-block-column-is-layout-flow\">\n<figure class=\"wp-block-image size-full\"><img decoding=\"async\" src=\"https:\/\/www.hotel-garage-biarritz.fr\/wp-content\/themes\/legaragebtz\/assets\/images\/les-plus\/hotel-le-garage_les-plus_01.jpg\" alt=\"Montagnes Pays Basque\"\/><\/figure>\n<\/div>\n<\/div>\n\n\n\n<div class=\"wp-block-columns alignwide type-2-spotlight-columns situation-type-2-spotlight-columns is-style-default is-layout-flex wp-container-core-columns-is-layout-9d6595d7 wp-block-columns-is-layout-flex\">\n<div class=\"wp-block-column type-2-spotlight-column-one is-layout-flow wp-block-column-is-layout-flow\">\n<figure class=\"wp-block-image size-full\"><img decoding=\"async\" src=\"https:\/\/www.hotel-garage-biarritz.fr\/wp-content\/themes\/legaragebtz\/assets\/images\/les-plus\/hotel-le-garage_les-plus_02.jpg\" alt=\"Plage de Biarritz\"\/><\/figure>\n<\/div>\n\n\n\n<div class=\"wp-block-column type-2-spotlight-column-two is-layout-flow wp-block-column-is-layout-flow\">\n<figure class=\"wp-block-image size-full\"><img decoding=\"async\" src=\"https:\/\/www.hotel-garage-biarritz.fr\/wp-content\/themes\/legaragebtz\/assets\/images\/les-plus\/hotel-le-garage_les-plus_03.jpg\" alt=\"Surfeurs Biarritz\"\/><\/figure>\n<\/div>\n\n\n\n<div class=\"wp-block-column type-2-spotlight-column-three is-layout-flow wp-block-column-is-layout-flow\">\n<h3 class=\"wp-block-heading\" id=\"seminarios-en-el-hotel-regina-biarritz\">Seminarios en el hotel Regina Experimental<\/h3>\n\n\n\n<p>El hotel Le Garage, situado en el centro de Biarritz, a s\u00f3lo 8 minutos del aeropuerto de Biarritz y a 10 minutos de la estaci\u00f3n de tren en traslado, le ofrece un lugar privilegiado para trabajar y relajarse en el suroeste de Francia&#8230;<\/p>\n\n\n\n<p><a href=\"https:\/\/www.hotel-garage-biarritz.fr\/seminaire-hotel-partenaire\/\">Leer mas<\/a><\/p>\n<\/div>\n<\/div>\n\n\n\n<div class=\"wp-block-columns alignwide type-3-spotlight-columns situation-type-3-spotlight-columns is-style-default is-layout-flex wp-container-core-columns-is-layout-9d6595d7 wp-block-columns-is-layout-flex\">\n<div class=\"wp-block-column type-3-spotlight-column-one is-layout-flow wp-block-column-is-layout-flow\">\n<h3 class=\"wp-block-heading\" id=\"estacionamiento-le-garage\">Estacionamiento Le Garage<\/h3>\n\n\n\n<p>\u00a1De nuevo en la carretera!&nbsp;Lleve su coche para su escapada de fin de semana en Biarritz sin ning\u00fan inconveniente.&nbsp;Idealmente situado en el centro de Biarritz y cerca de las playas, Le Garage dispone de un aparcamiento privado y seguro en el s\u00f3tano del hotel.<\/p>\n\n\n\n<p><a href=\"https:\/\/www.hotel-garage-biarritz.fr\/parking\/\">Leer mas<\/a><\/p>\n<\/div>\n\n\n\n<div class=\"wp-block-column type-3-spotlight-column-two is-layout-flow wp-block-column-is-layout-flow\">\n<figure class=\"wp-block-image size-full\"><img decoding=\"async\" src=\"https:\/\/www.hotel-garage-biarritz.fr\/wp-content\/themes\/legaragebtz\/assets\/images\/les-plus\/hotel-le-garage_les-plus_04.jpg\" alt=\"Green di Golf de Biarritz\"\/><\/figure>\n<\/div>\n\n\n\n<div class=\"wp-block-column type-3-spotlight-column-three is-layout-flow wp-block-column-is-layout-flow\">\n<figure class=\"wp-block-image size-full\"><img decoding=\"async\" src=\"https:\/\/www.hotel-garage-biarritz.fr\/wp-content\/themes\/legaragebtz\/assets\/images\/les-plus\/hotel-le-garage_les-plus_05.jpg\" alt=\"Balle de golf Biarritz\"\/><\/figure>\n<\/div>\n<\/div>\n","protected":false},"excerpt":{"rendered":"<p>Regina Experimental Biarritz Para preparar su estancia y disfrutar de su escapada, ya sea para un fin de semana rom\u00e1ntico o para organizar su reuni\u00f3n de negocios, colaboramos con el hotel R\u00e9gina Experimental, situado a dos pasos. Esta es su oportunidad de reservar un momento s\u00f3lo para relajarse y recargarse en el Spa. Para las&hellip; <a class=\"more-link\" href=\"https:\/\/www.hotel-garage-biarritz.fr\/es\/los\/\">Continue reading <span class=\"screen-reader-text\">Justo al frente<\/span><\/a><\/p>\n","protected":false},"author":1,"featured_media":0,"parent":0,"menu_order":0,"comment_status":"closed","ping_status":"closed","template":"","meta":{"footnotes":""},"class_list":["post-1862","page","type-page","status-publish","hentry","entry"],"yoast_head":"<!-- This site is optimized with the Yoast SEO plugin v27.4 - https:\/\/yoast.com\/product\/yoast-seo-wordpress\/ -->\n<title>Hotel en Biarritz : Le Garage | Las Ventajas del hotel<\/title>\n<meta name=\"description\" content=\"Para hacer su estancia en el Hotel Le Garage en Biarritz a\u00fan m\u00e1s agradable, descubra nuestros servicios adicionales: Spa del Regina, parking privado...\" \/>\n<meta name=\"robots\" content=\"index, follow, max-snippet:-1, max-image-preview:large, max-video-preview:-1\" \/>\n<link rel=\"canonical\" href=\"https:\/\/www.hotel-garage-biarritz.fr\/es\/los\/\" \/>\n<meta property=\"og:locale\" content=\"es_ES\" \/>\n<meta property=\"og:type\" content=\"article\" \/>\n<meta property=\"og:title\" content=\"Hotel en Biarritz : Le Garage | Las Ventajas del hotel\" \/>\n<meta property=\"og:description\" content=\"Para hacer su estancia en el Hotel Le Garage en Biarritz a\u00fan m\u00e1s agradable, descubra nuestros servicios adicionales: Spa del Regina, parking privado...\" \/>\n<meta property=\"og:url\" content=\"https:\/\/www.hotel-garage-biarritz.fr\/es\/los\/\" \/>\n<meta property=\"og:site_name\" content=\"Le Garage\" \/>\n<meta property=\"article:modified_time\" content=\"2025-08-14T14:24:49+00:00\" \/>\n<meta property=\"og:image\" content=\"https:\/\/www.hotel-garage-biarritz.fr\/wp-content\/themes\/legaragebtz\/assets\/images\/les-plus\/hotel-le-garage_les-plus_top-spot.jpg\" \/>\n<meta name=\"twitter:card\" content=\"summary_large_image\" \/>\n<meta name=\"twitter:label1\" content=\"Est. reading time\" \/>\n\t<meta name=\"twitter:data1\" content=\"3 minutes\" \/>\n<script type=\"application\/ld+json\" class=\"yoast-schema-graph\">{\"@context\":\"https:\\\/\\\/schema.org\",\"@graph\":[{\"@type\":\"WebPage\",\"@id\":\"https:\\\/\\\/www.hotel-garage-biarritz.fr\\\/es\\\/los\\\/\",\"url\":\"https:\\\/\\\/www.hotel-garage-biarritz.fr\\\/es\\\/los\\\/\",\"name\":\"Hotel en Biarritz : Le Garage | Las Ventajas del hotel\",\"isPartOf\":{\"@id\":\"https:\\\/\\\/www.hotel-garage-biarritz.fr\\\/#website\"},\"primaryImageOfPage\":{\"@id\":\"https:\\\/\\\/www.hotel-garage-biarritz.fr\\\/es\\\/los\\\/#primaryimage\"},\"image\":{\"@id\":\"https:\\\/\\\/www.hotel-garage-biarritz.fr\\\/es\\\/los\\\/#primaryimage\"},\"thumbnailUrl\":\"https:\\\/\\\/www.hotel-garage-biarritz.fr\\\/wp-content\\\/themes\\\/legaragebtz\\\/assets\\\/images\\\/les-plus\\\/hotel-le-garage_les-plus_top-spot.jpg\",\"datePublished\":\"2021-08-20T12:54:17+00:00\",\"dateModified\":\"2025-08-14T14:24:49+00:00\",\"description\":\"Para hacer su estancia en el Hotel Le Garage en Biarritz a\u00fan m\u00e1s agradable, descubra nuestros servicios adicionales: Spa del Regina, parking privado...\",\"breadcrumb\":{\"@id\":\"https:\\\/\\\/www.hotel-garage-biarritz.fr\\\/es\\\/los\\\/#breadcrumb\"},\"inLanguage\":\"es-ES\",\"potentialAction\":[{\"@type\":\"ReadAction\",\"target\":[\"https:\\\/\\\/www.hotel-garage-biarritz.fr\\\/es\\\/los\\\/\"]}]},{\"@type\":\"ImageObject\",\"inLanguage\":\"es-ES\",\"@id\":\"https:\\\/\\\/www.hotel-garage-biarritz.fr\\\/es\\\/los\\\/#primaryimage\",\"url\":\"https:\\\/\\\/www.hotel-garage-biarritz.fr\\\/wp-content\\\/themes\\\/legaragebtz\\\/assets\\\/images\\\/les-plus\\\/hotel-le-garage_les-plus_top-spot.jpg\",\"contentUrl\":\"https:\\\/\\\/www.hotel-garage-biarritz.fr\\\/wp-content\\\/themes\\\/legaragebtz\\\/assets\\\/images\\\/les-plus\\\/hotel-le-garage_les-plus_top-spot.jpg\"},{\"@type\":\"BreadcrumbList\",\"@id\":\"https:\\\/\\\/www.hotel-garage-biarritz.fr\\\/es\\\/los\\\/#breadcrumb\",\"itemListElement\":[{\"@type\":\"ListItem\",\"position\":1,\"name\":\"Accueil\",\"item\":\"https:\\\/\\\/www.hotel-garage-biarritz.fr\\\/es\\\/\"},{\"@type\":\"ListItem\",\"position\":2,\"name\":\"Justo al frente\"}]},{\"@type\":\"WebSite\",\"@id\":\"https:\\\/\\\/www.hotel-garage-biarritz.fr\\\/#website\",\"url\":\"https:\\\/\\\/www.hotel-garage-biarritz.fr\\\/\",\"name\":\"Le Garage\",\"description\":\"Biarritz\",\"publisher\":{\"@id\":\"https:\\\/\\\/www.hotel-garage-biarritz.fr\\\/#organization\"},\"potentialAction\":[{\"@type\":\"SearchAction\",\"target\":{\"@type\":\"EntryPoint\",\"urlTemplate\":\"https:\\\/\\\/www.hotel-garage-biarritz.fr\\\/?s={search_term_string}\"},\"query-input\":{\"@type\":\"PropertyValueSpecification\",\"valueRequired\":true,\"valueName\":\"search_term_string\"}}],\"inLanguage\":\"es-ES\"},{\"@type\":\"Organization\",\"@id\":\"https:\\\/\\\/www.hotel-garage-biarritz.fr\\\/#organization\",\"name\":\"H\u00f4tel Le Garage\",\"url\":\"https:\\\/\\\/www.hotel-garage-biarritz.fr\\\/\",\"logo\":{\"@type\":\"ImageObject\",\"inLanguage\":\"es-ES\",\"@id\":\"https:\\\/\\\/www.hotel-garage-biarritz.fr\\\/#\\\/schema\\\/logo\\\/image\\\/\",\"url\":\"https:\\\/\\\/www.hotel-garage-biarritz.fr\\\/wp-content\\\/uploads\\\/2021\\\/03\\\/hotel-le-garage_footer-logo-arch.png\",\"contentUrl\":\"https:\\\/\\\/www.hotel-garage-biarritz.fr\\\/wp-content\\\/uploads\\\/2021\\\/03\\\/hotel-le-garage_footer-logo-arch.png\",\"width\":524,\"height\":707,\"caption\":\"H\u00f4tel Le Garage\"},\"image\":{\"@id\":\"https:\\\/\\\/www.hotel-garage-biarritz.fr\\\/#\\\/schema\\\/logo\\\/image\\\/\"},\"sameAs\":[\"https:\\\/\\\/www.instagram.com\\\/garagebiarritz\\\/\"]}]}<\/script>\n<!-- \/ Yoast SEO plugin. -->","yoast_head_json":{"title":"Hotel en Biarritz : Le Garage | Las Ventajas del hotel","description":"Para hacer su estancia en el Hotel Le Garage en Biarritz a\u00fan m\u00e1s agradable, descubra nuestros servicios adicionales: Spa del Regina, parking privado...","robots":{"index":"index","follow":"follow","max-snippet":"max-snippet:-1","max-image-preview":"max-image-preview:large","max-video-preview":"max-video-preview:-1"},"canonical":"https:\/\/www.hotel-garage-biarritz.fr\/es\/los\/","og_locale":"es_ES","og_type":"article","og_title":"Hotel en Biarritz : Le Garage | Las Ventajas del hotel","og_description":"Para hacer su estancia en el Hotel Le Garage en Biarritz a\u00fan m\u00e1s agradable, descubra nuestros servicios adicionales: Spa del Regina, parking privado...","og_url":"https:\/\/www.hotel-garage-biarritz.fr\/es\/los\/","og_site_name":"Le Garage","article_modified_time":"2025-08-14T14:24:49+00:00","og_image":[{"url":"https:\/\/www.hotel-garage-biarritz.fr\/wp-content\/themes\/legaragebtz\/assets\/images\/les-plus\/hotel-le-garage_les-plus_top-spot.jpg","type":"","width":"","height":""}],"twitter_card":"summary_large_image","twitter_misc":{"Est. reading time":"3 minutes"},"schema":{"@context":"https:\/\/schema.org","@graph":[{"@type":"WebPage","@id":"https:\/\/www.hotel-garage-biarritz.fr\/es\/los\/","url":"https:\/\/www.hotel-garage-biarritz.fr\/es\/los\/","name":"Hotel en Biarritz : Le Garage | Las Ventajas del hotel","isPartOf":{"@id":"https:\/\/www.hotel-garage-biarritz.fr\/#website"},"primaryImageOfPage":{"@id":"https:\/\/www.hotel-garage-biarritz.fr\/es\/los\/#primaryimage"},"image":{"@id":"https:\/\/www.hotel-garage-biarritz.fr\/es\/los\/#primaryimage"},"thumbnailUrl":"https:\/\/www.hotel-garage-biarritz.fr\/wp-content\/themes\/legaragebtz\/assets\/images\/les-plus\/hotel-le-garage_les-plus_top-spot.jpg","datePublished":"2021-08-20T12:54:17+00:00","dateModified":"2025-08-14T14:24:49+00:00","description":"Para hacer su estancia en el Hotel Le Garage en Biarritz a\u00fan m\u00e1s agradable, descubra nuestros servicios adicionales: Spa del Regina, parking privado...","breadcrumb":{"@id":"https:\/\/www.hotel-garage-biarritz.fr\/es\/los\/#breadcrumb"},"inLanguage":"es-ES","potentialAction":[{"@type":"ReadAction","target":["https:\/\/www.hotel-garage-biarritz.fr\/es\/los\/"]}]},{"@type":"ImageObject","inLanguage":"es-ES","@id":"https:\/\/www.hotel-garage-biarritz.fr\/es\/los\/#primaryimage","url":"https:\/\/www.hotel-garage-biarritz.fr\/wp-content\/themes\/legaragebtz\/assets\/images\/les-plus\/hotel-le-garage_les-plus_top-spot.jpg","contentUrl":"https:\/\/www.hotel-garage-biarritz.fr\/wp-content\/themes\/legaragebtz\/assets\/images\/les-plus\/hotel-le-garage_les-plus_top-spot.jpg"},{"@type":"BreadcrumbList","@id":"https:\/\/www.hotel-garage-biarritz.fr\/es\/los\/#breadcrumb","itemListElement":[{"@type":"ListItem","position":1,"name":"Accueil","item":"https:\/\/www.hotel-garage-biarritz.fr\/es\/"},{"@type":"ListItem","position":2,"name":"Justo al frente"}]},{"@type":"WebSite","@id":"https:\/\/www.hotel-garage-biarritz.fr\/#website","url":"https:\/\/www.hotel-garage-biarritz.fr\/","name":"Le Garage","description":"Biarritz","publisher":{"@id":"https:\/\/www.hotel-garage-biarritz.fr\/#organization"},"potentialAction":[{"@type":"SearchAction","target":{"@type":"EntryPoint","urlTemplate":"https:\/\/www.hotel-garage-biarritz.fr\/?s={search_term_string}"},"query-input":{"@type":"PropertyValueSpecification","valueRequired":true,"valueName":"search_term_string"}}],"inLanguage":"es-ES"},{"@type":"Organization","@id":"https:\/\/www.hotel-garage-biarritz.fr\/#organization","name":"H\u00f4tel Le Garage","url":"https:\/\/www.hotel-garage-biarritz.fr\/","logo":{"@type":"ImageObject","inLanguage":"es-ES","@id":"https:\/\/www.hotel-garage-biarritz.fr\/#\/schema\/logo\/image\/","url":"https:\/\/www.hotel-garage-biarritz.fr\/wp-content\/uploads\/2021\/03\/hotel-le-garage_footer-logo-arch.png","contentUrl":"https:\/\/www.hotel-garage-biarritz.fr\/wp-content\/uploads\/2021\/03\/hotel-le-garage_footer-logo-arch.png","width":524,"height":707,"caption":"H\u00f4tel Le Garage"},"image":{"@id":"https:\/\/www.hotel-garage-biarritz.fr\/#\/schema\/logo\/image\/"},"sameAs":["https:\/\/www.instagram.com\/garagebiarritz\/"]}]}},"_links":{"self":[{"href":"https:\/\/www.hotel-garage-biarritz.fr\/es\/wp-json\/wp\/v2\/pages\/1862","targetHints":{"allow":["GET"]}}],"collection":[{"href":"https:\/\/www.hotel-garage-biarritz.fr\/es\/wp-json\/wp\/v2\/pages"}],"about":[{"href":"https:\/\/www.hotel-garage-biarritz.fr\/es\/wp-json\/wp\/v2\/types\/page"}],"author":[{"embeddable":true,"href":"https:\/\/www.hotel-garage-biarritz.fr\/es\/wp-json\/wp\/v2\/users\/1"}],"replies":[{"embeddable":true,"href":"https:\/\/www.hotel-garage-biarritz.fr\/es\/wp-json\/wp\/v2\/comments?post=1862"}],"version-history":[{"count":2,"href":"https:\/\/www.hotel-garage-biarritz.fr\/es\/wp-json\/wp\/v2\/pages\/1862\/revisions"}],"predecessor-version":[{"id":4714,"href":"https:\/\/www.hotel-garage-biarritz.fr\/es\/wp-json\/wp\/v2\/pages\/1862\/revisions\/4714"}],"wp:attachment":[{"href":"https:\/\/www.hotel-garage-biarritz.fr\/es\/wp-json\/wp\/v2\/media?parent=1862"}],"curies":[{"name":"wp","href":"https:\/\/api.w.org\/{rel}","templated":true}]}}