{"id":1837,"date":"2021-02-25T13:17:02","date_gmt":"2021-02-25T12:17:02","guid":{"rendered":"https:\/\/www.hotel-garage-biarritz.fr\/?page_id=1837"},"modified":"2025-04-25T15:11:05","modified_gmt":"2025-04-25T13:11:05","slug":"golf","status":"publish","type":"page","link":"https:\/\/www.hotel-garage-biarritz.fr\/es\/golf\/","title":{"rendered":"Golf"},"content":{"rendered":"\n<div class=\"wp-block-columns alignwide top-spot-type-columns home-top-spot-type-columns is-style-default is-layout-flex wp-container-core-columns-is-layout-9d6595d7 wp-block-columns-is-layout-flex\">\n<div class=\"wp-block-column top-spot-column-one is-layout-flow wp-block-column-is-layout-flow\">\n<figure class=\"wp-block-image size-full\"><img decoding=\"async\" src=\"https:\/\/www.hotel-garage-biarritz.fr\/wp-content\/themes\/legaragebtz\/assets\/images\/golf\/hotel-le-garage_s golf_top-spot.jpg\" alt=\"Vu a\u00e9rienne golf de Biarritz - Hotel Le Garage\"\/><\/figure>\n<\/div>\n\n\n\n<div class=\"wp-block-column top-spot-column-two is-layout-flow wp-block-column-is-layout-flow\">\n<div class=\"wp-block-group\"><div class=\"wp-block-group__inner-container is-layout-flow wp-block-group-is-layout-flow\"><\/div><\/div>\n<\/div>\n\n\n\n<div class=\"wp-block-column top-spot-column-three is-layout-flow wp-block-column-is-layout-flow\">\n<h1 class=\"wp-block-heading\" id=\"une-histoire-de-mecanique-et-d-aeronautique\">En el Green de Biarritz<\/h1>\n\n\n\n<p>Para los amantes del golf, Biarritz les encantar\u00e1. Imag\u00ednese, 16 magn\u00edficos campos de golf en un radio de 100 km y a menos de una hora. El hotel de 4 estrellas Le Garage Biarritz est\u00e1 situado muy cerca del Golf de Biarritz Le Phare, este campo de 18 hoyos es el segundo m\u00e1s antiguo del continente, que ya recibi\u00f3 a sus primeros jugadores en 1888. Cien a\u00f1os despu\u00e9s, naci\u00f3 el Centro Internacional de Entrenamiento de Ilbarritz y sus cuatro escuelas de golf, un complejo \u00fanico en Europa por la belleza de su emplazamiento y su nivel t\u00e9cnico.<\/p>\n<\/div>\n<\/div>\n\n\n\n<div class=\"wp-block-columns alignwide type-1-spotlight-columns is-golf-page-columns golf-type-1-spotlight-columns is-style-default is-layout-flex wp-container-core-columns-is-layout-9d6595d7 wp-block-columns-is-layout-flex\">\n<div class=\"wp-block-column type-1-spotlight-column-one is-layout-flow wp-block-column-is-layout-flow\">\n<h3 class=\"wp-block-heading\" id=\"au-debut-des-annees-1900\">Para una escapada de golf en el Pa\u00eds Vasco,<\/h3>\n\n\n\n<p>Biarritz ofrece hermosos campos verdes y monta\u00f1osos con impresionantes vistas al mar o a la monta\u00f1a. 4 campos de golf de 18 hoyos en un radio de 20 km alrededor del hotel: Golf de la Nivelle en Ciboure, Arcangues, Chantaco, Chiberta, Ilbarritz (9 hoyos)\u2026 Tantos campos de golf de renombre y car\u00e1cter que no le dejar\u00e1n indiferente. Aficionados o confirmados, aprovechen su estancia en Le Garage Biarritz para reservar un campo de golf y perfeccionar su t\u00e9cnica. Encuentra la f\u00f3rmula de las clases de golf con los <a href=\"https:\/\/golfbiarritz.com\/fr\/enseignants\" target=\"_blank\" rel=\"noreferrer noopener\">profesores de Golf<\/a>.<\/p>\n<\/div>\n\n\n\n<div class=\"wp-block-column type-1-spotlight-column-two is-layout-flow wp-block-column-is-layout-flow\">\n<figure class=\"wp-block-image size-full\"><img decoding=\"async\" src=\"https:\/\/www.hotel-garage-biarritz.fr\/wp-content\/themes\/legaragebtz\/assets\/images\/golf\/hotel-le-garage_golf_01.jpg\" alt=\"D\u00e9tails fa\u00e7ade Garage Regina \u00e0 Biarritz\"\/><\/figure>\n<\/div>\n<\/div>\n\n\n\n<div class=\"wp-block-columns alignwide type-2-spotlight-columns is-golf-page-columns golf-type-2-spotlight-columns is-style-default is-layout-flex wp-container-core-columns-is-layout-9d6595d7 wp-block-columns-is-layout-flex\">\n<div class=\"wp-block-column type-2-spotlight-column-one is-layout-flow wp-block-column-is-layout-flow\">\n<figure class=\"wp-block-image size-full\"><img decoding=\"async\" src=\"https:\/\/www.hotel-garage-biarritz.fr\/wp-content\/themes\/legaragebtz\/assets\/images\/golf\/hotel-le-garage_golf_02.jpg\" alt=\"Int\u00e9rieur A\u00e9roclub Basque \u00e0 Biarritz\"\/><\/figure>\n<\/div>\n\n\n\n<div class=\"wp-block-column type-2-spotlight-column-two is-layout-flow wp-block-column-is-layout-flow\">\n<figure class=\"wp-block-image size-full\"><img decoding=\"async\" src=\"https:\/\/www.hotel-garage-biarritz.fr\/wp-content\/themes\/legaragebtz\/assets\/images\/golf\/hotel-le-garage_golf_03.jpg\" alt=\"A\u00e9roclub Basque \u00e0 Biarritz\"\/><\/figure>\n<\/div>\n\n\n\n<div class=\"wp-block-column type-2-spotlight-column-three is-layout-flow wp-block-column-is-layout-flow\">\n<h3 class=\"wp-block-heading\" id=\"au-debut-des-annees-1980\">Tu estancia de golf<\/h3>\n\n\n\n<p>El hotel Le Garage Biarritz da la bienvenida a los golfistas para que disfruten de todos los encantos del suroeste, momentos de relax en la piscina exterior climatizada y Thalasso cercanas, magn\u00edficas playas de arena fina donde practicar deportes acu\u00e1ticos, hermosas mesas gastron\u00f3micas con estrellas. Los + que ofrece nuestro hotel, <a href=\"https:\/\/golfbiarritz.com\/\" target=\"_blank\" rel=\"noreferrer noopener\">el Golf du Phare<\/a> se encuentra a solo 5 minutos a pie del hotel, reservamos su Green fee a una tarifa preferencial. Simplemente cont\u00e1ctenos una vez que se haya realizado la reserva de su estad\u00eda para informarnos la hora de salida deseada. Para aprovechar varios campos de golf de la regi\u00f3n. <a href=\"https:\/\/en.biarritz-destination-golf.com\/south-west-france-golf-pass\/\" target=\"_blank\" rel=\"noreferrer noopener\">Informaci\u00f3n y precios<\/a>.<\/p>\n<\/div>\n<\/div>\n\n\n\n<div class=\"wp-block-columns alignwide type-3-spotlight-columns is-golf-page-columns golf-type-3-spotlight-columns is-style-default is-layout-flex wp-container-core-columns-is-layout-9d6595d7 wp-block-columns-is-layout-flex\">\n<div class=\"wp-block-column type-3-spotlight-column-one is-layout-flow wp-block-column-is-layout-flow\">\n<h3 class=\"wp-block-heading\" id=\"en-2018\">Gastronom\u00eda y relax<\/h3>\n\n\n\n<p>Los servicios del hotel se adaptan a tus necesidades: <a href=\"https:\/\/www.hotel-garage-biarritz.fr\/carte-neo-bistrot-piscine\/\">carta de snacks<\/a> est\u00e1 disponible por la tarde a la vuelta de tu viaje, los snacks y sabrosos snacks se sirven al aire libre en las tumbonas de nuestro oasis urbano. Para el almuerzo y la cena, nuestro chef ofrece platos sabrosos y relajados que muestran productos del Pa\u00eds Vasco. <a href=\"https:\/\/www.hotel-garage-biarritz.fr\/es\/piscina\/\">La piscina climatizada<\/a> en temporada y abierta desde Semana Santa hasta Todos los Santos invita a relajarse, disfrutar de un momento de tranquilidad a la sombra de una palmera. Para prolongar el placer El <a href=\"https:\/\/hotelregina-biarritz.com\/fr\/menu\/spa\/reserver-un-soin\" target=\"_blank\" rel=\"noreferrer noopener\">Spa Sothys<\/a> de nuestro hotel asociado \u2013 Le Regina Biarritz (ubicado enfrente), ofrece un men\u00fa de tratamientos relajantes o deportivos.<\/p>\n<\/div>\n\n\n\n<div class=\"wp-block-column type-3-spotlight-column-two is-layout-flow wp-block-column-is-layout-flow\">\n<figure class=\"wp-block-image size-full\"><img decoding=\"async\" src=\"https:\/\/www.hotel-garage-biarritz.fr\/wp-content\/themes\/legaragebtz\/assets\/images\/golf\/hotel-le-garage_golf_04.jpg\" alt=\"Surfeurs coucher du soleil Biarritz\"\/><\/figure>\n<\/div>\n\n\n\n<div class=\"wp-block-column type-3-spotlight-column-three is-layout-flow wp-block-column-is-layout-flow\">\n<figure class=\"wp-block-image size-full\"><img decoding=\"async\" src=\"https:\/\/www.hotel-garage-biarritz.fr\/wp-content\/themes\/legaragebtz\/assets\/images\/golf\/hotel-le-garage_golf_05.jpg\" alt=\"Esquisse fa\u00e7ade H\u00f4tel Le Garage \u00e0 Biarritz\"\/><\/figure>\n<\/div>\n<\/div>\n","protected":false},"excerpt":{"rendered":"<p>En el Green de Biarritz Para los amantes del golf, Biarritz les encantar\u00e1. Imag\u00ednese, 16 magn\u00edficos campos de golf en un radio de 100 km y a menos de una hora. El hotel de 4 estrellas Le Garage Biarritz est\u00e1 situado muy cerca del Golf de Biarritz Le Phare, este campo de 18 hoyos es&hellip; <a class=\"more-link\" href=\"https:\/\/www.hotel-garage-biarritz.fr\/es\/golf\/\">Continue reading <span class=\"screen-reader-text\">Golf<\/span><\/a><\/p>\n","protected":false},"author":1,"featured_media":0,"parent":0,"menu_order":0,"comment_status":"closed","ping_status":"closed","template":"","meta":{"footnotes":""},"class_list":["post-1837","page","type-page","status-publish","hentry","entry"],"yoast_head":"<!-- This site is optimized with the Yoast SEO plugin v27.5 - https:\/\/yoast.com\/product\/yoast-seo-wordpress\/ -->\n<title>Estancia Golf en el Pa\u00eds Vasco | Hotel Le Garage en Biarritz<\/title>\n<meta name=\"description\" content=\"Situado a dos pasos del campo de golf de Biarritz, el hotel Le Garage le acoge en un ambiente lujoso y relajado para una estancia de golf en el Pa\u00eds Vasco.\" \/>\n<meta name=\"robots\" content=\"index, follow, max-snippet:-1, max-image-preview:large, max-video-preview:-1\" \/>\n<link rel=\"canonical\" href=\"https:\/\/www.hotel-garage-biarritz.fr\/es\/golf\/\" \/>\n<meta property=\"og:locale\" content=\"es_ES\" \/>\n<meta property=\"og:type\" content=\"article\" \/>\n<meta property=\"og:title\" content=\"Estancia Golf en el Pa\u00eds Vasco | Hotel Le Garage en Biarritz\" \/>\n<meta property=\"og:description\" content=\"Situado a dos pasos del campo de golf de Biarritz, el hotel Le Garage le acoge en un ambiente lujoso y relajado para una estancia de golf en el Pa\u00eds Vasco.\" \/>\n<meta property=\"og:url\" content=\"https:\/\/www.hotel-garage-biarritz.fr\/es\/golf\/\" \/>\n<meta property=\"og:site_name\" content=\"Le Garage\" \/>\n<meta property=\"article:modified_time\" content=\"2025-04-25T13:11:05+00:00\" \/>\n<meta property=\"og:image\" content=\"https:\/\/www.hotel-garage-biarritz.fr\/wp-content\/themes\/legaragebtz\/assets\/images\/golf\/hotel-le-garage_golf_01.jpg\" \/>\n<meta name=\"twitter:card\" content=\"summary_large_image\" \/>\n<meta name=\"twitter:label1\" content=\"Est. reading time\" \/>\n\t<meta name=\"twitter:data1\" content=\"4 minutes\" \/>\n<script type=\"application\/ld+json\" class=\"yoast-schema-graph\">{\"@context\":\"https:\\\/\\\/schema.org\",\"@graph\":[{\"@type\":\"WebPage\",\"@id\":\"https:\\\/\\\/www.hotel-garage-biarritz.fr\\\/es\\\/golf\\\/\",\"url\":\"https:\\\/\\\/www.hotel-garage-biarritz.fr\\\/es\\\/golf\\\/\",\"name\":\"Estancia Golf en el Pa\u00eds Vasco | Hotel Le Garage en Biarritz\",\"isPartOf\":{\"@id\":\"https:\\\/\\\/www.hotel-garage-biarritz.fr\\\/#website\"},\"primaryImageOfPage\":{\"@id\":\"https:\\\/\\\/www.hotel-garage-biarritz.fr\\\/es\\\/golf\\\/#primaryimage\"},\"image\":{\"@id\":\"https:\\\/\\\/www.hotel-garage-biarritz.fr\\\/es\\\/golf\\\/#primaryimage\"},\"thumbnailUrl\":\"https:\\\/\\\/www.hotel-garage-biarritz.fr\\\/wp-content\\\/themes\\\/legaragebtz\\\/assets\\\/images\\\/golf\\\/hotel-le-garage_golf_01.jpg\",\"datePublished\":\"2021-02-25T12:17:02+00:00\",\"dateModified\":\"2025-04-25T13:11:05+00:00\",\"description\":\"Situado a dos pasos del campo de golf de Biarritz, el hotel Le Garage le acoge en un ambiente lujoso y relajado para una estancia de golf en el Pa\u00eds Vasco.\",\"breadcrumb\":{\"@id\":\"https:\\\/\\\/www.hotel-garage-biarritz.fr\\\/es\\\/golf\\\/#breadcrumb\"},\"inLanguage\":\"es-ES\",\"potentialAction\":[{\"@type\":\"ReadAction\",\"target\":[\"https:\\\/\\\/www.hotel-garage-biarritz.fr\\\/es\\\/golf\\\/\"]}]},{\"@type\":\"ImageObject\",\"inLanguage\":\"es-ES\",\"@id\":\"https:\\\/\\\/www.hotel-garage-biarritz.fr\\\/es\\\/golf\\\/#primaryimage\",\"url\":\"https:\\\/\\\/www.hotel-garage-biarritz.fr\\\/wp-content\\\/themes\\\/legaragebtz\\\/assets\\\/images\\\/golf\\\/hotel-le-garage_golf_01.jpg\",\"contentUrl\":\"https:\\\/\\\/www.hotel-garage-biarritz.fr\\\/wp-content\\\/themes\\\/legaragebtz\\\/assets\\\/images\\\/golf\\\/hotel-le-garage_golf_01.jpg\"},{\"@type\":\"BreadcrumbList\",\"@id\":\"https:\\\/\\\/www.hotel-garage-biarritz.fr\\\/es\\\/golf\\\/#breadcrumb\",\"itemListElement\":[{\"@type\":\"ListItem\",\"position\":1,\"name\":\"Accueil\",\"item\":\"https:\\\/\\\/www.hotel-garage-biarritz.fr\\\/es\\\/\"},{\"@type\":\"ListItem\",\"position\":2,\"name\":\"Golf\"}]},{\"@type\":\"WebSite\",\"@id\":\"https:\\\/\\\/www.hotel-garage-biarritz.fr\\\/#website\",\"url\":\"https:\\\/\\\/www.hotel-garage-biarritz.fr\\\/\",\"name\":\"Le Garage\",\"description\":\"Biarritz\",\"publisher\":{\"@id\":\"https:\\\/\\\/www.hotel-garage-biarritz.fr\\\/#organization\"},\"potentialAction\":[{\"@type\":\"SearchAction\",\"target\":{\"@type\":\"EntryPoint\",\"urlTemplate\":\"https:\\\/\\\/www.hotel-garage-biarritz.fr\\\/?s={search_term_string}\"},\"query-input\":{\"@type\":\"PropertyValueSpecification\",\"valueRequired\":true,\"valueName\":\"search_term_string\"}}],\"inLanguage\":\"es-ES\"},{\"@type\":\"Organization\",\"@id\":\"https:\\\/\\\/www.hotel-garage-biarritz.fr\\\/#organization\",\"name\":\"H\u00f4tel Le Garage\",\"url\":\"https:\\\/\\\/www.hotel-garage-biarritz.fr\\\/\",\"logo\":{\"@type\":\"ImageObject\",\"inLanguage\":\"es-ES\",\"@id\":\"https:\\\/\\\/www.hotel-garage-biarritz.fr\\\/#\\\/schema\\\/logo\\\/image\\\/\",\"url\":\"https:\\\/\\\/www.hotel-garage-biarritz.fr\\\/wp-content\\\/uploads\\\/2021\\\/03\\\/hotel-le-garage_footer-logo-arch.png\",\"contentUrl\":\"https:\\\/\\\/www.hotel-garage-biarritz.fr\\\/wp-content\\\/uploads\\\/2021\\\/03\\\/hotel-le-garage_footer-logo-arch.png\",\"width\":524,\"height\":707,\"caption\":\"H\u00f4tel Le Garage\"},\"image\":{\"@id\":\"https:\\\/\\\/www.hotel-garage-biarritz.fr\\\/#\\\/schema\\\/logo\\\/image\\\/\"},\"sameAs\":[\"https:\\\/\\\/www.instagram.com\\\/garagebiarritz\\\/\"]}]}<\/script>\n<!-- \/ Yoast SEO plugin. -->","yoast_head_json":{"title":"Estancia Golf en el Pa\u00eds Vasco | Hotel Le Garage en Biarritz","description":"Situado a dos pasos del campo de golf de Biarritz, el hotel Le Garage le acoge en un ambiente lujoso y relajado para una estancia de golf en el Pa\u00eds Vasco.","robots":{"index":"index","follow":"follow","max-snippet":"max-snippet:-1","max-image-preview":"max-image-preview:large","max-video-preview":"max-video-preview:-1"},"canonical":"https:\/\/www.hotel-garage-biarritz.fr\/es\/golf\/","og_locale":"es_ES","og_type":"article","og_title":"Estancia Golf en el Pa\u00eds Vasco | Hotel Le Garage en Biarritz","og_description":"Situado a dos pasos del campo de golf de Biarritz, el hotel Le Garage le acoge en un ambiente lujoso y relajado para una estancia de golf en el Pa\u00eds Vasco.","og_url":"https:\/\/www.hotel-garage-biarritz.fr\/es\/golf\/","og_site_name":"Le Garage","article_modified_time":"2025-04-25T13:11:05+00:00","og_image":[{"url":"https:\/\/www.hotel-garage-biarritz.fr\/wp-content\/themes\/legaragebtz\/assets\/images\/golf\/hotel-le-garage_golf_01.jpg","type":"","width":"","height":""}],"twitter_card":"summary_large_image","twitter_misc":{"Est. reading time":"4 minutes"},"schema":{"@context":"https:\/\/schema.org","@graph":[{"@type":"WebPage","@id":"https:\/\/www.hotel-garage-biarritz.fr\/es\/golf\/","url":"https:\/\/www.hotel-garage-biarritz.fr\/es\/golf\/","name":"Estancia Golf en el Pa\u00eds Vasco | Hotel Le Garage en Biarritz","isPartOf":{"@id":"https:\/\/www.hotel-garage-biarritz.fr\/#website"},"primaryImageOfPage":{"@id":"https:\/\/www.hotel-garage-biarritz.fr\/es\/golf\/#primaryimage"},"image":{"@id":"https:\/\/www.hotel-garage-biarritz.fr\/es\/golf\/#primaryimage"},"thumbnailUrl":"https:\/\/www.hotel-garage-biarritz.fr\/wp-content\/themes\/legaragebtz\/assets\/images\/golf\/hotel-le-garage_golf_01.jpg","datePublished":"2021-02-25T12:17:02+00:00","dateModified":"2025-04-25T13:11:05+00:00","description":"Situado a dos pasos del campo de golf de Biarritz, el hotel Le Garage le acoge en un ambiente lujoso y relajado para una estancia de golf en el Pa\u00eds Vasco.","breadcrumb":{"@id":"https:\/\/www.hotel-garage-biarritz.fr\/es\/golf\/#breadcrumb"},"inLanguage":"es-ES","potentialAction":[{"@type":"ReadAction","target":["https:\/\/www.hotel-garage-biarritz.fr\/es\/golf\/"]}]},{"@type":"ImageObject","inLanguage":"es-ES","@id":"https:\/\/www.hotel-garage-biarritz.fr\/es\/golf\/#primaryimage","url":"https:\/\/www.hotel-garage-biarritz.fr\/wp-content\/themes\/legaragebtz\/assets\/images\/golf\/hotel-le-garage_golf_01.jpg","contentUrl":"https:\/\/www.hotel-garage-biarritz.fr\/wp-content\/themes\/legaragebtz\/assets\/images\/golf\/hotel-le-garage_golf_01.jpg"},{"@type":"BreadcrumbList","@id":"https:\/\/www.hotel-garage-biarritz.fr\/es\/golf\/#breadcrumb","itemListElement":[{"@type":"ListItem","position":1,"name":"Accueil","item":"https:\/\/www.hotel-garage-biarritz.fr\/es\/"},{"@type":"ListItem","position":2,"name":"Golf"}]},{"@type":"WebSite","@id":"https:\/\/www.hotel-garage-biarritz.fr\/#website","url":"https:\/\/www.hotel-garage-biarritz.fr\/","name":"Le Garage","description":"Biarritz","publisher":{"@id":"https:\/\/www.hotel-garage-biarritz.fr\/#organization"},"potentialAction":[{"@type":"SearchAction","target":{"@type":"EntryPoint","urlTemplate":"https:\/\/www.hotel-garage-biarritz.fr\/?s={search_term_string}"},"query-input":{"@type":"PropertyValueSpecification","valueRequired":true,"valueName":"search_term_string"}}],"inLanguage":"es-ES"},{"@type":"Organization","@id":"https:\/\/www.hotel-garage-biarritz.fr\/#organization","name":"H\u00f4tel Le Garage","url":"https:\/\/www.hotel-garage-biarritz.fr\/","logo":{"@type":"ImageObject","inLanguage":"es-ES","@id":"https:\/\/www.hotel-garage-biarritz.fr\/#\/schema\/logo\/image\/","url":"https:\/\/www.hotel-garage-biarritz.fr\/wp-content\/uploads\/2021\/03\/hotel-le-garage_footer-logo-arch.png","contentUrl":"https:\/\/www.hotel-garage-biarritz.fr\/wp-content\/uploads\/2021\/03\/hotel-le-garage_footer-logo-arch.png","width":524,"height":707,"caption":"H\u00f4tel Le Garage"},"image":{"@id":"https:\/\/www.hotel-garage-biarritz.fr\/#\/schema\/logo\/image\/"},"sameAs":["https:\/\/www.instagram.com\/garagebiarritz\/"]}]}},"_links":{"self":[{"href":"https:\/\/www.hotel-garage-biarritz.fr\/es\/wp-json\/wp\/v2\/pages\/1837","targetHints":{"allow":["GET"]}}],"collection":[{"href":"https:\/\/www.hotel-garage-biarritz.fr\/es\/wp-json\/wp\/v2\/pages"}],"about":[{"href":"https:\/\/www.hotel-garage-biarritz.fr\/es\/wp-json\/wp\/v2\/types\/page"}],"author":[{"embeddable":true,"href":"https:\/\/www.hotel-garage-biarritz.fr\/es\/wp-json\/wp\/v2\/users\/1"}],"replies":[{"embeddable":true,"href":"https:\/\/www.hotel-garage-biarritz.fr\/es\/wp-json\/wp\/v2\/comments?post=1837"}],"version-history":[{"count":1,"href":"https:\/\/www.hotel-garage-biarritz.fr\/es\/wp-json\/wp\/v2\/pages\/1837\/revisions"}],"predecessor-version":[{"id":4139,"href":"https:\/\/www.hotel-garage-biarritz.fr\/es\/wp-json\/wp\/v2\/pages\/1837\/revisions\/4139"}],"wp:attachment":[{"href":"https:\/\/www.hotel-garage-biarritz.fr\/es\/wp-json\/wp\/v2\/media?parent=1837"}],"curies":[{"name":"wp","href":"https:\/\/api.w.org\/{rel}","templated":true}]}}