{"id":1831,"date":"2021-02-17T14:00:40","date_gmt":"2021-02-17T13:00:40","guid":{"rendered":"https:\/\/www.hotel-garage-biarritz.fr\/?page_id=1831"},"modified":"2022-02-17T14:25:04","modified_gmt":"2022-02-17T13:25:04","slug":"pays-basque","status":"publish","type":"page","link":"https:\/\/www.hotel-garage-biarritz.fr\/es\/pays-basque\/","title":{"rendered":"Pays Basque"},"content":{"rendered":"\n<div class=\"wp-block-columns alignwide top-spot-type-columns home-top-spot-type-columns is-style-default is-layout-flex wp-container-core-columns-is-layout-9d6595d7 wp-block-columns-is-layout-flex\">\n<div class=\"wp-block-column top-spot-column-one is-layout-flow wp-block-column-is-layout-flow\">\n<figure class=\"wp-block-image size-full\"><img decoding=\"async\" src=\"https:\/\/www.hotel-garage-biarritz.fr\/wp-content\/themes\/legaragebtz\/assets\/images\/pays-basque\/hotel-le-garage_pays-basque_top-spot.jpg\" alt=\"Rochers Plage de Biarritz\"\/><\/figure>\n<\/div>\n\n\n\n<div class=\"wp-block-column top-spot-column-two is-layout-flow wp-block-column-is-layout-flow\">\n<div class=\"wp-block-group\"><div class=\"wp-block-group__inner-container is-layout-flow wp-block-group-is-layout-flow\"><\/div><\/div>\n<\/div>\n\n\n\n<div class=\"wp-block-column top-spot-column-three is-layout-flow wp-block-column-is-layout-flow\">\n<h1 class=\"wp-block-heading\">Un fin de semana inolvidable en el Pa\u00eds Vasco Frances<\/h1>\n\n\n\n<p>\u00a1Qu\u00e9 bien se vive en el suroeste de Francia! Aproveche un Hotel en Biarritz para sumergirse en plena naturaleza en impresionantes paisajes de mar y monta\u00f1a. En el coraz\u00f3n de las ricas tradiciones, la reconocida gastronom\u00eda, la cultura del surf y los m\u00e1s bellos campos de golf, el Pa\u00eds Vasco es un destino paradis\u00edaco para sus vacaciones. Justo al lado del oc\u00e9ano, el Hotel est\u00e1 a unos cuantos pasos de la playa de Miramar y a poca distancia de la Grande Plage y la C\u00f4te des Basques, lugares de surf mundialmente reconocidos. Durante sus vacaciones en el Pa\u00eds Vasco, aproveche para aprender el placer de surfear en las olas, ya que no faltan escuelas de surf en la costa.<\/p>\n<\/div>\n<\/div>\n\n\n\n<div class=\"wp-block-columns is-style-default is-pays-basque-page-columns is-layout-flex wp-container-core-columns-is-layout-9d6595d7 wp-block-columns-is-layout-flex\">\n<div class=\"wp-block-column is-layout-flow wp-block-column-is-layout-flow\" style=\"flex-basis:33.33%\">\n<p>Existen muchas actividades deportivas acu\u00e1ticas a su disposici\u00f3n, como el surf de remo. Tambi\u00e9n apreciar\u00e1 sus playas rocosas, la hermosa cala de Port Vieux (el Puerto viejo) y sus numerosos y singulares miradores sobre el oc\u00e9ano. Los m\u00e1s bellos centros de talasoterapia de la costa atl\u00e1ntica le esperan para recargar las pilas.<\/p>\n\n\n\n<p>Biarritz es una ciudad encantadora, su estilo arquitect\u00f3nico le seducir\u00e1 sin igual. Pase\u00e9 y visite los lugares imprescindibles: el faro de Biarritz, el Rocher de la Vierge y la Villa Belza. Tampoco hay que perderse la Cit\u00e9 de l&#8217;Oc\u00e9an y el Acuario de Biarritz (Mus\u00e9e de la Mer).<\/p>\n\n\n\n<p>En cuanto a experiencias en terra, la regi\u00f3n es el destino ideal para los amantes de la naturaleza y las bellas excursiones. En tren o a pie, salga a escalar \u201cLa Rhune\u201d (905 metros sobre el nivel del mar), la m\u00edtica cumbre del Pa\u00eds Vasco. En la cima se encontrar\u00e1 con ovejas y Pottocks los caballos vascos, y disfrutar\u00e1 de las sublimes panor\u00e1micas de toda la costa vasca y del oc\u00e9ano. Los pueblos vascos de Sare, Arcangues, Espelette, Ainhoa, Saint-P\u00e9e-sur-Nivelle, algunos de ellos clasificados como los m\u00e1s bellos de Francia, le ofrecer\u00e1n ricos descubrimientos culturales y le har\u00e1n apreciar la gastronom\u00eda local.<\/p>\n\n\n\n<p>No se vaya del Pa\u00eds Vasco sin cruzar la frontera espa\u00f1ola y disfrutar de unas tapas en Fontarrabie o en la hermosa ciudad de San Sebasti\u00e1n, donde es estupendo caminar por el paseo mar\u00edtimo y hacer algunas compras. La carretera de la Corniche, justo antes de Hendaya, ofrece unas vistas excepcionales a lo largo del camino del litoral.<\/p>\n<\/div>\n\n\n\n<div class=\"wp-block-column is-layout-flow wp-block-column-is-layout-flow\" style=\"flex-basis:66.66%\">\n<figure class=\"wp-block-gallery has-nested-images columns-default is-cropped wp-block-gallery-1 is-layout-flex wp-block-gallery-is-layout-flex\">\n<figure class=\"wp-block-image size-large\"><img loading=\"lazy\" decoding=\"async\" width=\"1024\" height=\"683\" data-id=\"1459\" src=\"https:\/\/www.hotel-garage-biarritz.fr\/wp-content\/uploads\/2021\/03\/01_le_garage_cote_basque-1024x683.jpg\" alt=\"Balade sur la plage \u00e0 Biarritz\" class=\"wp-image-1459\" srcset=\"https:\/\/www.hotel-garage-biarritz.fr\/wp-content\/uploads\/2021\/03\/01_le_garage_cote_basque-1024x683.jpg 1024w, https:\/\/www.hotel-garage-biarritz.fr\/wp-content\/uploads\/2021\/03\/01_le_garage_cote_basque-300x200.jpg 300w, https:\/\/www.hotel-garage-biarritz.fr\/wp-content\/uploads\/2021\/03\/01_le_garage_cote_basque-768x512.jpg 768w, https:\/\/www.hotel-garage-biarritz.fr\/wp-content\/uploads\/2021\/03\/01_le_garage_cote_basque-1536x1024.jpg 1536w, https:\/\/www.hotel-garage-biarritz.fr\/wp-content\/uploads\/2021\/03\/01_le_garage_cote_basque-2048x1365.jpg 2048w, https:\/\/www.hotel-garage-biarritz.fr\/wp-content\/uploads\/2021\/03\/01_le_garage_cote_basque-1568x1045.jpg 1568w\" sizes=\"auto, (max-width: 1024px) 100vw, 1024px\" \/><\/figure>\n\n\n\n<figure class=\"wp-block-image size-large\"><img loading=\"lazy\" decoding=\"async\" width=\"1000\" height=\"800\" data-id=\"1461\" src=\"https:\/\/www.hotel-garage-biarritz.fr\/wp-content\/uploads\/2021\/03\/02_le_garage_cote_basque.jpg\" alt=\"Montagne du pays Basque - H\u00f4tel Le Garage Biarritz\" class=\"wp-image-1461\" srcset=\"https:\/\/www.hotel-garage-biarritz.fr\/wp-content\/uploads\/2021\/03\/02_le_garage_cote_basque.jpg 1000w, https:\/\/www.hotel-garage-biarritz.fr\/wp-content\/uploads\/2021\/03\/02_le_garage_cote_basque-300x240.jpg 300w, https:\/\/www.hotel-garage-biarritz.fr\/wp-content\/uploads\/2021\/03\/02_le_garage_cote_basque-768x614.jpg 768w\" sizes=\"auto, (max-width: 1000px) 100vw, 1000px\" \/><\/figure>\n\n\n\n<figure class=\"wp-block-image size-large\"><img loading=\"lazy\" decoding=\"async\" width=\"1024\" height=\"576\" data-id=\"1463\" src=\"https:\/\/www.hotel-garage-biarritz.fr\/wp-content\/uploads\/2021\/03\/03_hotel_le_garage_rocher_vierge-1024x576.jpg\" alt=\"Rocher de la Vierge - H\u00f4tel le Garage Biarritz\" class=\"wp-image-1463\" srcset=\"https:\/\/www.hotel-garage-biarritz.fr\/wp-content\/uploads\/2021\/03\/03_hotel_le_garage_rocher_vierge-1024x576.jpg 1024w, https:\/\/www.hotel-garage-biarritz.fr\/wp-content\/uploads\/2021\/03\/03_hotel_le_garage_rocher_vierge-300x169.jpg 300w, https:\/\/www.hotel-garage-biarritz.fr\/wp-content\/uploads\/2021\/03\/03_hotel_le_garage_rocher_vierge-768x432.jpg 768w, https:\/\/www.hotel-garage-biarritz.fr\/wp-content\/uploads\/2021\/03\/03_hotel_le_garage_rocher_vierge-1536x864.jpg 1536w, https:\/\/www.hotel-garage-biarritz.fr\/wp-content\/uploads\/2021\/03\/03_hotel_le_garage_rocher_vierge-2048x1152.jpg 2048w, https:\/\/www.hotel-garage-biarritz.fr\/wp-content\/uploads\/2021\/03\/03_hotel_le_garage_rocher_vierge-1568x882.jpg 1568w\" sizes=\"auto, (max-width: 1024px) 100vw, 1024px\" \/><\/figure>\n\n\n\n<figure class=\"wp-block-image size-large\"><img loading=\"lazy\" decoding=\"async\" width=\"768\" height=\"1024\" data-id=\"1479\" src=\"https:\/\/www.hotel-garage-biarritz.fr\/wp-content\/uploads\/2021\/03\/Pays_basque_hotel_le_garage_guethary-768x1024.jpg\" alt=\"Port et plage de Gu\u00e9thary\" class=\"wp-image-1479\" srcset=\"https:\/\/www.hotel-garage-biarritz.fr\/wp-content\/uploads\/2021\/03\/Pays_basque_hotel_le_garage_guethary-768x1024.jpg 768w, https:\/\/www.hotel-garage-biarritz.fr\/wp-content\/uploads\/2021\/03\/Pays_basque_hotel_le_garage_guethary-225x300.jpg 225w, https:\/\/www.hotel-garage-biarritz.fr\/wp-content\/uploads\/2021\/03\/Pays_basque_hotel_le_garage_guethary-1152x1536.jpg 1152w, https:\/\/www.hotel-garage-biarritz.fr\/wp-content\/uploads\/2021\/03\/Pays_basque_hotel_le_garage_guethary-1536x2048.jpg 1536w, https:\/\/www.hotel-garage-biarritz.fr\/wp-content\/uploads\/2021\/03\/Pays_basque_hotel_le_garage_guethary-1568x2090.jpg 1568w, https:\/\/www.hotel-garage-biarritz.fr\/wp-content\/uploads\/2021\/03\/Pays_basque_hotel_le_garage_guethary-scaled.jpg 1920w\" sizes=\"auto, (max-width: 768px) 100vw, 768px\" \/><\/figure>\n\n\n\n<figure class=\"wp-block-image size-large\"><img loading=\"lazy\" decoding=\"async\" width=\"683\" height=\"1024\" data-id=\"1467\" src=\"https:\/\/www.hotel-garage-biarritz.fr\/wp-content\/uploads\/2021\/03\/05_hotel_le_garage_rocher_vierge-683x1024.jpg\" alt=\"Les collines du Pays Basque - H\u00f4tel Le Garage Biarritz\" class=\"wp-image-1467\" srcset=\"https:\/\/www.hotel-garage-biarritz.fr\/wp-content\/uploads\/2021\/03\/05_hotel_le_garage_rocher_vierge-683x1024.jpg 683w, https:\/\/www.hotel-garage-biarritz.fr\/wp-content\/uploads\/2021\/03\/05_hotel_le_garage_rocher_vierge-200x300.jpg 200w, https:\/\/www.hotel-garage-biarritz.fr\/wp-content\/uploads\/2021\/03\/05_hotel_le_garage_rocher_vierge-768x1152.jpg 768w, https:\/\/www.hotel-garage-biarritz.fr\/wp-content\/uploads\/2021\/03\/05_hotel_le_garage_rocher_vierge-1024x1536.jpg 1024w, https:\/\/www.hotel-garage-biarritz.fr\/wp-content\/uploads\/2021\/03\/05_hotel_le_garage_rocher_vierge-1365x2048.jpg 1365w, https:\/\/www.hotel-garage-biarritz.fr\/wp-content\/uploads\/2021\/03\/05_hotel_le_garage_rocher_vierge-1568x2352.jpg 1568w, https:\/\/www.hotel-garage-biarritz.fr\/wp-content\/uploads\/2021\/03\/05_hotel_le_garage_rocher_vierge-scaled.jpg 1707w\" sizes=\"auto, (max-width: 683px) 100vw, 683px\" \/><\/figure>\n<\/figure>\n<\/div>\n<\/div>\n","protected":false},"excerpt":{"rendered":"<p>Un fin de semana inolvidable en el Pa\u00eds Vasco Frances \u00a1Qu\u00e9 bien se vive en el suroeste de Francia! Aproveche un Hotel en Biarritz para sumergirse en plena naturaleza en impresionantes paisajes de mar y monta\u00f1a. En el coraz\u00f3n de las ricas tradiciones, la reconocida gastronom\u00eda, la cultura del surf y los m\u00e1s bellos campos&hellip; <a class=\"more-link\" href=\"https:\/\/www.hotel-garage-biarritz.fr\/es\/pays-basque\/\">Continue reading <span class=\"screen-reader-text\">Pays Basque<\/span><\/a><\/p>\n","protected":false},"author":1,"featured_media":0,"parent":0,"menu_order":0,"comment_status":"closed","ping_status":"closed","template":"","meta":{"footnotes":""},"class_list":["post-1831","page","type-page","status-publish","hentry","entry"],"yoast_head":"<!-- This site is optimized with the Yoast SEO plugin v27.5 - https:\/\/yoast.com\/product\/yoast-seo-wordpress\/ -->\n<title>Fin de semana inolvidable Pa\u00eds Vasco | Hotel Le Garage Biarritz<\/title>\n<meta name=\"description\" content=\"Venga a pasar un fin de semana original en el Pa\u00eds Vasco y al\u00f3jese en este lugar totalmente \u00fanico, un antiguo garaje convertido en un hotel de 4 estrellas\" \/>\n<meta name=\"robots\" content=\"index, follow, max-snippet:-1, max-image-preview:large, max-video-preview:-1\" \/>\n<link rel=\"canonical\" href=\"https:\/\/www.hotel-garage-biarritz.fr\/week-end-pays-basque\/\" \/>\n<meta property=\"og:locale\" content=\"es_ES\" \/>\n<meta property=\"og:type\" content=\"article\" \/>\n<meta property=\"og:title\" content=\"Fin de semana inolvidable Pa\u00eds Vasco | Hotel Le Garage Biarritz\" \/>\n<meta property=\"og:description\" content=\"Venga a pasar un fin de semana original en el Pa\u00eds Vasco y al\u00f3jese en este lugar totalmente \u00fanico, un antiguo garaje convertido en un hotel de 4 estrellas\" \/>\n<meta property=\"og:url\" content=\"https:\/\/www.hotel-garage-biarritz.fr\/week-end-pays-basque\/\" \/>\n<meta property=\"og:site_name\" content=\"Le Garage\" \/>\n<meta property=\"article:modified_time\" content=\"2022-02-17T13:25:04+00:00\" \/>\n<meta property=\"og:image\" content=\"https:\/\/www.hotel-garage-biarritz.fr\/wp-content\/themes\/legaragebtz\/assets\/images\/pays-basque\/hotel-le-garage_pays-basque_top-spot.jpg\" \/>\n<meta name=\"twitter:card\" content=\"summary_large_image\" \/>\n<meta name=\"twitter:label1\" content=\"Est. reading time\" \/>\n\t<meta name=\"twitter:data1\" content=\"4 minutes\" \/>\n<script type=\"application\/ld+json\" class=\"yoast-schema-graph\">{\"@context\":\"https:\\\/\\\/schema.org\",\"@graph\":[{\"@type\":\"WebPage\",\"@id\":\"https:\\\/\\\/www.hotel-garage-biarritz.fr\\\/week-end-pays-basque\\\/\",\"url\":\"https:\\\/\\\/www.hotel-garage-biarritz.fr\\\/week-end-pays-basque\\\/\",\"name\":\"Fin de semana inolvidable Pa\u00eds Vasco | Hotel Le Garage Biarritz\",\"isPartOf\":{\"@id\":\"https:\\\/\\\/www.hotel-garage-biarritz.fr\\\/#website\"},\"primaryImageOfPage\":{\"@id\":\"https:\\\/\\\/www.hotel-garage-biarritz.fr\\\/week-end-pays-basque\\\/#primaryimage\"},\"image\":{\"@id\":\"https:\\\/\\\/www.hotel-garage-biarritz.fr\\\/week-end-pays-basque\\\/#primaryimage\"},\"thumbnailUrl\":\"https:\\\/\\\/www.hotel-garage-biarritz.fr\\\/wp-content\\\/themes\\\/legaragebtz\\\/assets\\\/images\\\/pays-basque\\\/hotel-le-garage_pays-basque_top-spot.jpg\",\"datePublished\":\"2021-02-17T13:00:40+00:00\",\"dateModified\":\"2022-02-17T13:25:04+00:00\",\"description\":\"Venga a pasar un fin de semana original en el Pa\u00eds Vasco y al\u00f3jese en este lugar totalmente \u00fanico, un antiguo garaje convertido en un hotel de 4 estrellas\",\"breadcrumb\":{\"@id\":\"https:\\\/\\\/www.hotel-garage-biarritz.fr\\\/week-end-pays-basque\\\/#breadcrumb\"},\"inLanguage\":\"es-ES\",\"potentialAction\":[{\"@type\":\"ReadAction\",\"target\":[\"https:\\\/\\\/www.hotel-garage-biarritz.fr\\\/week-end-pays-basque\\\/\"]}]},{\"@type\":\"ImageObject\",\"inLanguage\":\"es-ES\",\"@id\":\"https:\\\/\\\/www.hotel-garage-biarritz.fr\\\/week-end-pays-basque\\\/#primaryimage\",\"url\":\"https:\\\/\\\/www.hotel-garage-biarritz.fr\\\/wp-content\\\/themes\\\/legaragebtz\\\/assets\\\/images\\\/pays-basque\\\/hotel-le-garage_pays-basque_top-spot.jpg\",\"contentUrl\":\"https:\\\/\\\/www.hotel-garage-biarritz.fr\\\/wp-content\\\/themes\\\/legaragebtz\\\/assets\\\/images\\\/pays-basque\\\/hotel-le-garage_pays-basque_top-spot.jpg\"},{\"@type\":\"BreadcrumbList\",\"@id\":\"https:\\\/\\\/www.hotel-garage-biarritz.fr\\\/week-end-pays-basque\\\/#breadcrumb\",\"itemListElement\":[{\"@type\":\"ListItem\",\"position\":1,\"name\":\"Accueil\",\"item\":\"https:\\\/\\\/www.hotel-garage-biarritz.fr\\\/es\\\/\"},{\"@type\":\"ListItem\",\"position\":2,\"name\":\"Pays Basque\"}]},{\"@type\":\"WebSite\",\"@id\":\"https:\\\/\\\/www.hotel-garage-biarritz.fr\\\/#website\",\"url\":\"https:\\\/\\\/www.hotel-garage-biarritz.fr\\\/\",\"name\":\"Le Garage\",\"description\":\"Biarritz\",\"publisher\":{\"@id\":\"https:\\\/\\\/www.hotel-garage-biarritz.fr\\\/#organization\"},\"potentialAction\":[{\"@type\":\"SearchAction\",\"target\":{\"@type\":\"EntryPoint\",\"urlTemplate\":\"https:\\\/\\\/www.hotel-garage-biarritz.fr\\\/?s={search_term_string}\"},\"query-input\":{\"@type\":\"PropertyValueSpecification\",\"valueRequired\":true,\"valueName\":\"search_term_string\"}}],\"inLanguage\":\"es-ES\"},{\"@type\":\"Organization\",\"@id\":\"https:\\\/\\\/www.hotel-garage-biarritz.fr\\\/#organization\",\"name\":\"H\u00f4tel Le Garage\",\"url\":\"https:\\\/\\\/www.hotel-garage-biarritz.fr\\\/\",\"logo\":{\"@type\":\"ImageObject\",\"inLanguage\":\"es-ES\",\"@id\":\"https:\\\/\\\/www.hotel-garage-biarritz.fr\\\/#\\\/schema\\\/logo\\\/image\\\/\",\"url\":\"https:\\\/\\\/www.hotel-garage-biarritz.fr\\\/wp-content\\\/uploads\\\/2021\\\/03\\\/hotel-le-garage_footer-logo-arch.png\",\"contentUrl\":\"https:\\\/\\\/www.hotel-garage-biarritz.fr\\\/wp-content\\\/uploads\\\/2021\\\/03\\\/hotel-le-garage_footer-logo-arch.png\",\"width\":524,\"height\":707,\"caption\":\"H\u00f4tel Le Garage\"},\"image\":{\"@id\":\"https:\\\/\\\/www.hotel-garage-biarritz.fr\\\/#\\\/schema\\\/logo\\\/image\\\/\"},\"sameAs\":[\"https:\\\/\\\/www.instagram.com\\\/garagebiarritz\\\/\"]}]}<\/script>\n<!-- \/ Yoast SEO plugin. -->","yoast_head_json":{"title":"Fin de semana inolvidable Pa\u00eds Vasco | Hotel Le Garage Biarritz","description":"Venga a pasar un fin de semana original en el Pa\u00eds Vasco y al\u00f3jese en este lugar totalmente \u00fanico, un antiguo garaje convertido en un hotel de 4 estrellas","robots":{"index":"index","follow":"follow","max-snippet":"max-snippet:-1","max-image-preview":"max-image-preview:large","max-video-preview":"max-video-preview:-1"},"canonical":"https:\/\/www.hotel-garage-biarritz.fr\/week-end-pays-basque\/","og_locale":"es_ES","og_type":"article","og_title":"Fin de semana inolvidable Pa\u00eds Vasco | Hotel Le Garage Biarritz","og_description":"Venga a pasar un fin de semana original en el Pa\u00eds Vasco y al\u00f3jese en este lugar totalmente \u00fanico, un antiguo garaje convertido en un hotel de 4 estrellas","og_url":"https:\/\/www.hotel-garage-biarritz.fr\/week-end-pays-basque\/","og_site_name":"Le Garage","article_modified_time":"2022-02-17T13:25:04+00:00","og_image":[{"url":"https:\/\/www.hotel-garage-biarritz.fr\/wp-content\/themes\/legaragebtz\/assets\/images\/pays-basque\/hotel-le-garage_pays-basque_top-spot.jpg","type":"","width":"","height":""}],"twitter_card":"summary_large_image","twitter_misc":{"Est. reading time":"4 minutes"},"schema":{"@context":"https:\/\/schema.org","@graph":[{"@type":"WebPage","@id":"https:\/\/www.hotel-garage-biarritz.fr\/week-end-pays-basque\/","url":"https:\/\/www.hotel-garage-biarritz.fr\/week-end-pays-basque\/","name":"Fin de semana inolvidable Pa\u00eds Vasco | Hotel Le Garage Biarritz","isPartOf":{"@id":"https:\/\/www.hotel-garage-biarritz.fr\/#website"},"primaryImageOfPage":{"@id":"https:\/\/www.hotel-garage-biarritz.fr\/week-end-pays-basque\/#primaryimage"},"image":{"@id":"https:\/\/www.hotel-garage-biarritz.fr\/week-end-pays-basque\/#primaryimage"},"thumbnailUrl":"https:\/\/www.hotel-garage-biarritz.fr\/wp-content\/themes\/legaragebtz\/assets\/images\/pays-basque\/hotel-le-garage_pays-basque_top-spot.jpg","datePublished":"2021-02-17T13:00:40+00:00","dateModified":"2022-02-17T13:25:04+00:00","description":"Venga a pasar un fin de semana original en el Pa\u00eds Vasco y al\u00f3jese en este lugar totalmente \u00fanico, un antiguo garaje convertido en un hotel de 4 estrellas","breadcrumb":{"@id":"https:\/\/www.hotel-garage-biarritz.fr\/week-end-pays-basque\/#breadcrumb"},"inLanguage":"es-ES","potentialAction":[{"@type":"ReadAction","target":["https:\/\/www.hotel-garage-biarritz.fr\/week-end-pays-basque\/"]}]},{"@type":"ImageObject","inLanguage":"es-ES","@id":"https:\/\/www.hotel-garage-biarritz.fr\/week-end-pays-basque\/#primaryimage","url":"https:\/\/www.hotel-garage-biarritz.fr\/wp-content\/themes\/legaragebtz\/assets\/images\/pays-basque\/hotel-le-garage_pays-basque_top-spot.jpg","contentUrl":"https:\/\/www.hotel-garage-biarritz.fr\/wp-content\/themes\/legaragebtz\/assets\/images\/pays-basque\/hotel-le-garage_pays-basque_top-spot.jpg"},{"@type":"BreadcrumbList","@id":"https:\/\/www.hotel-garage-biarritz.fr\/week-end-pays-basque\/#breadcrumb","itemListElement":[{"@type":"ListItem","position":1,"name":"Accueil","item":"https:\/\/www.hotel-garage-biarritz.fr\/es\/"},{"@type":"ListItem","position":2,"name":"Pays Basque"}]},{"@type":"WebSite","@id":"https:\/\/www.hotel-garage-biarritz.fr\/#website","url":"https:\/\/www.hotel-garage-biarritz.fr\/","name":"Le Garage","description":"Biarritz","publisher":{"@id":"https:\/\/www.hotel-garage-biarritz.fr\/#organization"},"potentialAction":[{"@type":"SearchAction","target":{"@type":"EntryPoint","urlTemplate":"https:\/\/www.hotel-garage-biarritz.fr\/?s={search_term_string}"},"query-input":{"@type":"PropertyValueSpecification","valueRequired":true,"valueName":"search_term_string"}}],"inLanguage":"es-ES"},{"@type":"Organization","@id":"https:\/\/www.hotel-garage-biarritz.fr\/#organization","name":"H\u00f4tel Le Garage","url":"https:\/\/www.hotel-garage-biarritz.fr\/","logo":{"@type":"ImageObject","inLanguage":"es-ES","@id":"https:\/\/www.hotel-garage-biarritz.fr\/#\/schema\/logo\/image\/","url":"https:\/\/www.hotel-garage-biarritz.fr\/wp-content\/uploads\/2021\/03\/hotel-le-garage_footer-logo-arch.png","contentUrl":"https:\/\/www.hotel-garage-biarritz.fr\/wp-content\/uploads\/2021\/03\/hotel-le-garage_footer-logo-arch.png","width":524,"height":707,"caption":"H\u00f4tel Le Garage"},"image":{"@id":"https:\/\/www.hotel-garage-biarritz.fr\/#\/schema\/logo\/image\/"},"sameAs":["https:\/\/www.instagram.com\/garagebiarritz\/"]}]}},"_links":{"self":[{"href":"https:\/\/www.hotel-garage-biarritz.fr\/es\/wp-json\/wp\/v2\/pages\/1831","targetHints":{"allow":["GET"]}}],"collection":[{"href":"https:\/\/www.hotel-garage-biarritz.fr\/es\/wp-json\/wp\/v2\/pages"}],"about":[{"href":"https:\/\/www.hotel-garage-biarritz.fr\/es\/wp-json\/wp\/v2\/types\/page"}],"author":[{"embeddable":true,"href":"https:\/\/www.hotel-garage-biarritz.fr\/es\/wp-json\/wp\/v2\/users\/1"}],"replies":[{"embeddable":true,"href":"https:\/\/www.hotel-garage-biarritz.fr\/es\/wp-json\/wp\/v2\/comments?post=1831"}],"version-history":[{"count":0,"href":"https:\/\/www.hotel-garage-biarritz.fr\/es\/wp-json\/wp\/v2\/pages\/1831\/revisions"}],"wp:attachment":[{"href":"https:\/\/www.hotel-garage-biarritz.fr\/es\/wp-json\/wp\/v2\/media?parent=1831"}],"curies":[{"name":"wp","href":"https:\/\/api.w.org\/{rel}","templated":true}]}}