{"id":1825,"date":"2021-02-17T15:17:18","date_gmt":"2021-02-17T14:17:18","guid":{"rendered":"https:\/\/www.hotel-garage-biarritz.fr\/?page_id=1825"},"modified":"2022-02-17T14:21:10","modified_gmt":"2022-02-17T13:21:10","slug":"surf","status":"publish","type":"page","link":"https:\/\/www.hotel-garage-biarritz.fr\/es\/surf\/","title":{"rendered":"Surf"},"content":{"rendered":"\n<div class=\"wp-block-columns alignwide top-spot-type-columns home-top-spot-type-columns is-style-default is-layout-flex wp-container-core-columns-is-layout-9d6595d7 wp-block-columns-is-layout-flex\">\n<div class=\"wp-block-column top-spot-column-one is-layout-flow wp-block-column-is-layout-flow\">\n<figure class=\"wp-block-image size-full\"><img decoding=\"async\" src=\"https:\/\/www.hotel-garage-biarritz.fr\/wp-content\/themes\/legaragebtz\/assets\/images\/surf\/hotel-le-garage_surf_top-spot.jpg\" alt=\"Surf \u00e0 Biarritz - Hotel Le Garage\"\/><\/figure>\n<\/div>\n\n\n\n<div class=\"wp-block-column top-spot-column-two is-layout-flow wp-block-column-is-layout-flow\">\n<div class=\"wp-block-group\"><div class=\"wp-block-group__inner-container is-layout-flow wp-block-group-is-layout-flow\"><\/div><\/div>\n<\/div>\n\n\n\n<div class=\"wp-block-column top-spot-column-three is-layout-flow wp-block-column-is-layout-flow\">\n<h1 class=\"wp-block-heading\">Destino de surf<\/h1>\n\n\n\n<p>La historia del surf en la costa vasca se remonta a 1956, cuando los primeros surfistas descubrieron el placer de deslizarse en las olas de la costa vasca y Biarritz se convirti\u00f3 en la cuna del surf en Europa. Fue el estadounidense Peter Viertel, el primero en surfear las olas de Biarritz. Entonces los famosos del surf Jo\u00ebl y Arnaud De Rosnay, Michel Barland, Jacky Rott, Jo Moraiz, Bruno Reinhard&#8230; fueron los primeros en hacerse notar en Biarritz y en transmitir su pasi\u00f3n a las generaciones futuras.<\/p>\n<\/div>\n<\/div>\n\n\n\n<div class=\"wp-block-columns is-style-default is-surf-page-columns is-layout-flex wp-container-core-columns-is-layout-9d6595d7 wp-block-columns-is-layout-flex\">\n<div class=\"wp-block-column is-layout-flow wp-block-column-is-layout-flow\" style=\"flex-basis:33.33%\">\n<p>A nivel nacional, fue la pel\u00edcula \u201cLe Soleil se l\u00e8ve aussi\u201d de Henry King (1957) la que dio a conocer la disciplina. En 1959, la Costa de los Vascos vio la apertura de su primer club de surf: el Waikiki Surf Club.<\/p>\n\n\n\n<p>En un viaje de surf a Biarritz, tendr\u00e1 usted el lujo de disfrutar de algunos de los m\u00e1s bellos e imperdibles lugares de surf. Ideal para los principiantes, la m\u00edtica C\u00f4te des Basques sigue siendo el lugar emblem\u00e1tico con sus peque\u00f1as olas que se despliegan frente a la Villa Belza. La Grande Plage, en el centro de Biarritz, ofrece olas m\u00e1s potentes. El Miramar, una playa de arena cercana al Hotel Le Garage Biarritz, es un lugar \u00edntimo para practicar el surf con olas que rompen en un fondo medio rocoso y medio arenoso. M\u00e1s al sur, las playas Marbella y La Milady que ofrecen condiciones de surf a\u00fan mejores. Si se aloja en Le Garage, estar\u00e1 a poco m\u00e1s de 30 minutos de la costa de las Landas para disfrutar de los mejores Beach break!<\/p>\n\n\n\n<p>Reg\u00e1lese unas vacaciones de surf en Biarritz para aprender a surfear o mejorar sus habilidades. Hay muchas escuelas de surf abiertas para usted. Para descubrir el placer del surf con total seguridad, aproveche las clases y los cursos supervisados por instructores certificados. Tambi\u00e9n es una oportunidad para probar otros deportes acu\u00e1ticos como el longboard, el bodyboard o el stand-up paddle (surf de remo). Biarritz tambi\u00e9n cuenta con algunas de las mejores tiendas de surf y de alquiler de material de la costa, donde podr\u00e1 alquilar la tabla de sus sue\u00f1os para un fin de semana o una semana.<\/p>\n<\/div>\n\n\n\n<div class=\"wp-block-column is-layout-flow wp-block-column-is-layout-flow\" style=\"flex-basis:66.66%\">\n<figure class=\"wp-block-gallery has-nested-images columns-default is-cropped wp-block-gallery-1 is-layout-flex wp-block-gallery-is-layout-flex\">\n<figure class=\"wp-block-image size-large\"><img loading=\"lazy\" decoding=\"async\" width=\"1024\" height=\"683\" data-id=\"1469\" src=\"https:\/\/www.hotel-garage-biarritz.fr\/wp-content\/uploads\/2021\/03\/01_surf_hotel_le_garage-1024x683.jpg\" alt=\"Surfeuse \u00e0 Biarritz - H\u00f4tel Le Garage\" class=\"wp-image-1469\" srcset=\"https:\/\/www.hotel-garage-biarritz.fr\/wp-content\/uploads\/2021\/03\/01_surf_hotel_le_garage-1024x683.jpg 1024w, https:\/\/www.hotel-garage-biarritz.fr\/wp-content\/uploads\/2021\/03\/01_surf_hotel_le_garage-300x200.jpg 300w, https:\/\/www.hotel-garage-biarritz.fr\/wp-content\/uploads\/2021\/03\/01_surf_hotel_le_garage-768x512.jpg 768w, https:\/\/www.hotel-garage-biarritz.fr\/wp-content\/uploads\/2021\/03\/01_surf_hotel_le_garage-1536x1024.jpg 1536w, https:\/\/www.hotel-garage-biarritz.fr\/wp-content\/uploads\/2021\/03\/01_surf_hotel_le_garage-2048x1365.jpg 2048w, https:\/\/www.hotel-garage-biarritz.fr\/wp-content\/uploads\/2021\/03\/01_surf_hotel_le_garage-1568x1045.jpg 1568w\" sizes=\"auto, (max-width: 1024px) 100vw, 1024px\" \/><\/figure>\n\n\n\n<figure class=\"wp-block-image size-large\"><img loading=\"lazy\" decoding=\"async\" width=\"1024\" height=\"683\" data-id=\"1471\" src=\"https:\/\/www.hotel-garage-biarritz.fr\/wp-content\/uploads\/2021\/03\/02_surf_hotel_le_garage-1024x683.jpg\" alt=\"Surfeurs \u00e0 Biarritz - H\u00f4tel le Garage\" class=\"wp-image-1471\" srcset=\"https:\/\/www.hotel-garage-biarritz.fr\/wp-content\/uploads\/2021\/03\/02_surf_hotel_le_garage-1024x683.jpg 1024w, https:\/\/www.hotel-garage-biarritz.fr\/wp-content\/uploads\/2021\/03\/02_surf_hotel_le_garage-300x200.jpg 300w, https:\/\/www.hotel-garage-biarritz.fr\/wp-content\/uploads\/2021\/03\/02_surf_hotel_le_garage-768x512.jpg 768w, https:\/\/www.hotel-garage-biarritz.fr\/wp-content\/uploads\/2021\/03\/02_surf_hotel_le_garage-1536x1024.jpg 1536w, https:\/\/www.hotel-garage-biarritz.fr\/wp-content\/uploads\/2021\/03\/02_surf_hotel_le_garage-2048x1365.jpg 2048w, https:\/\/www.hotel-garage-biarritz.fr\/wp-content\/uploads\/2021\/03\/02_surf_hotel_le_garage-1568x1045.jpg 1568w\" sizes=\"auto, (max-width: 1024px) 100vw, 1024px\" \/><\/figure>\n\n\n\n<figure class=\"wp-block-image size-large\"><img loading=\"lazy\" decoding=\"async\" width=\"1024\" height=\"640\" data-id=\"1473\" src=\"https:\/\/www.hotel-garage-biarritz.fr\/wp-content\/uploads\/2021\/03\/03_surf_hotel_le_garage-1024x640.jpg\" alt=\"Surfeur \u00e0 Biarritz H\u00f4tel Le Garage\" class=\"wp-image-1473\" srcset=\"https:\/\/www.hotel-garage-biarritz.fr\/wp-content\/uploads\/2021\/03\/03_surf_hotel_le_garage-1024x640.jpg 1024w, https:\/\/www.hotel-garage-biarritz.fr\/wp-content\/uploads\/2021\/03\/03_surf_hotel_le_garage-300x188.jpg 300w, https:\/\/www.hotel-garage-biarritz.fr\/wp-content\/uploads\/2021\/03\/03_surf_hotel_le_garage-768x480.jpg 768w, https:\/\/www.hotel-garage-biarritz.fr\/wp-content\/uploads\/2021\/03\/03_surf_hotel_le_garage-1536x960.jpg 1536w, https:\/\/www.hotel-garage-biarritz.fr\/wp-content\/uploads\/2021\/03\/03_surf_hotel_le_garage-2048x1280.jpg 2048w, https:\/\/www.hotel-garage-biarritz.fr\/wp-content\/uploads\/2021\/03\/03_surf_hotel_le_garage-1568x980.jpg 1568w\" sizes=\"auto, (max-width: 1024px) 100vw, 1024px\" \/><\/figure>\n\n\n\n<figure class=\"wp-block-image size-large\"><img loading=\"lazy\" decoding=\"async\" width=\"819\" height=\"1024\" data-id=\"1475\" src=\"https:\/\/www.hotel-garage-biarritz.fr\/wp-content\/uploads\/2021\/03\/04_surf_hotel_le_garage-819x1024.jpg\" alt=\"Surfeur \u00e0 Biarritz H\u00f4tel le Garage\" class=\"wp-image-1475\" srcset=\"https:\/\/www.hotel-garage-biarritz.fr\/wp-content\/uploads\/2021\/03\/04_surf_hotel_le_garage-819x1024.jpg 819w, https:\/\/www.hotel-garage-biarritz.fr\/wp-content\/uploads\/2021\/03\/04_surf_hotel_le_garage-240x300.jpg 240w, https:\/\/www.hotel-garage-biarritz.fr\/wp-content\/uploads\/2021\/03\/04_surf_hotel_le_garage-768x960.jpg 768w, https:\/\/www.hotel-garage-biarritz.fr\/wp-content\/uploads\/2021\/03\/04_surf_hotel_le_garage-1229x1536.jpg 1229w, https:\/\/www.hotel-garage-biarritz.fr\/wp-content\/uploads\/2021\/03\/04_surf_hotel_le_garage-1638x2048.jpg 1638w, https:\/\/www.hotel-garage-biarritz.fr\/wp-content\/uploads\/2021\/03\/04_surf_hotel_le_garage-1568x1960.jpg 1568w, https:\/\/www.hotel-garage-biarritz.fr\/wp-content\/uploads\/2021\/03\/04_surf_hotel_le_garage-scaled.jpg 2048w\" sizes=\"auto, (max-width: 819px) 100vw, 819px\" \/><\/figure>\n\n\n\n<figure class=\"wp-block-image size-large\"><img loading=\"lazy\" decoding=\"async\" width=\"1024\" height=\"683\" data-id=\"1477\" src=\"https:\/\/www.hotel-garage-biarritz.fr\/wp-content\/uploads\/2021\/03\/05_surf_hotel_le_garage-1024x683.jpg\" alt=\"Plage de sable pour le surf\" class=\"wp-image-1477\" srcset=\"https:\/\/www.hotel-garage-biarritz.fr\/wp-content\/uploads\/2021\/03\/05_surf_hotel_le_garage-1024x683.jpg 1024w, https:\/\/www.hotel-garage-biarritz.fr\/wp-content\/uploads\/2021\/03\/05_surf_hotel_le_garage-300x200.jpg 300w, https:\/\/www.hotel-garage-biarritz.fr\/wp-content\/uploads\/2021\/03\/05_surf_hotel_le_garage-768x512.jpg 768w, https:\/\/www.hotel-garage-biarritz.fr\/wp-content\/uploads\/2021\/03\/05_surf_hotel_le_garage-1536x1024.jpg 1536w, https:\/\/www.hotel-garage-biarritz.fr\/wp-content\/uploads\/2021\/03\/05_surf_hotel_le_garage-2048x1365.jpg 2048w, https:\/\/www.hotel-garage-biarritz.fr\/wp-content\/uploads\/2021\/03\/05_surf_hotel_le_garage-1568x1045.jpg 1568w\" sizes=\"auto, (max-width: 1024px) 100vw, 1024px\" \/><\/figure>\n<\/figure>\n<\/div>\n<\/div>\n","protected":false},"excerpt":{"rendered":"<p>Destino de surf La historia del surf en la costa vasca se remonta a 1956, cuando los primeros surfistas descubrieron el placer de deslizarse en las olas de la costa vasca y Biarritz se convirti\u00f3 en la cuna del surf en Europa. Fue el estadounidense Peter Viertel, el primero en surfear las olas de Biarritz.&hellip; <a class=\"more-link\" href=\"https:\/\/www.hotel-garage-biarritz.fr\/es\/surf\/\">Continue reading <span class=\"screen-reader-text\">Surf<\/span><\/a><\/p>\n","protected":false},"author":1,"featured_media":0,"parent":0,"menu_order":0,"comment_status":"closed","ping_status":"closed","template":"","meta":{"footnotes":""},"class_list":["post-1825","page","type-page","status-publish","hentry","entry"],"yoast_head":"<!-- This site is optimized with the Yoast SEO plugin v27.5 - https:\/\/yoast.com\/product\/yoast-seo-wordpress\/ -->\n<title>Vacaciones de surf en Biarritz | Hotel Le Garage<\/title>\n<meta name=\"description\" content=\"Situado cerca de los mejores puntos de surf de la costa vasca, el hotel Le Garage combina dise\u00f1o y convivencia para una estancia surfera en Biarritz\" \/>\n<meta name=\"robots\" content=\"index, follow, max-snippet:-1, max-image-preview:large, max-video-preview:-1\" \/>\n<link rel=\"canonical\" href=\"https:\/\/www.hotel-garage-biarritz.fr\/sejour-surf\/\" \/>\n<meta property=\"og:locale\" content=\"es_ES\" \/>\n<meta property=\"og:type\" content=\"article\" \/>\n<meta property=\"og:title\" content=\"Vacaciones de surf en Biarritz | Hotel Le Garage\" \/>\n<meta property=\"og:description\" content=\"Situado cerca de los mejores puntos de surf de la costa vasca, el hotel Le Garage combina dise\u00f1o y convivencia para una estancia surfera en Biarritz\" \/>\n<meta property=\"og:url\" content=\"https:\/\/www.hotel-garage-biarritz.fr\/sejour-surf\/\" \/>\n<meta property=\"og:site_name\" content=\"Le Garage\" \/>\n<meta property=\"article:modified_time\" content=\"2022-02-17T13:21:10+00:00\" \/>\n<meta property=\"og:image\" content=\"https:\/\/www.hotel-garage-biarritz.fr\/wp-content\/themes\/legaragebtz\/assets\/images\/surf\/hotel-le-garage_surf_top-spot.jpg\" \/>\n<meta name=\"twitter:card\" content=\"summary_large_image\" \/>\n<meta name=\"twitter:label1\" content=\"Est. reading time\" \/>\n\t<meta name=\"twitter:data1\" content=\"4 minutes\" \/>\n<script type=\"application\/ld+json\" class=\"yoast-schema-graph\">{\"@context\":\"https:\\\/\\\/schema.org\",\"@graph\":[{\"@type\":\"WebPage\",\"@id\":\"https:\\\/\\\/www.hotel-garage-biarritz.fr\\\/sejour-surf\\\/\",\"url\":\"https:\\\/\\\/www.hotel-garage-biarritz.fr\\\/sejour-surf\\\/\",\"name\":\"Vacaciones de surf en Biarritz | Hotel Le Garage\",\"isPartOf\":{\"@id\":\"https:\\\/\\\/www.hotel-garage-biarritz.fr\\\/#website\"},\"primaryImageOfPage\":{\"@id\":\"https:\\\/\\\/www.hotel-garage-biarritz.fr\\\/sejour-surf\\\/#primaryimage\"},\"image\":{\"@id\":\"https:\\\/\\\/www.hotel-garage-biarritz.fr\\\/sejour-surf\\\/#primaryimage\"},\"thumbnailUrl\":\"https:\\\/\\\/www.hotel-garage-biarritz.fr\\\/wp-content\\\/themes\\\/legaragebtz\\\/assets\\\/images\\\/surf\\\/hotel-le-garage_surf_top-spot.jpg\",\"datePublished\":\"2021-02-17T14:17:18+00:00\",\"dateModified\":\"2022-02-17T13:21:10+00:00\",\"description\":\"Situado cerca de los mejores puntos de surf de la costa vasca, el hotel Le Garage combina dise\u00f1o y convivencia para una estancia surfera en Biarritz\",\"breadcrumb\":{\"@id\":\"https:\\\/\\\/www.hotel-garage-biarritz.fr\\\/sejour-surf\\\/#breadcrumb\"},\"inLanguage\":\"es-ES\",\"potentialAction\":[{\"@type\":\"ReadAction\",\"target\":[\"https:\\\/\\\/www.hotel-garage-biarritz.fr\\\/sejour-surf\\\/\"]}]},{\"@type\":\"ImageObject\",\"inLanguage\":\"es-ES\",\"@id\":\"https:\\\/\\\/www.hotel-garage-biarritz.fr\\\/sejour-surf\\\/#primaryimage\",\"url\":\"https:\\\/\\\/www.hotel-garage-biarritz.fr\\\/wp-content\\\/themes\\\/legaragebtz\\\/assets\\\/images\\\/surf\\\/hotel-le-garage_surf_top-spot.jpg\",\"contentUrl\":\"https:\\\/\\\/www.hotel-garage-biarritz.fr\\\/wp-content\\\/themes\\\/legaragebtz\\\/assets\\\/images\\\/surf\\\/hotel-le-garage_surf_top-spot.jpg\"},{\"@type\":\"BreadcrumbList\",\"@id\":\"https:\\\/\\\/www.hotel-garage-biarritz.fr\\\/sejour-surf\\\/#breadcrumb\",\"itemListElement\":[{\"@type\":\"ListItem\",\"position\":1,\"name\":\"Accueil\",\"item\":\"https:\\\/\\\/www.hotel-garage-biarritz.fr\\\/es\\\/\"},{\"@type\":\"ListItem\",\"position\":2,\"name\":\"Surf\"}]},{\"@type\":\"WebSite\",\"@id\":\"https:\\\/\\\/www.hotel-garage-biarritz.fr\\\/#website\",\"url\":\"https:\\\/\\\/www.hotel-garage-biarritz.fr\\\/\",\"name\":\"Le Garage\",\"description\":\"Biarritz\",\"publisher\":{\"@id\":\"https:\\\/\\\/www.hotel-garage-biarritz.fr\\\/#organization\"},\"potentialAction\":[{\"@type\":\"SearchAction\",\"target\":{\"@type\":\"EntryPoint\",\"urlTemplate\":\"https:\\\/\\\/www.hotel-garage-biarritz.fr\\\/?s={search_term_string}\"},\"query-input\":{\"@type\":\"PropertyValueSpecification\",\"valueRequired\":true,\"valueName\":\"search_term_string\"}}],\"inLanguage\":\"es-ES\"},{\"@type\":\"Organization\",\"@id\":\"https:\\\/\\\/www.hotel-garage-biarritz.fr\\\/#organization\",\"name\":\"H\u00f4tel Le Garage\",\"url\":\"https:\\\/\\\/www.hotel-garage-biarritz.fr\\\/\",\"logo\":{\"@type\":\"ImageObject\",\"inLanguage\":\"es-ES\",\"@id\":\"https:\\\/\\\/www.hotel-garage-biarritz.fr\\\/#\\\/schema\\\/logo\\\/image\\\/\",\"url\":\"https:\\\/\\\/www.hotel-garage-biarritz.fr\\\/wp-content\\\/uploads\\\/2021\\\/03\\\/hotel-le-garage_footer-logo-arch.png\",\"contentUrl\":\"https:\\\/\\\/www.hotel-garage-biarritz.fr\\\/wp-content\\\/uploads\\\/2021\\\/03\\\/hotel-le-garage_footer-logo-arch.png\",\"width\":524,\"height\":707,\"caption\":\"H\u00f4tel Le Garage\"},\"image\":{\"@id\":\"https:\\\/\\\/www.hotel-garage-biarritz.fr\\\/#\\\/schema\\\/logo\\\/image\\\/\"},\"sameAs\":[\"https:\\\/\\\/www.instagram.com\\\/garagebiarritz\\\/\"]}]}<\/script>\n<!-- \/ Yoast SEO plugin. -->","yoast_head_json":{"title":"Vacaciones de surf en Biarritz | Hotel Le Garage","description":"Situado cerca de los mejores puntos de surf de la costa vasca, el hotel Le Garage combina dise\u00f1o y convivencia para una estancia surfera en Biarritz","robots":{"index":"index","follow":"follow","max-snippet":"max-snippet:-1","max-image-preview":"max-image-preview:large","max-video-preview":"max-video-preview:-1"},"canonical":"https:\/\/www.hotel-garage-biarritz.fr\/sejour-surf\/","og_locale":"es_ES","og_type":"article","og_title":"Vacaciones de surf en Biarritz | Hotel Le Garage","og_description":"Situado cerca de los mejores puntos de surf de la costa vasca, el hotel Le Garage combina dise\u00f1o y convivencia para una estancia surfera en Biarritz","og_url":"https:\/\/www.hotel-garage-biarritz.fr\/sejour-surf\/","og_site_name":"Le Garage","article_modified_time":"2022-02-17T13:21:10+00:00","og_image":[{"url":"https:\/\/www.hotel-garage-biarritz.fr\/wp-content\/themes\/legaragebtz\/assets\/images\/surf\/hotel-le-garage_surf_top-spot.jpg","type":"","width":"","height":""}],"twitter_card":"summary_large_image","twitter_misc":{"Est. reading time":"4 minutes"},"schema":{"@context":"https:\/\/schema.org","@graph":[{"@type":"WebPage","@id":"https:\/\/www.hotel-garage-biarritz.fr\/sejour-surf\/","url":"https:\/\/www.hotel-garage-biarritz.fr\/sejour-surf\/","name":"Vacaciones de surf en Biarritz | Hotel Le Garage","isPartOf":{"@id":"https:\/\/www.hotel-garage-biarritz.fr\/#website"},"primaryImageOfPage":{"@id":"https:\/\/www.hotel-garage-biarritz.fr\/sejour-surf\/#primaryimage"},"image":{"@id":"https:\/\/www.hotel-garage-biarritz.fr\/sejour-surf\/#primaryimage"},"thumbnailUrl":"https:\/\/www.hotel-garage-biarritz.fr\/wp-content\/themes\/legaragebtz\/assets\/images\/surf\/hotel-le-garage_surf_top-spot.jpg","datePublished":"2021-02-17T14:17:18+00:00","dateModified":"2022-02-17T13:21:10+00:00","description":"Situado cerca de los mejores puntos de surf de la costa vasca, el hotel Le Garage combina dise\u00f1o y convivencia para una estancia surfera en Biarritz","breadcrumb":{"@id":"https:\/\/www.hotel-garage-biarritz.fr\/sejour-surf\/#breadcrumb"},"inLanguage":"es-ES","potentialAction":[{"@type":"ReadAction","target":["https:\/\/www.hotel-garage-biarritz.fr\/sejour-surf\/"]}]},{"@type":"ImageObject","inLanguage":"es-ES","@id":"https:\/\/www.hotel-garage-biarritz.fr\/sejour-surf\/#primaryimage","url":"https:\/\/www.hotel-garage-biarritz.fr\/wp-content\/themes\/legaragebtz\/assets\/images\/surf\/hotel-le-garage_surf_top-spot.jpg","contentUrl":"https:\/\/www.hotel-garage-biarritz.fr\/wp-content\/themes\/legaragebtz\/assets\/images\/surf\/hotel-le-garage_surf_top-spot.jpg"},{"@type":"BreadcrumbList","@id":"https:\/\/www.hotel-garage-biarritz.fr\/sejour-surf\/#breadcrumb","itemListElement":[{"@type":"ListItem","position":1,"name":"Accueil","item":"https:\/\/www.hotel-garage-biarritz.fr\/es\/"},{"@type":"ListItem","position":2,"name":"Surf"}]},{"@type":"WebSite","@id":"https:\/\/www.hotel-garage-biarritz.fr\/#website","url":"https:\/\/www.hotel-garage-biarritz.fr\/","name":"Le Garage","description":"Biarritz","publisher":{"@id":"https:\/\/www.hotel-garage-biarritz.fr\/#organization"},"potentialAction":[{"@type":"SearchAction","target":{"@type":"EntryPoint","urlTemplate":"https:\/\/www.hotel-garage-biarritz.fr\/?s={search_term_string}"},"query-input":{"@type":"PropertyValueSpecification","valueRequired":true,"valueName":"search_term_string"}}],"inLanguage":"es-ES"},{"@type":"Organization","@id":"https:\/\/www.hotel-garage-biarritz.fr\/#organization","name":"H\u00f4tel Le Garage","url":"https:\/\/www.hotel-garage-biarritz.fr\/","logo":{"@type":"ImageObject","inLanguage":"es-ES","@id":"https:\/\/www.hotel-garage-biarritz.fr\/#\/schema\/logo\/image\/","url":"https:\/\/www.hotel-garage-biarritz.fr\/wp-content\/uploads\/2021\/03\/hotel-le-garage_footer-logo-arch.png","contentUrl":"https:\/\/www.hotel-garage-biarritz.fr\/wp-content\/uploads\/2021\/03\/hotel-le-garage_footer-logo-arch.png","width":524,"height":707,"caption":"H\u00f4tel Le Garage"},"image":{"@id":"https:\/\/www.hotel-garage-biarritz.fr\/#\/schema\/logo\/image\/"},"sameAs":["https:\/\/www.instagram.com\/garagebiarritz\/"]}]}},"_links":{"self":[{"href":"https:\/\/www.hotel-garage-biarritz.fr\/es\/wp-json\/wp\/v2\/pages\/1825","targetHints":{"allow":["GET"]}}],"collection":[{"href":"https:\/\/www.hotel-garage-biarritz.fr\/es\/wp-json\/wp\/v2\/pages"}],"about":[{"href":"https:\/\/www.hotel-garage-biarritz.fr\/es\/wp-json\/wp\/v2\/types\/page"}],"author":[{"embeddable":true,"href":"https:\/\/www.hotel-garage-biarritz.fr\/es\/wp-json\/wp\/v2\/users\/1"}],"replies":[{"embeddable":true,"href":"https:\/\/www.hotel-garage-biarritz.fr\/es\/wp-json\/wp\/v2\/comments?post=1825"}],"version-history":[{"count":0,"href":"https:\/\/www.hotel-garage-biarritz.fr\/es\/wp-json\/wp\/v2\/pages\/1825\/revisions"}],"wp:attachment":[{"href":"https:\/\/www.hotel-garage-biarritz.fr\/es\/wp-json\/wp\/v2\/media?parent=1825"}],"curies":[{"name":"wp","href":"https:\/\/api.w.org\/{rel}","templated":true}]}}