{"id":1814,"date":"2021-02-25T13:18:05","date_gmt":"2021-02-25T12:18:05","guid":{"rendered":"https:\/\/www.hotel-garage-biarritz.fr\/?page_id=1814"},"modified":"2025-10-21T17:52:41","modified_gmt":"2025-10-21T15:52:41","slug":"ubicacion-vista-al-mar","status":"publish","type":"page","link":"https:\/\/www.hotel-garage-biarritz.fr\/es\/ubicacion-vista-al-mar\/","title":{"rendered":"Alrededores"},"content":{"rendered":"\n<div class=\"wp-block-columns alignwide home-top-spot-type-columns is-style-default is-layout-flex wp-container-core-columns-is-layout-9d6595d7 wp-block-columns-is-layout-flex\">\n<div class=\"wp-block-column top-spot-column-one is-layout-flow wp-block-column-is-layout-flow\">\n<figure class=\"wp-block-image size-full\"><img decoding=\"async\" src=\"https:\/\/www.hotel-garage-biarritz.fr\/wp-content\/themes\/legaragebtz\/assets\/images\/situation\/hotel-le-garage_situation_top-spot.jpg\" alt=\"Vue a\u00e9rienne Vieux port de Biarritz\"\/><\/figure>\n<\/div>\n\n\n\n<div class=\"wp-block-column top-spot-column-two is-layout-flow wp-block-column-is-layout-flow\">\n<div class=\"wp-block-group\"><div class=\"wp-block-group__inner-container is-layout-flow wp-block-group-is-layout-flow\"><\/div><\/div>\n<\/div>\n\n\n\n<div class=\"wp-block-column top-spot-column-three is-layout-flow wp-block-column-is-layout-flow\">\n<h1 class=\"wp-block-heading\">Hotel con vista al mar en Biarritz<\/h1>\n\n\n\n<p>Disfrute de su estancia en el Hotel Le Garage, el nuevo hotel con encanto de Biarritz completamente renovado y con vista al oc\u00e9ano. Usted est\u00e1 en el lugar adecuado para recargarse. Camine desde el hotel hasta las playas de arena fina. Con los pies en el agua, respire el aire del mar y admire la magn\u00edfica vista del Pa\u00eds Vasco. D\u00e9jese llevar por los beneficios del oc\u00e9ano en esta elegante y moderna ciudad costera.<\/p>\n<\/div>\n<\/div>\n\n\n\n<div class=\"wp-block-columns alignwide type-1-spotlight-columns situation-type-1-spotlight-columns is-style-default is-layout-flex wp-container-core-columns-is-layout-9d6595d7 wp-block-columns-is-layout-flex\">\n<div class=\"wp-block-column type-1-spotlight-column-one is-layout-flow wp-block-column-is-layout-flow\">\n<h3 class=\"wp-block-heading\">Un fin de semana inolvidable en el Pa\u00eds Vasco Frances<\/h3>\n\n\n\n<p>\u00a1Qu\u00e9 bien se vive en el suroeste de Francia! Aproveche un Hotel en Biarritz para sumergirse en plena naturaleza en impresionantes paisajes de mar y monta\u00f1a. En el coraz\u00f3n de las ricas tradiciones, la reconocida gastronom\u00eda, la cultura del surf y los m\u00e1s bellos campos de golf, el Pa\u00eds Vasco es un destino paradis\u00edaco para sus vacaciones.<\/p>\n\n\n\n<p><a href=\"https:\/\/www.hotel-garage-biarritz.fr\/es\/pays-basque\/\">Lee mas<\/a><\/p>\n<\/div>\n\n\n\n<div class=\"wp-block-column type-1-spotlight-column-two is-layout-flow wp-block-column-is-layout-flow\">\n<figure class=\"wp-block-image size-full\"><img decoding=\"async\" src=\"https:\/\/www.hotel-garage-biarritz.fr\/wp-content\/themes\/legaragebtz\/assets\/images\/situation\/hotel-le-garage_situation_01.jpg\" alt=\"Montagnes Pays Basque\"\/><\/figure>\n<\/div>\n<\/div>\n\n\n\n<div class=\"wp-block-columns alignwide type-2-spotlight-columns situation-type-2-spotlight-columns is-style-default is-layout-flex wp-container-core-columns-is-layout-9d6595d7 wp-block-columns-is-layout-flex\">\n<div class=\"wp-block-column type-2-spotlight-column-one is-layout-flow wp-block-column-is-layout-flow\">\n<figure class=\"wp-block-image size-full\"><img decoding=\"async\" src=\"https:\/\/www.hotel-garage-biarritz.fr\/wp-content\/themes\/legaragebtz\/assets\/images\/situation\/hotel-le-garage_situation_02.jpg\" alt=\"Plage de Biarritz\"\/><\/figure>\n<\/div>\n\n\n\n<div class=\"wp-block-column type-2-spotlight-column-two is-layout-flow wp-block-column-is-layout-flow\">\n<figure class=\"wp-block-image size-full\"><img decoding=\"async\" src=\"https:\/\/www.hotel-garage-biarritz.fr\/wp-content\/themes\/legaragebtz\/assets\/images\/situation\/hotel-le-garage_situation_03.jpg\" alt=\"Surfeurs Biarritz\"\/><\/figure>\n<\/div>\n\n\n\n<div class=\"wp-block-column type-2-spotlight-column-three is-layout-flow wp-block-column-is-layout-flow\">\n<h3 class=\"wp-block-heading\">Destino de surf<\/h3>\n\n\n\n<p>La historia del surf en la costa vasca se remonta a 1956, cuando los primeros surfistas descubrieron el placer de deslizarse en las olas de la costa vasca y Biarritz se convirti\u00f3 en la cuna del surf en Europa. Fue el estadounidense Peter Viertel, el primero en surfear las olas de Biarritz. Entonces los famosos del surf Jo\u00ebl y Arnaud De Rosnay, Michel Barland, Jacky Rott, Jo Moraiz, Bruno Reinhard&#8230; fueron los primeros en hacerse notar en Biarritz y en transmitir su pasi\u00f3n a las generaciones futuras.<\/p>\n\n\n\n<p><a href=\"https:\/\/www.hotel-garage-biarritz.fr\/es\/surf\/\">Lee mas<\/a><\/p>\n<\/div>\n<\/div>\n\n\n\n<div class=\"wp-block-columns alignwide type-3-spotlight-columns situation-type-3-spotlight-columns is-style-default is-layout-flex wp-container-core-columns-is-layout-9d6595d7 wp-block-columns-is-layout-flex\">\n<div class=\"wp-block-column type-3-spotlight-column-one is-layout-flow wp-block-column-is-layout-flow\">\n<h3 class=\"wp-block-heading\">En el Green de Biarritz<\/h3>\n\n\n\n<p>Para los amantes del golf, Biarritz les encantar\u00e1. Imag\u00ednese, 16 magn\u00edficos campos de golf en un radio de 100 km y a menos de una hora. El hotel de 4 estrellas Le Garage Biarritz est\u00e1 situado muy cerca del Golf de Biarritz Le Phare, este campo de 18 hoyos es el segundo m\u00e1s antiguo del continente, que ya recibi\u00f3 a sus primeros jugadores en 1888.<\/p>\n\n\n\n<p><a href=\"https:\/\/www.hotel-garage-biarritz.fr\/es\/golf\/\">Lee mas<\/a><\/p>\n<\/div>\n\n\n\n<div class=\"wp-block-column type-3-spotlight-column-two is-layout-flow wp-block-column-is-layout-flow\">\n<figure class=\"wp-block-image size-large size-full\"><img loading=\"lazy\" decoding=\"async\" width=\"683\" height=\"1024\" src=\"https:\/\/www.hotel-garage-biarritz.fr\/wp-content\/uploads\/2025\/10\/@salome_rateau-73-683x1024.jpg\" alt=\"Golf de Biarritz Pays Basque\" class=\"wp-image-5065\" srcset=\"https:\/\/www.hotel-garage-biarritz.fr\/wp-content\/uploads\/2025\/10\/@salome_rateau-73-683x1024.jpg 683w, https:\/\/www.hotel-garage-biarritz.fr\/wp-content\/uploads\/2025\/10\/@salome_rateau-73-200x300.jpg 200w, https:\/\/www.hotel-garage-biarritz.fr\/wp-content\/uploads\/2025\/10\/@salome_rateau-73-768x1152.jpg 768w, https:\/\/www.hotel-garage-biarritz.fr\/wp-content\/uploads\/2025\/10\/@salome_rateau-73-1024x1536.jpg 1024w, https:\/\/www.hotel-garage-biarritz.fr\/wp-content\/uploads\/2025\/10\/@salome_rateau-73-1365x2048.jpg 1365w, https:\/\/www.hotel-garage-biarritz.fr\/wp-content\/uploads\/2025\/10\/@salome_rateau-73-1568x2352.jpg 1568w, https:\/\/www.hotel-garage-biarritz.fr\/wp-content\/uploads\/2025\/10\/@salome_rateau-73-scaled.jpg 1707w\" sizes=\"auto, (max-width: 683px) 100vw, 683px\" \/><\/figure>\n<\/div>\n\n\n\n<div class=\"wp-block-column type-3-spotlight-column-three is-layout-flow wp-block-column-is-layout-flow\">\n<figure class=\"wp-block-image size-large size-full\"><img loading=\"lazy\" decoding=\"async\" width=\"1024\" height=\"683\" src=\"https:\/\/www.hotel-garage-biarritz.fr\/wp-content\/uploads\/2025\/10\/@salome_rateau-75-1024x683.jpg\" alt=\"Golf de Biarritz Pays Basque\" class=\"wp-image-5068\" srcset=\"https:\/\/www.hotel-garage-biarritz.fr\/wp-content\/uploads\/2025\/10\/@salome_rateau-75-1024x683.jpg 1024w, https:\/\/www.hotel-garage-biarritz.fr\/wp-content\/uploads\/2025\/10\/@salome_rateau-75-300x200.jpg 300w, https:\/\/www.hotel-garage-biarritz.fr\/wp-content\/uploads\/2025\/10\/@salome_rateau-75-768x512.jpg 768w, https:\/\/www.hotel-garage-biarritz.fr\/wp-content\/uploads\/2025\/10\/@salome_rateau-75.jpg 1200w\" sizes=\"auto, (max-width: 1024px) 100vw, 1024px\" \/><\/figure>\n<\/div>\n<\/div>\n","protected":false},"excerpt":{"rendered":"<p>Hotel con vista al mar en Biarritz Disfrute de su estancia en el Hotel Le Garage, el nuevo hotel con encanto de Biarritz completamente renovado y con vista al oc\u00e9ano. Usted est\u00e1 en el lugar adecuado para recargarse. Camine desde el hotel hasta las playas de arena fina. Con los pies en el agua, respire&hellip; <a class=\"more-link\" href=\"https:\/\/www.hotel-garage-biarritz.fr\/es\/ubicacion-vista-al-mar\/\">Continue reading <span class=\"screen-reader-text\">Alrededores<\/span><\/a><\/p>\n","protected":false},"author":1,"featured_media":0,"parent":0,"menu_order":0,"comment_status":"closed","ping_status":"closed","template":"","meta":{"footnotes":""},"class_list":["post-1814","page","type-page","status-publish","hentry","entry"],"yoast_head":"<!-- This site is optimized with the Yoast SEO plugin v27.5 - https:\/\/yoast.com\/product\/yoast-seo-wordpress\/ -->\n<title>Hotel en Biarritz con una espl\u00e9ndida vista al mar | Le Garage<\/title>\n<meta name=\"description\" content=\"\u00bfNecesita un cambio de aires? Disfrute de una estancia para darse un capricho y recargar energ\u00edas en el Hotel Le Garage con vistas al mar en Biarritz\" \/>\n<meta name=\"robots\" content=\"index, follow, max-snippet:-1, max-image-preview:large, max-video-preview:-1\" \/>\n<link rel=\"canonical\" href=\"https:\/\/www.hotel-garage-biarritz.fr\/es\/ubicacion-vista-al-mar\/\" \/>\n<meta property=\"og:locale\" content=\"es_ES\" \/>\n<meta property=\"og:type\" content=\"article\" \/>\n<meta property=\"og:title\" content=\"Hotel en Biarritz con una espl\u00e9ndida vista al mar | Le Garage\" \/>\n<meta property=\"og:description\" content=\"\u00bfNecesita un cambio de aires? Disfrute de una estancia para darse un capricho y recargar energ\u00edas en el Hotel Le Garage con vistas al mar en Biarritz\" \/>\n<meta property=\"og:url\" content=\"https:\/\/www.hotel-garage-biarritz.fr\/es\/ubicacion-vista-al-mar\/\" \/>\n<meta property=\"og:site_name\" content=\"Le Garage\" \/>\n<meta property=\"article:modified_time\" content=\"2025-10-21T15:52:41+00:00\" \/>\n<meta property=\"og:image\" content=\"https:\/\/www.hotel-garage-biarritz.fr\/wp-content\/themes\/legaragebtz\/assets\/images\/situation\/hotel-le-garage_situation_top-spot.jpg\" \/>\n<meta name=\"twitter:card\" content=\"summary_large_image\" \/>\n<meta name=\"twitter:label1\" content=\"Est. reading time\" \/>\n\t<meta name=\"twitter:data1\" content=\"3 minutes\" \/>\n<script type=\"application\/ld+json\" class=\"yoast-schema-graph\">{\"@context\":\"https:\\\/\\\/schema.org\",\"@graph\":[{\"@type\":\"WebPage\",\"@id\":\"https:\\\/\\\/www.hotel-garage-biarritz.fr\\\/es\\\/ubicacion-vista-al-mar\\\/\",\"url\":\"https:\\\/\\\/www.hotel-garage-biarritz.fr\\\/es\\\/ubicacion-vista-al-mar\\\/\",\"name\":\"Hotel en Biarritz con una espl\u00e9ndida vista al mar | Le Garage\",\"isPartOf\":{\"@id\":\"https:\\\/\\\/www.hotel-garage-biarritz.fr\\\/#website\"},\"primaryImageOfPage\":{\"@id\":\"https:\\\/\\\/www.hotel-garage-biarritz.fr\\\/es\\\/ubicacion-vista-al-mar\\\/#primaryimage\"},\"image\":{\"@id\":\"https:\\\/\\\/www.hotel-garage-biarritz.fr\\\/es\\\/ubicacion-vista-al-mar\\\/#primaryimage\"},\"thumbnailUrl\":\"https:\\\/\\\/www.hotel-garage-biarritz.fr\\\/wp-content\\\/themes\\\/legaragebtz\\\/assets\\\/images\\\/situation\\\/hotel-le-garage_situation_top-spot.jpg\",\"datePublished\":\"2021-02-25T12:18:05+00:00\",\"dateModified\":\"2025-10-21T15:52:41+00:00\",\"description\":\"\u00bfNecesita un cambio de aires? Disfrute de una estancia para darse un capricho y recargar energ\u00edas en el Hotel Le Garage con vistas al mar en Biarritz\",\"breadcrumb\":{\"@id\":\"https:\\\/\\\/www.hotel-garage-biarritz.fr\\\/es\\\/ubicacion-vista-al-mar\\\/#breadcrumb\"},\"inLanguage\":\"es-ES\",\"potentialAction\":[{\"@type\":\"ReadAction\",\"target\":[\"https:\\\/\\\/www.hotel-garage-biarritz.fr\\\/es\\\/ubicacion-vista-al-mar\\\/\"]}]},{\"@type\":\"ImageObject\",\"inLanguage\":\"es-ES\",\"@id\":\"https:\\\/\\\/www.hotel-garage-biarritz.fr\\\/es\\\/ubicacion-vista-al-mar\\\/#primaryimage\",\"url\":\"https:\\\/\\\/www.hotel-garage-biarritz.fr\\\/wp-content\\\/themes\\\/legaragebtz\\\/assets\\\/images\\\/situation\\\/hotel-le-garage_situation_top-spot.jpg\",\"contentUrl\":\"https:\\\/\\\/www.hotel-garage-biarritz.fr\\\/wp-content\\\/themes\\\/legaragebtz\\\/assets\\\/images\\\/situation\\\/hotel-le-garage_situation_top-spot.jpg\"},{\"@type\":\"BreadcrumbList\",\"@id\":\"https:\\\/\\\/www.hotel-garage-biarritz.fr\\\/es\\\/ubicacion-vista-al-mar\\\/#breadcrumb\",\"itemListElement\":[{\"@type\":\"ListItem\",\"position\":1,\"name\":\"Accueil\",\"item\":\"https:\\\/\\\/www.hotel-garage-biarritz.fr\\\/es\\\/\"},{\"@type\":\"ListItem\",\"position\":2,\"name\":\"Alrededores\"}]},{\"@type\":\"WebSite\",\"@id\":\"https:\\\/\\\/www.hotel-garage-biarritz.fr\\\/#website\",\"url\":\"https:\\\/\\\/www.hotel-garage-biarritz.fr\\\/\",\"name\":\"Le Garage\",\"description\":\"Biarritz\",\"publisher\":{\"@id\":\"https:\\\/\\\/www.hotel-garage-biarritz.fr\\\/#organization\"},\"potentialAction\":[{\"@type\":\"SearchAction\",\"target\":{\"@type\":\"EntryPoint\",\"urlTemplate\":\"https:\\\/\\\/www.hotel-garage-biarritz.fr\\\/?s={search_term_string}\"},\"query-input\":{\"@type\":\"PropertyValueSpecification\",\"valueRequired\":true,\"valueName\":\"search_term_string\"}}],\"inLanguage\":\"es-ES\"},{\"@type\":\"Organization\",\"@id\":\"https:\\\/\\\/www.hotel-garage-biarritz.fr\\\/#organization\",\"name\":\"H\u00f4tel Le Garage\",\"url\":\"https:\\\/\\\/www.hotel-garage-biarritz.fr\\\/\",\"logo\":{\"@type\":\"ImageObject\",\"inLanguage\":\"es-ES\",\"@id\":\"https:\\\/\\\/www.hotel-garage-biarritz.fr\\\/#\\\/schema\\\/logo\\\/image\\\/\",\"url\":\"https:\\\/\\\/www.hotel-garage-biarritz.fr\\\/wp-content\\\/uploads\\\/2021\\\/03\\\/hotel-le-garage_footer-logo-arch.png\",\"contentUrl\":\"https:\\\/\\\/www.hotel-garage-biarritz.fr\\\/wp-content\\\/uploads\\\/2021\\\/03\\\/hotel-le-garage_footer-logo-arch.png\",\"width\":524,\"height\":707,\"caption\":\"H\u00f4tel Le Garage\"},\"image\":{\"@id\":\"https:\\\/\\\/www.hotel-garage-biarritz.fr\\\/#\\\/schema\\\/logo\\\/image\\\/\"},\"sameAs\":[\"https:\\\/\\\/www.instagram.com\\\/garagebiarritz\\\/\"]}]}<\/script>\n<!-- \/ Yoast SEO plugin. -->","yoast_head_json":{"title":"Hotel en Biarritz con una espl\u00e9ndida vista al mar | Le Garage","description":"\u00bfNecesita un cambio de aires? Disfrute de una estancia para darse un capricho y recargar energ\u00edas en el Hotel Le Garage con vistas al mar en Biarritz","robots":{"index":"index","follow":"follow","max-snippet":"max-snippet:-1","max-image-preview":"max-image-preview:large","max-video-preview":"max-video-preview:-1"},"canonical":"https:\/\/www.hotel-garage-biarritz.fr\/es\/ubicacion-vista-al-mar\/","og_locale":"es_ES","og_type":"article","og_title":"Hotel en Biarritz con una espl\u00e9ndida vista al mar | Le Garage","og_description":"\u00bfNecesita un cambio de aires? Disfrute de una estancia para darse un capricho y recargar energ\u00edas en el Hotel Le Garage con vistas al mar en Biarritz","og_url":"https:\/\/www.hotel-garage-biarritz.fr\/es\/ubicacion-vista-al-mar\/","og_site_name":"Le Garage","article_modified_time":"2025-10-21T15:52:41+00:00","og_image":[{"url":"https:\/\/www.hotel-garage-biarritz.fr\/wp-content\/themes\/legaragebtz\/assets\/images\/situation\/hotel-le-garage_situation_top-spot.jpg","type":"","width":"","height":""}],"twitter_card":"summary_large_image","twitter_misc":{"Est. reading time":"3 minutes"},"schema":{"@context":"https:\/\/schema.org","@graph":[{"@type":"WebPage","@id":"https:\/\/www.hotel-garage-biarritz.fr\/es\/ubicacion-vista-al-mar\/","url":"https:\/\/www.hotel-garage-biarritz.fr\/es\/ubicacion-vista-al-mar\/","name":"Hotel en Biarritz con una espl\u00e9ndida vista al mar | Le Garage","isPartOf":{"@id":"https:\/\/www.hotel-garage-biarritz.fr\/#website"},"primaryImageOfPage":{"@id":"https:\/\/www.hotel-garage-biarritz.fr\/es\/ubicacion-vista-al-mar\/#primaryimage"},"image":{"@id":"https:\/\/www.hotel-garage-biarritz.fr\/es\/ubicacion-vista-al-mar\/#primaryimage"},"thumbnailUrl":"https:\/\/www.hotel-garage-biarritz.fr\/wp-content\/themes\/legaragebtz\/assets\/images\/situation\/hotel-le-garage_situation_top-spot.jpg","datePublished":"2021-02-25T12:18:05+00:00","dateModified":"2025-10-21T15:52:41+00:00","description":"\u00bfNecesita un cambio de aires? Disfrute de una estancia para darse un capricho y recargar energ\u00edas en el Hotel Le Garage con vistas al mar en Biarritz","breadcrumb":{"@id":"https:\/\/www.hotel-garage-biarritz.fr\/es\/ubicacion-vista-al-mar\/#breadcrumb"},"inLanguage":"es-ES","potentialAction":[{"@type":"ReadAction","target":["https:\/\/www.hotel-garage-biarritz.fr\/es\/ubicacion-vista-al-mar\/"]}]},{"@type":"ImageObject","inLanguage":"es-ES","@id":"https:\/\/www.hotel-garage-biarritz.fr\/es\/ubicacion-vista-al-mar\/#primaryimage","url":"https:\/\/www.hotel-garage-biarritz.fr\/wp-content\/themes\/legaragebtz\/assets\/images\/situation\/hotel-le-garage_situation_top-spot.jpg","contentUrl":"https:\/\/www.hotel-garage-biarritz.fr\/wp-content\/themes\/legaragebtz\/assets\/images\/situation\/hotel-le-garage_situation_top-spot.jpg"},{"@type":"BreadcrumbList","@id":"https:\/\/www.hotel-garage-biarritz.fr\/es\/ubicacion-vista-al-mar\/#breadcrumb","itemListElement":[{"@type":"ListItem","position":1,"name":"Accueil","item":"https:\/\/www.hotel-garage-biarritz.fr\/es\/"},{"@type":"ListItem","position":2,"name":"Alrededores"}]},{"@type":"WebSite","@id":"https:\/\/www.hotel-garage-biarritz.fr\/#website","url":"https:\/\/www.hotel-garage-biarritz.fr\/","name":"Le Garage","description":"Biarritz","publisher":{"@id":"https:\/\/www.hotel-garage-biarritz.fr\/#organization"},"potentialAction":[{"@type":"SearchAction","target":{"@type":"EntryPoint","urlTemplate":"https:\/\/www.hotel-garage-biarritz.fr\/?s={search_term_string}"},"query-input":{"@type":"PropertyValueSpecification","valueRequired":true,"valueName":"search_term_string"}}],"inLanguage":"es-ES"},{"@type":"Organization","@id":"https:\/\/www.hotel-garage-biarritz.fr\/#organization","name":"H\u00f4tel Le Garage","url":"https:\/\/www.hotel-garage-biarritz.fr\/","logo":{"@type":"ImageObject","inLanguage":"es-ES","@id":"https:\/\/www.hotel-garage-biarritz.fr\/#\/schema\/logo\/image\/","url":"https:\/\/www.hotel-garage-biarritz.fr\/wp-content\/uploads\/2021\/03\/hotel-le-garage_footer-logo-arch.png","contentUrl":"https:\/\/www.hotel-garage-biarritz.fr\/wp-content\/uploads\/2021\/03\/hotel-le-garage_footer-logo-arch.png","width":524,"height":707,"caption":"H\u00f4tel Le Garage"},"image":{"@id":"https:\/\/www.hotel-garage-biarritz.fr\/#\/schema\/logo\/image\/"},"sameAs":["https:\/\/www.instagram.com\/garagebiarritz\/"]}]}},"_links":{"self":[{"href":"https:\/\/www.hotel-garage-biarritz.fr\/es\/wp-json\/wp\/v2\/pages\/1814","targetHints":{"allow":["GET"]}}],"collection":[{"href":"https:\/\/www.hotel-garage-biarritz.fr\/es\/wp-json\/wp\/v2\/pages"}],"about":[{"href":"https:\/\/www.hotel-garage-biarritz.fr\/es\/wp-json\/wp\/v2\/types\/page"}],"author":[{"embeddable":true,"href":"https:\/\/www.hotel-garage-biarritz.fr\/es\/wp-json\/wp\/v2\/users\/1"}],"replies":[{"embeddable":true,"href":"https:\/\/www.hotel-garage-biarritz.fr\/es\/wp-json\/wp\/v2\/comments?post=1814"}],"version-history":[{"count":2,"href":"https:\/\/www.hotel-garage-biarritz.fr\/es\/wp-json\/wp\/v2\/pages\/1814\/revisions"}],"predecessor-version":[{"id":5071,"href":"https:\/\/www.hotel-garage-biarritz.fr\/es\/wp-json\/wp\/v2\/pages\/1814\/revisions\/5071"}],"wp:attachment":[{"href":"https:\/\/www.hotel-garage-biarritz.fr\/es\/wp-json\/wp\/v2\/media?parent=1814"}],"curies":[{"name":"wp","href":"https:\/\/api.w.org\/{rel}","templated":true}]}}