{"id":1787,"date":"2021-08-10T13:53:14","date_gmt":"2021-08-10T11:53:14","guid":{"rendered":"https:\/\/www.hotel-garage-biarritz.fr\/?page_id=1787"},"modified":"2026-03-09T10:15:29","modified_gmt":"2026-03-09T09:15:29","slug":"restaurante","status":"publish","type":"page","link":"https:\/\/www.hotel-garage-biarritz.fr\/es\/restaurante\/","title":{"rendered":"Le Restaurant du Garage"},"content":{"rendered":"\n<div class=\"wp-block-columns alignwide home-top-spot-type-columns is-layout-flex wp-container-core-columns-is-layout-9d6595d7 wp-block-columns-is-layout-flex\">\n<div class=\"wp-block-column top-spot-column-one is-layout-flow wp-block-column-is-layout-flow\">\n<figure class=\"wp-block-image size-full\"><img decoding=\"async\" src=\"https:\/\/www.hotel-garage-biarritz.fr\/wp-content\/themes\/legaragebtz\/assets\/images\/neo-bistrot\/hotel-le-garage_neo-bistrot_top-spot.jpg\" alt=\"Fa\u00e7ade Le Garage Regina \u00e0 l'\u00e9poque - Biarritz\"\/><\/figure>\n<\/div>\n\n\n\n<div class=\"wp-block-column top-spot-column-two is-layout-flow wp-block-column-is-layout-flow\">\n<div class=\"wp-block-group\"><div class=\"wp-block-group__inner-container is-layout-flow wp-block-group-is-layout-flow\"><\/div><\/div>\n<\/div>\n\n\n\n<div class=\"wp-block-column top-spot-column-three is-layout-flow wp-block-column-is-layout-flow\">\n<h1 class=\"wp-block-heading\" id=\"neo-bistrot-a-biarritz\">Le Restaurant du Garage en Biarritz<br><\/h1>\n\n\n\n<p>En un entorno vintage y colorido, el restaurante del hotel boutique <strong>Le Garage Biarritz<\/strong> te invita a disfrutar de un par\u00e9ntesis gourmet, generoso y lleno de frescura. El chef ejecutivo <strong>Rudy Ballin<\/strong>, Le Restaurant du Garage cobra nueva vida con una carta vibrante y mestiza, pensada para compartir, emocionar y sorprender.<br><\/p>\n<\/div>\n<\/div>\n\n\n\n<div class=\"wp-block-columns alignwide type-1-spotlight-columns bistrot-type-1-spotlight-columns is-layout-flex wp-container-core-columns-is-layout-9d6595d7 wp-block-columns-is-layout-flex\">\n<div class=\"wp-block-column type-1-spotlight-column-one is-layout-flow wp-block-column-is-layout-flow\">\n<h3 class=\"wp-block-heading\" id=\"venez-deguster-des-produits-locaux-typiques-basques\"><strong>Una cocina colorida, equilibrada e inspirada<br><\/strong><\/h3>\n\n\n\n<p><\/p>\n\n\n\n<p><strong>Le Restaurant du Garage<\/strong> celebra la riqueza del Pa\u00eds Vasco con una cocina luminosa y espont\u00e1nea. A mediod\u00eda o por la noche, los platos se llenan de colores y contrastes: <strong>croquetas de Ossau-Iraty<\/strong>, <strong>tartar de pescado local<\/strong> con lima y manzana Granny Smith, o <strong>huevo con mayonesa<\/strong> y virutas de foie gras. Al ritmo de las llegadas de productos, la carta se renueva con tourned\u00f3 de ternera con queso de oveja, <strong>vieiras con mantequilla blanca al dashi<\/strong> o pappardelle caseras con setas confitadas. Cada plato invita a saborear el momento presente entre autenticidad, frescura y creatividad.<\/p>\n\n\n\n<p class=\"neo-bistrot-links\"><a href=\"https:\/\/www.hotel-garage-biarritz.fr\/es\/carte-neo-bistrot-piscine\/\" target=\"_blank\" rel=\"noreferrer noopener\">El men\u00fa<\/a><br><a href=\"https:\/\/www.hotel-garage-biarritz.fr\/carte-des-drinks\/\">Las bebidas<\/a><br><a href=\"https:\/\/www.hotel-garage-biarritz.fr\/petit-dejeuner-en-chambre\/\">El desayuno<\/a><br><a href=\"https:\/\/www.hotel-garage-biarritz.fr\/en\/the-sunday-music-brunch\/\">Domingos : Brunch<br><\/a><\/p>\n\n\n\n<p><strong>Abierto desde el martes por la noche hasta el brunch del domingo.<br><\/strong>Men\u00fa diario disponible todo el d\u00eda.<\/p>\n\n\n\n<p><\/p>\n<\/div>\n\n\n\n<div class=\"wp-block-column type-1-spotlight-column-two is-layout-flow wp-block-column-is-layout-flow\">\n<figure class=\"wp-block-image size-full\"><img loading=\"lazy\" decoding=\"async\" width=\"1365\" height=\"2048\" src=\"https:\/\/www.hotel-garage-biarritz.fr\/wp-content\/uploads\/2025\/07\/@salome_rateau-262.jpg\" alt=\"\" class=\"wp-image-4646\" srcset=\"https:\/\/www.hotel-garage-biarritz.fr\/wp-content\/uploads\/2025\/07\/@salome_rateau-262.jpg 1365w, https:\/\/www.hotel-garage-biarritz.fr\/wp-content\/uploads\/2025\/07\/@salome_rateau-262-200x300.jpg 200w, https:\/\/www.hotel-garage-biarritz.fr\/wp-content\/uploads\/2025\/07\/@salome_rateau-262-683x1024.jpg 683w, https:\/\/www.hotel-garage-biarritz.fr\/wp-content\/uploads\/2025\/07\/@salome_rateau-262-768x1152.jpg 768w, https:\/\/www.hotel-garage-biarritz.fr\/wp-content\/uploads\/2025\/07\/@salome_rateau-262-1024x1536.jpg 1024w\" sizes=\"auto, (max-width: 1365px) 100vw, 1365px\" \/><\/figure>\n<\/div>\n<\/div>\n\n\n\n<div class=\"wp-block-columns alignwide type-2-spotlight-columns bistrot-type-2-spotlight-columns is-layout-flex wp-container-core-columns-is-layout-9d6595d7 wp-block-columns-is-layout-flex\">\n<div class=\"wp-block-column type-2-spotlight-column-one is-layout-flow wp-block-column-is-layout-flow\">\n<figure class=\"wp-block-image size-full\"><img decoding=\"async\" src=\"https:\/\/www.hotel-garage-biarritz.fr\/wp-content\/themes\/legaragebtz\/assets\/images\/neo-bistrot\/hotel-le-garage_neo-bistrot_02.jpg\" alt=\"D\u00e9tail d\u00e9co vintage Hotel Le Garage Biarritz\"\/><\/figure>\n<\/div>\n\n\n\n<div class=\"wp-block-column type-2-spotlight-column-two is-layout-flow wp-block-column-is-layout-flow\">\n<figure class=\"wp-block-image size-large size-full\"><img loading=\"lazy\" decoding=\"async\" width=\"683\" height=\"1024\" src=\"https:\/\/www.hotel-garage-biarritz.fr\/wp-content\/uploads\/2025\/07\/@salome_rateau-121-683x1024.jpg\" alt=\"\" class=\"wp-image-4635\" srcset=\"https:\/\/www.hotel-garage-biarritz.fr\/wp-content\/uploads\/2025\/07\/@salome_rateau-121-683x1024.jpg 683w, https:\/\/www.hotel-garage-biarritz.fr\/wp-content\/uploads\/2025\/07\/@salome_rateau-121-200x300.jpg 200w, https:\/\/www.hotel-garage-biarritz.fr\/wp-content\/uploads\/2025\/07\/@salome_rateau-121-768x1152.jpg 768w, https:\/\/www.hotel-garage-biarritz.fr\/wp-content\/uploads\/2025\/07\/@salome_rateau-121-1024x1536.jpg 1024w, https:\/\/www.hotel-garage-biarritz.fr\/wp-content\/uploads\/2025\/07\/@salome_rateau-121.jpg 1365w\" sizes=\"auto, (max-width: 683px) 100vw, 683px\" \/><\/figure>\n<\/div>\n\n\n\n<div class=\"wp-block-column type-2-spotlight-column-three is-layout-flow wp-block-column-is-layout-flow\">\n<h3 class=\"wp-block-heading\" id=\"le-chef-offre-une-carte-gourmande-et-affutee\">Platos para compartir<\/h3>\n\n\n\n<p>El esp\u00edritu del Garage se expresa tambi\u00e9n en el formato de la carta: platos pensados para picar, probar y compartir. Zanahorias glaseadas al zumo de naranja, caballa a la llama con crema de almendras frescas, burrata de Bilbao con pesto de ajo silvestre o tataki de at\u00fan rojo de Saint-Jean-de-Luz: cada plato est\u00e1 cuidadosamente trabajado, pero se sirve en un ambiente relajado, ya sea en el comedor abierto, en la terraza o junto a la piscina.<\/p>\n<\/div>\n<\/div>\n\n\n\n<div class=\"wp-block-columns alignwide type-3-spotlight-columns bistrot-type-3-spotlight-columns is-layout-flex wp-container-core-columns-is-layout-9d6595d7 wp-block-columns-is-layout-flex\">\n<div class=\"wp-block-column type-3-spotlight-column-one is-layout-flow wp-block-column-is-layout-flow\">\n<h3 class=\"wp-block-heading\" id=\"on-se-laissera-ensuite-seduire-les-papilles\">Cl\u00e1sicos reinterpretados con audacia<br><\/h3>\n\n\n\n<p>Algunos platos resumen a la perfecci\u00f3n la firma del chef, como el <strong>taloa de ma\u00edz Grand Roux<\/strong>. Aqu\u00ed, la tradicional galette vasca se transforma: <strong>cerdo confitado, crema cruda con cardamomo, encurtido de pimientos rojos, trigo sarraceno inflado y cilantro fresco<\/strong> componen un plato con ra\u00edces, pero sorprendente. En esa misma l\u00ednea, la <strong>panceta laqueada de cerdo Kintoa<\/strong>, servida con granola crujiente de ma\u00edz y confitura de mango especiada, encarna esa cocina de contrastes: potente, precisa y siempre inesperada.<\/p>\n<\/div>\n\n\n\n<div class=\"wp-block-column type-3-spotlight-column-two is-layout-flow wp-block-column-is-layout-flow\">\n<figure class=\"wp-block-image size-large size-full\"><img loading=\"lazy\" decoding=\"async\" width=\"683\" height=\"1024\" src=\"https:\/\/www.hotel-garage-biarritz.fr\/wp-content\/uploads\/2025\/07\/@salome_rateau-143-683x1024.jpg\" alt=\"\" class=\"wp-image-4639\" srcset=\"https:\/\/www.hotel-garage-biarritz.fr\/wp-content\/uploads\/2025\/07\/@salome_rateau-143-683x1024.jpg 683w, https:\/\/www.hotel-garage-biarritz.fr\/wp-content\/uploads\/2025\/07\/@salome_rateau-143-200x300.jpg 200w, https:\/\/www.hotel-garage-biarritz.fr\/wp-content\/uploads\/2025\/07\/@salome_rateau-143-768x1152.jpg 768w, https:\/\/www.hotel-garage-biarritz.fr\/wp-content\/uploads\/2025\/07\/@salome_rateau-143-1024x1536.jpg 1024w, https:\/\/www.hotel-garage-biarritz.fr\/wp-content\/uploads\/2025\/07\/@salome_rateau-143.jpg 1365w\" sizes=\"auto, (max-width: 683px) 100vw, 683px\" \/><\/figure>\n<\/div>\n\n\n\n<div class=\"wp-block-column type-3-spotlight-column-three is-layout-flow wp-block-column-is-layout-flow\">\n<figure class=\"wp-block-image size-full\"><img decoding=\"async\" src=\"https:\/\/www.hotel-garage-biarritz.fr\/wp-content\/themes\/legaragebtz\/assets\/images\/neo-bistrot\/hotel-le-garage_neo-bistrot_05.jpg\" alt=\"Collines du Pays basque\"\/><\/figure>\n<\/div>\n<\/div>\n\n\n\n<div class=\"wp-block-columns alignwide type-4-spotlight-columns bistrot-type-4-spotlight-columns is-layout-flex wp-container-core-columns-is-layout-9d6595d7 wp-block-columns-is-layout-flex\">\n<div class=\"wp-block-column type-4-spotlight-column-one is-layout-flow wp-block-column-is-layout-flow\">\n<figure class=\"wp-block-image size-large size-full\"><img loading=\"lazy\" decoding=\"async\" width=\"683\" height=\"1024\" src=\"https:\/\/www.hotel-garage-biarritz.fr\/wp-content\/uploads\/2025\/07\/@salome_rateau-302-1-683x1024.jpg\" alt=\"\" class=\"wp-image-4654\" srcset=\"https:\/\/www.hotel-garage-biarritz.fr\/wp-content\/uploads\/2025\/07\/@salome_rateau-302-1-683x1024.jpg 683w, https:\/\/www.hotel-garage-biarritz.fr\/wp-content\/uploads\/2025\/07\/@salome_rateau-302-1-200x300.jpg 200w, https:\/\/www.hotel-garage-biarritz.fr\/wp-content\/uploads\/2025\/07\/@salome_rateau-302-1-768x1152.jpg 768w, https:\/\/www.hotel-garage-biarritz.fr\/wp-content\/uploads\/2025\/07\/@salome_rateau-302-1-1024x1536.jpg 1024w, https:\/\/www.hotel-garage-biarritz.fr\/wp-content\/uploads\/2025\/07\/@salome_rateau-302-1.jpg 1365w\" sizes=\"auto, (max-width: 683px) 100vw, 683px\" \/><\/figure>\n<\/div>\n\n\n\n<div class=\"wp-block-column type-4-spotlight-column-two is-layout-flow wp-block-column-is-layout-flow\">\n<h3 class=\"wp-block-heading\" id=\"pour-les-becs-sucres\">Para los amantes de los dulces,<\/h3>\n\n\n\n<p>Los postres contin\u00faan el viaje con cl\u00e1sicos reinventados: <strong>tartaleta de vainilla de Madagascar con fresas<\/strong>, sorbete de fresa y verbena; <strong>pavlova con combawa<\/strong>, crema cruda de haba tonka, higo asado y gel de lim\u00f3n tostado. Sin olvidar el <strong>pastel vasco de la Maison Loub\u00e8re<\/strong>, acompa\u00f1ado de sorbete de cereza negra.<\/p>\n<\/div>\n\n\n\n<div class=\"wp-block-column type-4-spotlight-column-three is-layout-flow wp-block-column-is-layout-flow\">\n<figure class=\"wp-block-image size-full\"><img decoding=\"async\" src=\"https:\/\/www.hotel-garage-biarritz.fr\/wp-content\/themes\/legaragebtz\/assets\/images\/neo-bistrot\/hotel-le-garage_neo-bistrot_07.jpg\" alt=\"Surfeurs et baigneurs \u00e0 la plage\"\/><\/figure>\n<\/div>\n<\/div>\n\n\n\n<div class=\"wp-block-columns alignwide type-5-spotlight-columns bistrot-type-5-spotlight-columns is-layout-flex wp-container-core-columns-is-layout-9d6595d7 wp-block-columns-is-layout-flex\">\n<div class=\"wp-block-column type-5-spotlight-column-one is-layout-flow wp-block-column-is-layout-flow\">\n<h3 class=\"wp-block-heading\" id=\"le-restaurant-est-ouvert-midi-et-soir\">El restaurante est\u00e1 abierto al mediod\u00eda y por la noche,<\/h3>\n\n\n\n<p>En el coraz\u00f3n del patio y frente a la piscina, ofrece un descubrimiento culinario de los sabores locales del Pa\u00eds Vasco. \u00a1Es al aire libre donde ocurre todo! Bajo el sol, en la bonita terraza con vistas a la piscina y al jard\u00edn, con mobiliario colorido, el restaurante del H\u00f4tel le Garage Biarritz es un verdadero oasis urbano en Biarritz. Este lugar emblem\u00e1tico de la Costa Vasca es el sitio perfecto para un desayuno r\u00e1pido, un almuerzo junto a la piscina, una cena o una \u00faltima copa con amigos.<br><\/p>\n<\/div>\n\n\n\n<div class=\"wp-block-column type-5-spotlight-column-two is-layout-flow wp-block-column-is-layout-flow\">\n<figure class=\"wp-block-image size-large size-full\"><img loading=\"lazy\" decoding=\"async\" width=\"683\" height=\"1024\" src=\"https:\/\/www.hotel-garage-biarritz.fr\/wp-content\/uploads\/2025\/10\/salome_rateau-18-3-683x1024.jpg\" alt=\"Terrasse jardin Le Garage Biarritz\" class=\"wp-image-4951\" srcset=\"https:\/\/www.hotel-garage-biarritz.fr\/wp-content\/uploads\/2025\/10\/salome_rateau-18-3-683x1024.jpg 683w, https:\/\/www.hotel-garage-biarritz.fr\/wp-content\/uploads\/2025\/10\/salome_rateau-18-3-200x300.jpg 200w, https:\/\/www.hotel-garage-biarritz.fr\/wp-content\/uploads\/2025\/10\/salome_rateau-18-3-768x1152.jpg 768w, https:\/\/www.hotel-garage-biarritz.fr\/wp-content\/uploads\/2025\/10\/salome_rateau-18-3-1024x1536.jpg 1024w, https:\/\/www.hotel-garage-biarritz.fr\/wp-content\/uploads\/2025\/10\/salome_rateau-18-3-1365x2048.jpg 1365w, https:\/\/www.hotel-garage-biarritz.fr\/wp-content\/uploads\/2025\/10\/salome_rateau-18-3-1568x2352.jpg 1568w, https:\/\/www.hotel-garage-biarritz.fr\/wp-content\/uploads\/2025\/10\/salome_rateau-18-3-scaled.jpg 1707w\" sizes=\"auto, (max-width: 683px) 100vw, 683px\" \/><\/figure>\n<\/div>\n\n\n\n<div class=\"wp-block-column type-5-spotlight-column-three is-layout-flow wp-block-column-is-layout-flow\">\n<figure class=\"wp-block-image size-full\"><img decoding=\"async\" src=\"https:\/\/www.hotel-garage-biarritz.fr\/wp-content\/themes\/legaragebtz\/assets\/images\/neo-bistrot\/hotel-le-garage_neo-bistrot_09.jpg\" alt=\"Vue a\u00e9rienne Golf de Biarritz\"\/><\/figure>\n<\/div>\n<\/div>\n","protected":false},"excerpt":{"rendered":"<p>Le Restaurant du Garage en Biarritz En un entorno vintage y colorido, el restaurante del hotel boutique Le Garage Biarritz te invita a disfrutar de un par\u00e9ntesis gourmet, generoso y lleno de frescura. El chef ejecutivo Rudy Ballin, Le Restaurant du Garage cobra nueva vida con una carta vibrante y mestiza, pensada para compartir, emocionar&hellip; <a class=\"more-link\" href=\"https:\/\/www.hotel-garage-biarritz.fr\/es\/restaurante\/\">Continue reading <span class=\"screen-reader-text\">Le Restaurant du Garage<\/span><\/a><\/p>\n","protected":false},"author":1,"featured_media":0,"parent":0,"menu_order":0,"comment_status":"closed","ping_status":"closed","template":"","meta":{"footnotes":""},"class_list":["post-1787","page","type-page","status-publish","hentry","entry"],"yoast_head":"<!-- This site is optimized with the Yoast SEO plugin v27.5 - https:\/\/yoast.com\/product\/yoast-seo-wordpress\/ -->\n<title>Le Restaurant du Garage en Biarritz | Fresco y convivial<\/title>\n<meta name=\"description\" content=\"Re\u00fanase en Le Restaurant du Garage de Biarritz, para comer o cenar a base de productos frescos y locales, un lugar acogedor\" \/>\n<meta name=\"robots\" content=\"index, follow, max-snippet:-1, max-image-preview:large, max-video-preview:-1\" \/>\n<link rel=\"canonical\" href=\"https:\/\/www.hotel-garage-biarritz.fr\/es\/restaurante\/\" \/>\n<meta property=\"og:locale\" content=\"es_ES\" \/>\n<meta property=\"og:type\" content=\"article\" \/>\n<meta property=\"og:title\" content=\"Le Restaurant du Garage en Biarritz | Fresco y convivial\" \/>\n<meta property=\"og:description\" content=\"Re\u00fanase en Le Restaurant du Garage de Biarritz, para comer o cenar a base de productos frescos y locales, un lugar acogedor\" \/>\n<meta property=\"og:url\" content=\"https:\/\/www.hotel-garage-biarritz.fr\/es\/restaurante\/\" \/>\n<meta property=\"og:site_name\" content=\"Le Garage\" \/>\n<meta property=\"article:modified_time\" content=\"2026-03-09T09:15:29+00:00\" \/>\n<meta property=\"og:image\" content=\"https:\/\/www.hotel-garage-biarritz.fr\/wp-content\/themes\/legaragebtz\/assets\/images\/neo-bistrot\/hotel-le-garage_neo-bistrot_top-spot.jpg\" \/>\n<meta name=\"twitter:card\" content=\"summary_large_image\" \/>\n<meta name=\"twitter:label1\" content=\"Est. reading time\" \/>\n\t<meta name=\"twitter:data1\" content=\"5 minutes\" \/>\n<script type=\"application\/ld+json\" class=\"yoast-schema-graph\">{\"@context\":\"https:\\\/\\\/schema.org\",\"@graph\":[{\"@type\":\"WebPage\",\"@id\":\"https:\\\/\\\/www.hotel-garage-biarritz.fr\\\/es\\\/restaurante\\\/\",\"url\":\"https:\\\/\\\/www.hotel-garage-biarritz.fr\\\/es\\\/restaurante\\\/\",\"name\":\"Le Restaurant du Garage en Biarritz | Fresco y convivial\",\"isPartOf\":{\"@id\":\"https:\\\/\\\/www.hotel-garage-biarritz.fr\\\/#website\"},\"primaryImageOfPage\":{\"@id\":\"https:\\\/\\\/www.hotel-garage-biarritz.fr\\\/es\\\/restaurante\\\/#primaryimage\"},\"image\":{\"@id\":\"https:\\\/\\\/www.hotel-garage-biarritz.fr\\\/es\\\/restaurante\\\/#primaryimage\"},\"thumbnailUrl\":\"https:\\\/\\\/www.hotel-garage-biarritz.fr\\\/wp-content\\\/themes\\\/legaragebtz\\\/assets\\\/images\\\/neo-bistrot\\\/hotel-le-garage_neo-bistrot_top-spot.jpg\",\"datePublished\":\"2021-08-10T11:53:14+00:00\",\"dateModified\":\"2026-03-09T09:15:29+00:00\",\"description\":\"Re\u00fanase en Le Restaurant du Garage de Biarritz, para comer o cenar a base de productos frescos y locales, un lugar acogedor\",\"breadcrumb\":{\"@id\":\"https:\\\/\\\/www.hotel-garage-biarritz.fr\\\/es\\\/restaurante\\\/#breadcrumb\"},\"inLanguage\":\"es-ES\",\"potentialAction\":[{\"@type\":\"ReadAction\",\"target\":[\"https:\\\/\\\/www.hotel-garage-biarritz.fr\\\/es\\\/restaurante\\\/\"]}]},{\"@type\":\"ImageObject\",\"inLanguage\":\"es-ES\",\"@id\":\"https:\\\/\\\/www.hotel-garage-biarritz.fr\\\/es\\\/restaurante\\\/#primaryimage\",\"url\":\"https:\\\/\\\/www.hotel-garage-biarritz.fr\\\/wp-content\\\/themes\\\/legaragebtz\\\/assets\\\/images\\\/neo-bistrot\\\/hotel-le-garage_neo-bistrot_top-spot.jpg\",\"contentUrl\":\"https:\\\/\\\/www.hotel-garage-biarritz.fr\\\/wp-content\\\/themes\\\/legaragebtz\\\/assets\\\/images\\\/neo-bistrot\\\/hotel-le-garage_neo-bistrot_top-spot.jpg\"},{\"@type\":\"BreadcrumbList\",\"@id\":\"https:\\\/\\\/www.hotel-garage-biarritz.fr\\\/es\\\/restaurante\\\/#breadcrumb\",\"itemListElement\":[{\"@type\":\"ListItem\",\"position\":1,\"name\":\"Accueil\",\"item\":\"https:\\\/\\\/www.hotel-garage-biarritz.fr\\\/es\\\/\"},{\"@type\":\"ListItem\",\"position\":2,\"name\":\"Le Restaurant du Garage\"}]},{\"@type\":\"WebSite\",\"@id\":\"https:\\\/\\\/www.hotel-garage-biarritz.fr\\\/#website\",\"url\":\"https:\\\/\\\/www.hotel-garage-biarritz.fr\\\/\",\"name\":\"Le Garage\",\"description\":\"Biarritz\",\"publisher\":{\"@id\":\"https:\\\/\\\/www.hotel-garage-biarritz.fr\\\/#organization\"},\"potentialAction\":[{\"@type\":\"SearchAction\",\"target\":{\"@type\":\"EntryPoint\",\"urlTemplate\":\"https:\\\/\\\/www.hotel-garage-biarritz.fr\\\/?s={search_term_string}\"},\"query-input\":{\"@type\":\"PropertyValueSpecification\",\"valueRequired\":true,\"valueName\":\"search_term_string\"}}],\"inLanguage\":\"es-ES\"},{\"@type\":\"Organization\",\"@id\":\"https:\\\/\\\/www.hotel-garage-biarritz.fr\\\/#organization\",\"name\":\"H\u00f4tel Le Garage\",\"url\":\"https:\\\/\\\/www.hotel-garage-biarritz.fr\\\/\",\"logo\":{\"@type\":\"ImageObject\",\"inLanguage\":\"es-ES\",\"@id\":\"https:\\\/\\\/www.hotel-garage-biarritz.fr\\\/#\\\/schema\\\/logo\\\/image\\\/\",\"url\":\"https:\\\/\\\/www.hotel-garage-biarritz.fr\\\/wp-content\\\/uploads\\\/2021\\\/03\\\/hotel-le-garage_footer-logo-arch.png\",\"contentUrl\":\"https:\\\/\\\/www.hotel-garage-biarritz.fr\\\/wp-content\\\/uploads\\\/2021\\\/03\\\/hotel-le-garage_footer-logo-arch.png\",\"width\":524,\"height\":707,\"caption\":\"H\u00f4tel Le Garage\"},\"image\":{\"@id\":\"https:\\\/\\\/www.hotel-garage-biarritz.fr\\\/#\\\/schema\\\/logo\\\/image\\\/\"},\"sameAs\":[\"https:\\\/\\\/www.instagram.com\\\/garagebiarritz\\\/\"]}]}<\/script>\n<!-- \/ Yoast SEO plugin. -->","yoast_head_json":{"title":"Le Restaurant du Garage en Biarritz | Fresco y convivial","description":"Re\u00fanase en Le Restaurant du Garage de Biarritz, para comer o cenar a base de productos frescos y locales, un lugar acogedor","robots":{"index":"index","follow":"follow","max-snippet":"max-snippet:-1","max-image-preview":"max-image-preview:large","max-video-preview":"max-video-preview:-1"},"canonical":"https:\/\/www.hotel-garage-biarritz.fr\/es\/restaurante\/","og_locale":"es_ES","og_type":"article","og_title":"Le Restaurant du Garage en Biarritz | Fresco y convivial","og_description":"Re\u00fanase en Le Restaurant du Garage de Biarritz, para comer o cenar a base de productos frescos y locales, un lugar acogedor","og_url":"https:\/\/www.hotel-garage-biarritz.fr\/es\/restaurante\/","og_site_name":"Le Garage","article_modified_time":"2026-03-09T09:15:29+00:00","og_image":[{"url":"https:\/\/www.hotel-garage-biarritz.fr\/wp-content\/themes\/legaragebtz\/assets\/images\/neo-bistrot\/hotel-le-garage_neo-bistrot_top-spot.jpg","type":"","width":"","height":""}],"twitter_card":"summary_large_image","twitter_misc":{"Est. reading time":"5 minutes"},"schema":{"@context":"https:\/\/schema.org","@graph":[{"@type":"WebPage","@id":"https:\/\/www.hotel-garage-biarritz.fr\/es\/restaurante\/","url":"https:\/\/www.hotel-garage-biarritz.fr\/es\/restaurante\/","name":"Le Restaurant du Garage en Biarritz | Fresco y convivial","isPartOf":{"@id":"https:\/\/www.hotel-garage-biarritz.fr\/#website"},"primaryImageOfPage":{"@id":"https:\/\/www.hotel-garage-biarritz.fr\/es\/restaurante\/#primaryimage"},"image":{"@id":"https:\/\/www.hotel-garage-biarritz.fr\/es\/restaurante\/#primaryimage"},"thumbnailUrl":"https:\/\/www.hotel-garage-biarritz.fr\/wp-content\/themes\/legaragebtz\/assets\/images\/neo-bistrot\/hotel-le-garage_neo-bistrot_top-spot.jpg","datePublished":"2021-08-10T11:53:14+00:00","dateModified":"2026-03-09T09:15:29+00:00","description":"Re\u00fanase en Le Restaurant du Garage de Biarritz, para comer o cenar a base de productos frescos y locales, un lugar acogedor","breadcrumb":{"@id":"https:\/\/www.hotel-garage-biarritz.fr\/es\/restaurante\/#breadcrumb"},"inLanguage":"es-ES","potentialAction":[{"@type":"ReadAction","target":["https:\/\/www.hotel-garage-biarritz.fr\/es\/restaurante\/"]}]},{"@type":"ImageObject","inLanguage":"es-ES","@id":"https:\/\/www.hotel-garage-biarritz.fr\/es\/restaurante\/#primaryimage","url":"https:\/\/www.hotel-garage-biarritz.fr\/wp-content\/themes\/legaragebtz\/assets\/images\/neo-bistrot\/hotel-le-garage_neo-bistrot_top-spot.jpg","contentUrl":"https:\/\/www.hotel-garage-biarritz.fr\/wp-content\/themes\/legaragebtz\/assets\/images\/neo-bistrot\/hotel-le-garage_neo-bistrot_top-spot.jpg"},{"@type":"BreadcrumbList","@id":"https:\/\/www.hotel-garage-biarritz.fr\/es\/restaurante\/#breadcrumb","itemListElement":[{"@type":"ListItem","position":1,"name":"Accueil","item":"https:\/\/www.hotel-garage-biarritz.fr\/es\/"},{"@type":"ListItem","position":2,"name":"Le Restaurant du Garage"}]},{"@type":"WebSite","@id":"https:\/\/www.hotel-garage-biarritz.fr\/#website","url":"https:\/\/www.hotel-garage-biarritz.fr\/","name":"Le Garage","description":"Biarritz","publisher":{"@id":"https:\/\/www.hotel-garage-biarritz.fr\/#organization"},"potentialAction":[{"@type":"SearchAction","target":{"@type":"EntryPoint","urlTemplate":"https:\/\/www.hotel-garage-biarritz.fr\/?s={search_term_string}"},"query-input":{"@type":"PropertyValueSpecification","valueRequired":true,"valueName":"search_term_string"}}],"inLanguage":"es-ES"},{"@type":"Organization","@id":"https:\/\/www.hotel-garage-biarritz.fr\/#organization","name":"H\u00f4tel Le Garage","url":"https:\/\/www.hotel-garage-biarritz.fr\/","logo":{"@type":"ImageObject","inLanguage":"es-ES","@id":"https:\/\/www.hotel-garage-biarritz.fr\/#\/schema\/logo\/image\/","url":"https:\/\/www.hotel-garage-biarritz.fr\/wp-content\/uploads\/2021\/03\/hotel-le-garage_footer-logo-arch.png","contentUrl":"https:\/\/www.hotel-garage-biarritz.fr\/wp-content\/uploads\/2021\/03\/hotel-le-garage_footer-logo-arch.png","width":524,"height":707,"caption":"H\u00f4tel Le Garage"},"image":{"@id":"https:\/\/www.hotel-garage-biarritz.fr\/#\/schema\/logo\/image\/"},"sameAs":["https:\/\/www.instagram.com\/garagebiarritz\/"]}]}},"_links":{"self":[{"href":"https:\/\/www.hotel-garage-biarritz.fr\/es\/wp-json\/wp\/v2\/pages\/1787","targetHints":{"allow":["GET"]}}],"collection":[{"href":"https:\/\/www.hotel-garage-biarritz.fr\/es\/wp-json\/wp\/v2\/pages"}],"about":[{"href":"https:\/\/www.hotel-garage-biarritz.fr\/es\/wp-json\/wp\/v2\/types\/page"}],"author":[{"embeddable":true,"href":"https:\/\/www.hotel-garage-biarritz.fr\/es\/wp-json\/wp\/v2\/users\/1"}],"replies":[{"embeddable":true,"href":"https:\/\/www.hotel-garage-biarritz.fr\/es\/wp-json\/wp\/v2\/comments?post=1787"}],"version-history":[{"count":32,"href":"https:\/\/www.hotel-garage-biarritz.fr\/es\/wp-json\/wp\/v2\/pages\/1787\/revisions"}],"predecessor-version":[{"id":5525,"href":"https:\/\/www.hotel-garage-biarritz.fr\/es\/wp-json\/wp\/v2\/pages\/1787\/revisions\/5525"}],"wp:attachment":[{"href":"https:\/\/www.hotel-garage-biarritz.fr\/es\/wp-json\/wp\/v2\/media?parent=1787"}],"curies":[{"name":"wp","href":"https:\/\/api.w.org\/{rel}","templated":true}]}}