{"id":1762,"date":"2021-02-17T15:17:17","date_gmt":"2021-02-17T14:17:17","guid":{"rendered":"https:\/\/www.hotel-garage-biarritz.fr\/?page_id=1762"},"modified":"2025-11-03T22:18:00","modified_gmt":"2025-11-03T21:18:00","slug":"su-nuevo-hogar-en-biarritz","status":"publish","type":"page","link":"https:\/\/www.hotel-garage-biarritz.fr\/es\/","title":{"rendered":"Su nuevo hogar en Biarritz"},"content":{"rendered":"\n<div class=\"wp-block-columns alignwide home-top-spot-type-columns is-layout-flex wp-container-core-columns-is-layout-9d6595d7 wp-block-columns-is-layout-flex\">\n<div class=\"wp-block-column top-spot-column-one is-layout-flow wp-block-column-is-layout-flow\">\n<figure class=\"wp-block-image size-large\"><img loading=\"lazy\" decoding=\"async\" width=\"1024\" height=\"683\" src=\"https:\/\/www.hotel-garage-biarritz.fr\/wp-content\/uploads\/2025\/10\/salome_rateau-56-1024x683.jpg\" alt=\"Fa\u00e7ade Le Garage Biarritz H\u00f4tel\" class=\"wp-image-4957\" srcset=\"https:\/\/www.hotel-garage-biarritz.fr\/wp-content\/uploads\/2025\/10\/salome_rateau-56-1024x683.jpg 1024w, https:\/\/www.hotel-garage-biarritz.fr\/wp-content\/uploads\/2025\/10\/salome_rateau-56-300x200.jpg 300w, https:\/\/www.hotel-garage-biarritz.fr\/wp-content\/uploads\/2025\/10\/salome_rateau-56-768x512.jpg 768w, https:\/\/www.hotel-garage-biarritz.fr\/wp-content\/uploads\/2025\/10\/salome_rateau-56-1536x1024.jpg 1536w, https:\/\/www.hotel-garage-biarritz.fr\/wp-content\/uploads\/2025\/10\/salome_rateau-56-2048x1365.jpg 2048w, https:\/\/www.hotel-garage-biarritz.fr\/wp-content\/uploads\/2025\/10\/salome_rateau-56-1568x1045.jpg 1568w\" sizes=\"auto, (max-width: 1024px) 100vw, 1024px\" \/><\/figure>\n<\/div>\n\n\n\n<div class=\"wp-block-column top-spot-column-two is-layout-flow wp-block-column-is-layout-flow\">\n<div class=\"wp-block-group\"><div class=\"wp-block-group__inner-container is-layout-flow wp-block-group-is-layout-flow\"><\/div><\/div>\n<\/div>\n\n\n\n<div class=\"wp-block-column top-spot-column-three is-layout-flow wp-block-column-is-layout-flow\">\n<h1 class=\"wp-block-heading\" id=\"votre-nouvelle-adresse-a-biarritz\">Su hogar en Biarritz<\/h1>\n\n\n\n<p>Bienvenidos al hotel Le Garage Biarritz. Un hotel privado, intemporal y \u00fanico, con situado cerca al mar. Con sus 27 habitaciones y suites de dise\u00f1o neo-retro, sus hermosas terrazas y su piscina, venga a vivir la nueva experiencia de una estancia en un hotel de vanguardia. Deje sus maletas en un lugar c\u00e1lido y lleno de historia, un antiguo garaje que albergaba los coches m\u00e1s bellos de la \u201cBelle \u00c9poque\u201d y que ha sido completamente renovado en un hotel de lujo desinhibido.<\/p>\n<\/div>\n<\/div>\n\n\n\n<div class=\"wp-block-columns alignwide type-1-spotlight-columns home-type-1-spotlight-columns is-layout-flex wp-container-core-columns-is-layout-9d6595d7 wp-block-columns-is-layout-flex\">\n<div class=\"wp-block-column type-1-spotlight-column-one is-layout-flow wp-block-column-is-layout-flow\">\n<h3 class=\"wp-block-heading\" id=\"decouvrez-la-formidable-histoire-du-garage\">Descubra la maravillosa historia del Garaje&#8230;<\/h3>\n\n\n\n<p>&#8230; lo que hace honor a su nombre. Sum\u00e9rjase en la Belle \u00c9poque, en el coraz\u00f3n de los coches de \u00e9poca y los aviones historicos. Hace m\u00e1s de 100 a\u00f1os, este edificio de incre\u00edble arquitectura y puerta arqueada era un aeroclub, luego un garaje de coches para los clientes adinerados del Hotel R\u00e9gina y finalmente un garaje de coches cl\u00e1sicos, todo ello frente al oc\u00e9ano en Biarritz.Lo que hace honor a su nombre. Sum\u00e9rjase en la Belle \u00c9poque, en el coraz\u00f3n de los coches de \u00e9poca y los aviones historicos. Hace m\u00e1s de 100 a\u00f1os, este edificio de incre\u00edble arquitectura y puerta arqueada era un aeroclub, luego un garaje de coches para los clientes adinerados del Hotel R\u00e9gina y finalmente un garaje de coches cl\u00e1sicos, todo ello frente al oc\u00e9ano en Biarritz.<\/p>\n\n\n\n<p class=\"underlined-link\"><a href=\"https:\/\/www.hotel-garage-biarritz.fr\/es\/historia\/\">Descubre la historia del Garage Biarritz<\/a><\/p>\n<\/div>\n\n\n\n<div class=\"wp-block-column type-1-spotlight-column-two is-layout-flow wp-block-column-is-layout-flow\">\n<h2 class=\"wp-block-heading\" id=\"histoire\">Histoire<\/h2>\n\n\n\n<figure class=\"wp-block-image size-full\"><img decoding=\"async\" src=\"https:\/\/www.hotel-garage-biarritz.fr\/wp-content\/themes\/legaragebtz\/assets\/images\/home\/hotel-le-garage_home_01.jpg\" alt=\"Le Garage Regina \u00e0 l'\u00e9poque \u00e0 Biarritz\"\/><\/figure>\n<\/div>\n<\/div>\n\n\n\n<div class=\"wp-block-columns alignwide type-2-spotlight-columns home-type-2-spotlight-columns is-layout-flex wp-container-core-columns-is-layout-9d6595d7 wp-block-columns-is-layout-flex\">\n<div class=\"wp-block-column type-2-spotlight-column-one is-layout-flow wp-block-column-is-layout-flow\">\n<figure class=\"wp-block-image size-full\"><img decoding=\"async\" src=\"https:\/\/www.hotel-garage-biarritz.fr\/wp-content\/themes\/legaragebtz\/assets\/images\/home\/hotel-le-garage_home_02.jpg\" alt=\"D\u00e9tail d\u00e9co vintage Hotel Le Garage Biarritz\"\/><\/figure>\n<\/div>\n\n\n\n<div class=\"wp-block-column type-2-spotlight-column-two is-layout-flow wp-block-column-is-layout-flow\">\n<figure class=\"wp-block-image size-large size-full\"><img loading=\"lazy\" decoding=\"async\" width=\"683\" height=\"1024\" src=\"https:\/\/www.hotel-garage-biarritz.fr\/wp-content\/uploads\/2025\/10\/@salome_rateau-68-683x1024.jpg\" alt=\"Salle de bain Le Garage H\u00f4tel Biarritz\" class=\"wp-image-4964\" srcset=\"https:\/\/www.hotel-garage-biarritz.fr\/wp-content\/uploads\/2025\/10\/@salome_rateau-68-683x1024.jpg 683w, https:\/\/www.hotel-garage-biarritz.fr\/wp-content\/uploads\/2025\/10\/@salome_rateau-68-200x300.jpg 200w, https:\/\/www.hotel-garage-biarritz.fr\/wp-content\/uploads\/2025\/10\/@salome_rateau-68-768x1152.jpg 768w, https:\/\/www.hotel-garage-biarritz.fr\/wp-content\/uploads\/2025\/10\/@salome_rateau-68.jpg 800w\" sizes=\"auto, (max-width: 683px) 100vw, 683px\" \/><\/figure>\n<\/div>\n\n\n\n<div class=\"wp-block-column type-2-spotlight-column-three is-layout-flow wp-block-column-is-layout-flow\">\n<h2 class=\"wp-block-heading\" id=\"projet\">Proyecto<\/h2>\n\n\n\n<h3 class=\"wp-block-heading\" id=\"quel-projet-audacieux\">Un proyecto tan atrevido&#8230;<\/h3>\n\n\n\n<p>&#8230; el de rehabilitar un antiguo garaje y convertirlo en un hotel de lujo accesible y relajado. Situado del lado del mar, el hotel Le Garage goza de una ubicaci\u00f3n ideal en Biarritz. Cuenta con una piscina exterior, aparcamiento privado y habitaciones y suites decoradas con un estilo crudo y refinado: Neo retro. Descubra su nuevo hogar con modernas comodidades d\u00f3nde podr\u00e1 venir a recargar energ\u00eda durante un fin de semana.<\/p>\n\n\n\n<p class=\"underlined-link\"><a href=\"https:\/\/www.hotel-garage-biarritz.fr\/es\/habitaciones\/\">Nuestras habitaciones &amp; Suites<\/a><\/p>\n<\/div>\n<\/div>\n\n\n\n<div class=\"wp-block-columns alignwide type-3-spotlight-columns home-type-3-spotlight-columns is-layout-flex wp-container-core-columns-is-layout-9d6595d7 wp-block-columns-is-layout-flex\">\n<div class=\"wp-block-column type-3-spotlight-column-one is-layout-flow wp-block-column-is-layout-flow\">\n<h2 class=\"wp-block-heading\" id=\"neo-bistrot\">Le Restaurant du Garage<\/h2>\n\n\n\n<h3 class=\"wp-block-heading\" id=\"venez-deguster-des-produits-locaux-typiques-basques\">Venga a degustar los productos t\u00edpicos vascos con un twist<\/h3>\n\n\n\n<p>En un espacio con alma vintage y colorida, el restaurante del hotel Le Garage Biarritz te recibe con una carta que reinventa los cl\u00e1sicos vascos con audacia. En un ambiente de neo-bistr\u00f3 alrededor del patio y la terraza, los platos para compartir se sirven en un entorno acogedor y c\u00e1lido.<\/p>\n\n\n\n<p class=\"underlined-link\"><a href=\"https:\/\/www.hotel-garage-biarritz.fr\/es\/neo-bistrot\/\" target=\"_blank\" rel=\"noreferrer noopener\">Descubre nuestro restaurante en Biarritz<\/a><\/p>\n<\/div>\n\n\n\n<div class=\"wp-block-column type-3-spotlight-column-two is-layout-flow wp-block-column-is-layout-flow\">\n<figure class=\"wp-block-image size-full\"><img decoding=\"async\" src=\"https:\/\/www.hotel-garage-biarritz.fr\/wp-content\/themes\/legaragebtz\/assets\/images\/home\/hotel-le-garage_home_04.jpg\" alt=\"Nature Pays Basque\"\/><\/figure>\n<\/div>\n\n\n\n<div class=\"wp-block-column type-3-spotlight-column-three is-layout-flow wp-block-column-is-layout-flow\">\n<figure class=\"wp-block-image size-full\"><img decoding=\"async\" src=\"https:\/\/www.hotel-garage-biarritz.fr\/wp-content\/themes\/legaragebtz\/assets\/images\/home\/hotel-le-garage_home_05.jpg\" alt=\"Collines du Pays basque\"\/><\/figure>\n<\/div>\n<\/div>\n\n\n\n<div class=\"wp-block-columns alignwide type-4-spotlight-columns home-type-4-spotlight-columns is-layout-flex wp-container-core-columns-is-layout-9d6595d7 wp-block-columns-is-layout-flex\">\n<div class=\"wp-block-column type-4-spotlight-column-one is-layout-flow wp-block-column-is-layout-flow\">\n<figure class=\"wp-block-image size-full\"><img decoding=\"async\" src=\"https:\/\/www.hotel-garage-biarritz.fr\/wp-content\/themes\/legaragebtz\/assets\/images\/home\/hotel-le-garage_home_06.jpg\" alt=\"Line up vue a\u00e9rienne Biarritz\"\/><\/figure>\n<\/div>\n\n\n\n<div class=\"wp-block-column type-4-spotlight-column-two is-layout-flow wp-block-column-is-layout-flow\">\n<h3 class=\"wp-block-heading\" id=\"biarritz-est-le-berceau-du-surf\">Biarritz es la cuna del surf&#8230;<\/h3>\n\n\n\n<p>&#8230; en Europa. De vacaciones, en el ambiente intemporal y relajado del Hotel Garaje, es hora de saciar la sed de libertad y enfrentarse a las olas m\u00e1s emocionantes de la costa vasca. Aproveche nuestros cursos de surf o viva su viaje de surf a su ritmo en los lugares m\u00e1s famosos.<\/p>\n\n\n\n<p class=\"underlined-link\"><a href=\"https:\/\/www.hotel-garage-biarritz.fr\/es\/surf\/\">Un hotel surf en Biarritz<\/a><\/p>\n<\/div>\n\n\n\n<div class=\"wp-block-column type-4-spotlight-column-three is-layout-flow wp-block-column-is-layout-flow\">\n<h2 class=\"wp-block-heading\" id=\"surf\">Surf<\/h2>\n\n\n\n<figure class=\"wp-block-image size-full\"><img decoding=\"async\" src=\"https:\/\/www.hotel-garage-biarritz.fr\/wp-content\/themes\/legaragebtz\/assets\/images\/home\/hotel-le-garage_home_07.jpg\" alt=\"Surfeurs et baigneurs \u00e0 la plage\"\/><figcaption class=\"wp-element-caption\"><strong>Thomas Dal Farra<\/strong><\/figcaption><\/figure>\n<\/div>\n<\/div>\n\n\n\n<div class=\"wp-block-columns alignwide type-5-spotlight-columns home-type-5-spotlight-columns is-layout-flex wp-container-core-columns-is-layout-9d6595d7 wp-block-columns-is-layout-flex\">\n<div class=\"wp-block-column type-5-spotlight-column-one is-layout-flow wp-block-column-is-layout-flow\">\n<h2 class=\"wp-block-heading\" id=\"golf\">Golf<\/h2>\n\n\n\n<h3 class=\"wp-block-heading\" id=\"avec-ses-16-magnifiques-golfs\">Con sus 16 magn\u00edficos campos de golf&#8230;<\/h3>\n\n\n\n<p>&#8230; todo en un radio de 100 kil\u00f3metros, los golfistas de todo el mundo no se encuentran en Biarritz por casualidad. El Hotel le Garage Biarritz est\u00e1 situado muy cerca del Golf de Biarritz Le Phare, conocido por su hist\u00f3rico campo de 18 hoyos sobre el oc\u00e9ano. Venga a practicar el swing en campos con impresionantes vistas panor\u00e1micas.<\/p>\n\n\n\n<p class=\"underlined-link\"><a href=\"https:\/\/www.hotel-garage-biarritz.fr\/es\/golf\/\">Estancias de golf en el Pais Vasco<\/a><\/p>\n<\/div>\n\n\n\n<div class=\"wp-block-column type-5-spotlight-column-two is-layout-flow wp-block-column-is-layout-flow\">\n<figure class=\"wp-block-image size-full\"><img decoding=\"async\" src=\"https:\/\/www.hotel-garage-biarritz.fr\/wp-content\/themes\/legaragebtz\/assets\/images\/home\/hotel-le-garage_home_08.jpg\" alt=\"Photo \u00e9poque Golfeurs Biarritz\"\/><\/figure>\n<\/div>\n\n\n\n<div class=\"wp-block-column type-5-spotlight-column-three is-layout-flow wp-block-column-is-layout-flow\">\n<figure class=\"wp-block-image size-full\"><img decoding=\"async\" src=\"https:\/\/www.hotel-garage-biarritz.fr\/wp-content\/themes\/legaragebtz\/assets\/images\/home\/hotel-le-garage_home_09.jpg\" alt=\"Vue a\u00e9rienne Golf de Biarritz\"\/><\/figure>\n<\/div>\n<\/div>\n\n\n\n<div class=\"wp-block-columns alignwide newsletter-spotlight-columns is-layout-flex wp-container-core-columns-is-layout-9d6595d7 wp-block-columns-is-layout-flex\">\n<div class=\"wp-block-column newsletter-spotlight-column-one is-layout-flow wp-block-column-is-layout-flow\">\n<div class=\"wp-block-group\"><div class=\"wp-block-group__inner-container is-layout-flow wp-block-group-is-layout-flow\">\n<h3 class=\"wp-block-heading\" id=\"newsletter\">Newsletter<\/h3>\n\n\n\n<p>As\u00ed descubrir\u00e1s las novedades del Garaje y las ofertas exclusivas para nuestros &#8220;hu\u00e9spedes&#8221;. \u00a1Inscribirse!<\/p>\n\n\n<div id=\"mc_embed_signup\"><form action=\"https:\/\/legarage-biarritz.us1.list-manage.com\/subscribe\/post?u=ff84c9825f92ef48d50f93650&amp;id=d0527b8c46\" method=\"post\" id=\"mc-embedded-subscribe-form\" name=\"mc-embedded-subscribe-form\" class=\"validate\" target=\"_blank\" novalidate><div id=\"mc_embed_signup_scroll\"><div class=\"mc-field-group\"><input type=\"email\" value=\"\" name=\"EMAIL\" class=\"required email\" id=\"mce-EMAIL\"><\/div><div style=\"position: absolute; left: -5000px;\" aria-hidden=\"true\"><input type=\"text\" name=\"b_ff84c9825f92ef48d50f93650_d0527b8c46\" tabindex=\"-1\" value=\"\"><\/div><div class=\"clear\"><input type=\"submit\" value=\"OK\" name=\"subscribe\" id=\"mc-embedded-subscribe\" class=\"button\"><\/div><\/div><div id=\"mce-responses\" class=\"clear\"><div class=\"response\" id=\"mce-error-response\" style=\"display:none\"><\/div><div class=\"response\" id=\"mce-success-response\" style=\"display:none\"><\/div><\/div><\/form><\/div><script type=\"text\/javascript\" src=\"\/\/s3.amazonaws.com\/downloads.mailchimp.com\/js\/mc-validate.js\"><\/script><script type=\"text\/javascript\">(function($) {window.fnames = new Array(); window.ftypes = new Array();fnames[0]=\"EMAIL\";ftypes[0]=\"email\";fnames[1]=\"FNAME\";ftypes[1]=\"text\";fnames[2]=\"LNAME\";ftypes[2]=\"text\";fnames[3]=\"ADDRESS\";ftypes[3]=\"address\";fnames[4]=\"PHONE\";ftypes[4]=\"phone\";fnames[5]=\"BIRTHDAY\";ftypes[5]=\"birthday\";}(jQuery));var $mcj = jQuery.noConflict(true);<\/script>\n<\/div><\/div>\n<\/div>\n<\/div>\n","protected":false},"excerpt":{"rendered":"<p>Su hogar en Biarritz Bienvenidos al hotel Le Garage Biarritz. Un hotel privado, intemporal y \u00fanico, con situado cerca al mar. Con sus 27 habitaciones y suites de dise\u00f1o neo-retro, sus hermosas terrazas y su piscina, venga a vivir la nueva experiencia de una estancia en un hotel de vanguardia. Deje sus maletas en un&hellip; <a class=\"more-link\" href=\"https:\/\/www.hotel-garage-biarritz.fr\/es\/\">Continue reading <span class=\"screen-reader-text\">Su nuevo hogar en Biarritz<\/span><\/a><\/p>\n","protected":false},"author":1,"featured_media":0,"parent":0,"menu_order":0,"comment_status":"closed","ping_status":"closed","template":"","meta":{"footnotes":""},"class_list":["post-1762","page","type-page","status-publish","hentry","entry"],"yoast_head":"<!-- This site is optimized with the Yoast SEO plugin v27.5 - https:\/\/yoast.com\/product\/yoast-seo-wordpress\/ -->\n<title>Hotel de lujo en Biarritz : Le Garage | Dise\u00f1o &amp; Tendencia<\/title>\n<meta name=\"description\" content=\"Descubre el Hotel Le Garage en Biarritz: un hotel de 4 estrellas con un ambiente relajado. Un lugar intemporal para una estancia \u00fanica\" \/>\n<meta name=\"robots\" content=\"index, follow, max-snippet:-1, max-image-preview:large, max-video-preview:-1\" \/>\n<link rel=\"canonical\" href=\"https:\/\/www.hotel-garage-biarritz.fr\/es\/\" \/>\n<meta property=\"og:locale\" content=\"es_ES\" \/>\n<meta property=\"og:type\" content=\"article\" \/>\n<meta property=\"og:title\" content=\"Hotel de lujo en Biarritz : Le Garage | Dise\u00f1o &amp; Tendencia\" \/>\n<meta property=\"og:description\" content=\"Descubre el Hotel Le Garage en Biarritz: un hotel de 4 estrellas con un ambiente relajado. Un lugar intemporal para una estancia \u00fanica\" \/>\n<meta property=\"og:url\" content=\"https:\/\/www.hotel-garage-biarritz.fr\/es\/\" \/>\n<meta property=\"og:site_name\" content=\"Le Garage\" \/>\n<meta property=\"article:modified_time\" content=\"2025-11-03T21:18:00+00:00\" \/>\n<meta property=\"og:image\" content=\"https:\/\/www.hotel-garage-biarritz.fr\/wp-content\/uploads\/2025\/10\/salome_rateau-56-scaled.jpg\" \/>\n\t<meta property=\"og:image:width\" content=\"2560\" \/>\n\t<meta property=\"og:image:height\" content=\"1707\" \/>\n\t<meta property=\"og:image:type\" content=\"image\/jpeg\" \/>\n<meta name=\"twitter:card\" content=\"summary_large_image\" \/>\n<meta name=\"twitter:label1\" content=\"Est. reading time\" \/>\n\t<meta name=\"twitter:data1\" content=\"5 minutes\" \/>\n<script type=\"application\/ld+json\" class=\"yoast-schema-graph\">{\"@context\":\"https:\\\/\\\/schema.org\",\"@graph\":[{\"@type\":\"WebPage\",\"@id\":\"https:\\\/\\\/www.hotel-garage-biarritz.fr\\\/es\\\/\",\"url\":\"https:\\\/\\\/www.hotel-garage-biarritz.fr\\\/es\\\/\",\"name\":\"Hotel de lujo en Biarritz : Le Garage | Dise\u00f1o & Tendencia\",\"isPartOf\":{\"@id\":\"https:\\\/\\\/www.hotel-garage-biarritz.fr\\\/#website\"},\"primaryImageOfPage\":{\"@id\":\"https:\\\/\\\/www.hotel-garage-biarritz.fr\\\/es\\\/#primaryimage\"},\"image\":{\"@id\":\"https:\\\/\\\/www.hotel-garage-biarritz.fr\\\/es\\\/#primaryimage\"},\"thumbnailUrl\":\"https:\\\/\\\/www.hotel-garage-biarritz.fr\\\/wp-content\\\/uploads\\\/2025\\\/10\\\/salome_rateau-56-1024x683.jpg\",\"datePublished\":\"2021-02-17T14:17:17+00:00\",\"dateModified\":\"2025-11-03T21:18:00+00:00\",\"description\":\"Descubre el Hotel Le Garage en Biarritz: un hotel de 4 estrellas con un ambiente relajado. Un lugar intemporal para una estancia \u00fanica\",\"breadcrumb\":{\"@id\":\"https:\\\/\\\/www.hotel-garage-biarritz.fr\\\/es\\\/#breadcrumb\"},\"inLanguage\":\"es-ES\",\"potentialAction\":[{\"@type\":\"ReadAction\",\"target\":[\"https:\\\/\\\/www.hotel-garage-biarritz.fr\\\/es\\\/\"]}]},{\"@type\":\"ImageObject\",\"inLanguage\":\"es-ES\",\"@id\":\"https:\\\/\\\/www.hotel-garage-biarritz.fr\\\/es\\\/#primaryimage\",\"url\":\"https:\\\/\\\/www.hotel-garage-biarritz.fr\\\/wp-content\\\/uploads\\\/2025\\\/10\\\/salome_rateau-56-1024x683.jpg\",\"contentUrl\":\"https:\\\/\\\/www.hotel-garage-biarritz.fr\\\/wp-content\\\/uploads\\\/2025\\\/10\\\/salome_rateau-56-1024x683.jpg\"},{\"@type\":\"BreadcrumbList\",\"@id\":\"https:\\\/\\\/www.hotel-garage-biarritz.fr\\\/es\\\/#breadcrumb\",\"itemListElement\":[{\"@type\":\"ListItem\",\"position\":1,\"name\":\"Accueil\",\"item\":\"https:\\\/\\\/www.hotel-garage-biarritz.fr\\\/es\\\/\"},{\"@type\":\"ListItem\",\"position\":2,\"name\":\"Su nuevo hogar en Biarritz\"}]},{\"@type\":\"WebSite\",\"@id\":\"https:\\\/\\\/www.hotel-garage-biarritz.fr\\\/#website\",\"url\":\"https:\\\/\\\/www.hotel-garage-biarritz.fr\\\/\",\"name\":\"Le Garage\",\"description\":\"Biarritz\",\"publisher\":{\"@id\":\"https:\\\/\\\/www.hotel-garage-biarritz.fr\\\/#organization\"},\"potentialAction\":[{\"@type\":\"SearchAction\",\"target\":{\"@type\":\"EntryPoint\",\"urlTemplate\":\"https:\\\/\\\/www.hotel-garage-biarritz.fr\\\/?s={search_term_string}\"},\"query-input\":{\"@type\":\"PropertyValueSpecification\",\"valueRequired\":true,\"valueName\":\"search_term_string\"}}],\"inLanguage\":\"es-ES\"},{\"@type\":\"Organization\",\"@id\":\"https:\\\/\\\/www.hotel-garage-biarritz.fr\\\/#organization\",\"name\":\"H\u00f4tel Le Garage\",\"url\":\"https:\\\/\\\/www.hotel-garage-biarritz.fr\\\/\",\"logo\":{\"@type\":\"ImageObject\",\"inLanguage\":\"es-ES\",\"@id\":\"https:\\\/\\\/www.hotel-garage-biarritz.fr\\\/#\\\/schema\\\/logo\\\/image\\\/\",\"url\":\"https:\\\/\\\/www.hotel-garage-biarritz.fr\\\/wp-content\\\/uploads\\\/2021\\\/03\\\/hotel-le-garage_footer-logo-arch.png\",\"contentUrl\":\"https:\\\/\\\/www.hotel-garage-biarritz.fr\\\/wp-content\\\/uploads\\\/2021\\\/03\\\/hotel-le-garage_footer-logo-arch.png\",\"width\":524,\"height\":707,\"caption\":\"H\u00f4tel Le Garage\"},\"image\":{\"@id\":\"https:\\\/\\\/www.hotel-garage-biarritz.fr\\\/#\\\/schema\\\/logo\\\/image\\\/\"},\"sameAs\":[\"https:\\\/\\\/www.instagram.com\\\/garagebiarritz\\\/\"]}]}<\/script>\n<!-- \/ Yoast SEO plugin. -->","yoast_head_json":{"title":"Hotel de lujo en Biarritz : Le Garage | Dise\u00f1o & Tendencia","description":"Descubre el Hotel Le Garage en Biarritz: un hotel de 4 estrellas con un ambiente relajado. Un lugar intemporal para una estancia \u00fanica","robots":{"index":"index","follow":"follow","max-snippet":"max-snippet:-1","max-image-preview":"max-image-preview:large","max-video-preview":"max-video-preview:-1"},"canonical":"https:\/\/www.hotel-garage-biarritz.fr\/es\/","og_locale":"es_ES","og_type":"article","og_title":"Hotel de lujo en Biarritz : Le Garage | Dise\u00f1o & Tendencia","og_description":"Descubre el Hotel Le Garage en Biarritz: un hotel de 4 estrellas con un ambiente relajado. Un lugar intemporal para una estancia \u00fanica","og_url":"https:\/\/www.hotel-garage-biarritz.fr\/es\/","og_site_name":"Le Garage","article_modified_time":"2025-11-03T21:18:00+00:00","og_image":[{"width":2560,"height":1707,"url":"https:\/\/www.hotel-garage-biarritz.fr\/wp-content\/uploads\/2025\/10\/salome_rateau-56-scaled.jpg","type":"image\/jpeg"}],"twitter_card":"summary_large_image","twitter_misc":{"Est. reading time":"5 minutes"},"schema":{"@context":"https:\/\/schema.org","@graph":[{"@type":"WebPage","@id":"https:\/\/www.hotel-garage-biarritz.fr\/es\/","url":"https:\/\/www.hotel-garage-biarritz.fr\/es\/","name":"Hotel de lujo en Biarritz : Le Garage | Dise\u00f1o & Tendencia","isPartOf":{"@id":"https:\/\/www.hotel-garage-biarritz.fr\/#website"},"primaryImageOfPage":{"@id":"https:\/\/www.hotel-garage-biarritz.fr\/es\/#primaryimage"},"image":{"@id":"https:\/\/www.hotel-garage-biarritz.fr\/es\/#primaryimage"},"thumbnailUrl":"https:\/\/www.hotel-garage-biarritz.fr\/wp-content\/uploads\/2025\/10\/salome_rateau-56-1024x683.jpg","datePublished":"2021-02-17T14:17:17+00:00","dateModified":"2025-11-03T21:18:00+00:00","description":"Descubre el Hotel Le Garage en Biarritz: un hotel de 4 estrellas con un ambiente relajado. Un lugar intemporal para una estancia \u00fanica","breadcrumb":{"@id":"https:\/\/www.hotel-garage-biarritz.fr\/es\/#breadcrumb"},"inLanguage":"es-ES","potentialAction":[{"@type":"ReadAction","target":["https:\/\/www.hotel-garage-biarritz.fr\/es\/"]}]},{"@type":"ImageObject","inLanguage":"es-ES","@id":"https:\/\/www.hotel-garage-biarritz.fr\/es\/#primaryimage","url":"https:\/\/www.hotel-garage-biarritz.fr\/wp-content\/uploads\/2025\/10\/salome_rateau-56-1024x683.jpg","contentUrl":"https:\/\/www.hotel-garage-biarritz.fr\/wp-content\/uploads\/2025\/10\/salome_rateau-56-1024x683.jpg"},{"@type":"BreadcrumbList","@id":"https:\/\/www.hotel-garage-biarritz.fr\/es\/#breadcrumb","itemListElement":[{"@type":"ListItem","position":1,"name":"Accueil","item":"https:\/\/www.hotel-garage-biarritz.fr\/es\/"},{"@type":"ListItem","position":2,"name":"Su nuevo hogar en Biarritz"}]},{"@type":"WebSite","@id":"https:\/\/www.hotel-garage-biarritz.fr\/#website","url":"https:\/\/www.hotel-garage-biarritz.fr\/","name":"Le Garage","description":"Biarritz","publisher":{"@id":"https:\/\/www.hotel-garage-biarritz.fr\/#organization"},"potentialAction":[{"@type":"SearchAction","target":{"@type":"EntryPoint","urlTemplate":"https:\/\/www.hotel-garage-biarritz.fr\/?s={search_term_string}"},"query-input":{"@type":"PropertyValueSpecification","valueRequired":true,"valueName":"search_term_string"}}],"inLanguage":"es-ES"},{"@type":"Organization","@id":"https:\/\/www.hotel-garage-biarritz.fr\/#organization","name":"H\u00f4tel Le Garage","url":"https:\/\/www.hotel-garage-biarritz.fr\/","logo":{"@type":"ImageObject","inLanguage":"es-ES","@id":"https:\/\/www.hotel-garage-biarritz.fr\/#\/schema\/logo\/image\/","url":"https:\/\/www.hotel-garage-biarritz.fr\/wp-content\/uploads\/2021\/03\/hotel-le-garage_footer-logo-arch.png","contentUrl":"https:\/\/www.hotel-garage-biarritz.fr\/wp-content\/uploads\/2021\/03\/hotel-le-garage_footer-logo-arch.png","width":524,"height":707,"caption":"H\u00f4tel Le Garage"},"image":{"@id":"https:\/\/www.hotel-garage-biarritz.fr\/#\/schema\/logo\/image\/"},"sameAs":["https:\/\/www.instagram.com\/garagebiarritz\/"]}]}},"_links":{"self":[{"href":"https:\/\/www.hotel-garage-biarritz.fr\/es\/wp-json\/wp\/v2\/pages\/1762","targetHints":{"allow":["GET"]}}],"collection":[{"href":"https:\/\/www.hotel-garage-biarritz.fr\/es\/wp-json\/wp\/v2\/pages"}],"about":[{"href":"https:\/\/www.hotel-garage-biarritz.fr\/es\/wp-json\/wp\/v2\/types\/page"}],"author":[{"embeddable":true,"href":"https:\/\/www.hotel-garage-biarritz.fr\/es\/wp-json\/wp\/v2\/users\/1"}],"replies":[{"embeddable":true,"href":"https:\/\/www.hotel-garage-biarritz.fr\/es\/wp-json\/wp\/v2\/comments?post=1762"}],"version-history":[{"count":10,"href":"https:\/\/www.hotel-garage-biarritz.fr\/es\/wp-json\/wp\/v2\/pages\/1762\/revisions"}],"predecessor-version":[{"id":5171,"href":"https:\/\/www.hotel-garage-biarritz.fr\/es\/wp-json\/wp\/v2\/pages\/1762\/revisions\/5171"}],"wp:attachment":[{"href":"https:\/\/www.hotel-garage-biarritz.fr\/es\/wp-json\/wp\/v2\/media?parent=1762"}],"curies":[{"name":"wp","href":"https:\/\/api.w.org\/{rel}","templated":true}]}}