{"id":2021,"date":"2021-07-07T13:46:17","date_gmt":"2021-07-07T11:46:17","guid":{"rendered":"https:\/\/www.hotel-garage-biarritz.fr\/carte-neo-bistrot-piscine\/"},"modified":"2026-05-03T14:21:58","modified_gmt":"2026-05-03T12:21:58","slug":"carte-resturant","status":"publish","type":"page","link":"https:\/\/www.hotel-garage-biarritz.fr\/en\/carte-resturant\/","title":{"rendered":"Menu- Le Restaurant du Garage"},"content":{"rendered":"\n<h1 class=\"wp-block-heading\" id=\"carte-neo-bistrot-piscine\">Menu &#8211; Le Restaurant du Garage<\/h1>\n\n\n\n<p class=\"desktop-only\"><br><em>In a country where gastronomy and sharing are celebrated as an art form, at H\u00f4tel Le Garage Biarritz, the art of hospitality begins on the plate: in the restaurant. Whether for lunch or dinner, enjoy sunny flavors and vibrant dishes. For aperitif time, the laid-back menu offers bold sharing plates and platters to savor together.<\/em><br><\/p>\n\n\n\n<h3 class=\"wp-block-heading has-text-align-center\">Horaires \/ Opening times<\/h3>\n\n\n\n<p class=\"has-text-align-center\">De 12h00 \u00e0 21h30&nbsp;<em>\u2013 from 12:00 PM to 9:30 PM<\/em><br>Disponible du mardi midi au samedi soir \u2013 <em>From Tuesday lunch to Saturday evening<\/em><\/p>\n\n\n\n<h3 class=\"wp-block-heading has-text-align-center\"><strong>MENU<\/strong><\/h3>\n\n\n\n<p class=\"has-text-align-left\"><strong>Planche de charcuteries &amp; fromages, chutney maison, pickles de l\u00e9gumes &#8211; 21\u20ac<\/strong><br><em>Cheese and charcuterie platter, homemade chutney, pickled vegetables<\/em><br><br><strong>Salade C\u00e9sar, anchois, parmesan, cro\u00fbtons dor\u00e9s, \u0153ufs de caille, volaille croustillante, pickles d\u2019\u00e9chalotes &#8211; 1<\/strong>8\u20ac<br><em>Caesar salad, anchovies, parmesan, golden croutons, quail eggs, volaille croustillante, pickled shallots<\/em><br><br><strong>Burrata de Bilbao, pesto \u00e0 l\u2019ail des ours, asperges vertes grill\u00e9es &#8211; 18\u20ac<\/strong><br><em>Bilbao burrata, wild garlic pesto, grilled green asparagus<br><\/em><br><strong>Carpaccio de boeuf, mayonnaise au piment d\u2019Espelette, c\u00e2pres, Tomme de brebis, roquette.\u00a0Servi avec frites ou salade &#8211; 17\u20ac<\/strong><br><em>Beef carpaccio, Espelette pepper mayonnaise, capers, sheep Tomme cheese, rocket. Served with fries or green salad.<\/em><br><br><strong>Tartare de truite de Banka, avocat, grenade, mangue, oignon c\u00e9bette, vinaigrette au fruit de la passion &#8211; 18\u20ac<\/strong><br><em>Banka trout tartare, avocado, pomegranate, mango, spring onion, passion fruit vinaigrette<br><\/em><br><strong>Burger basque, steak de boeuf, Tomme de brebis, oignons caram\u00e9lis\u00e9s, tomate, laitue, condiment piquillos, frites maison &#8211; 25\u20ac<\/strong><br><em>Basque burger, beef steak, sheep Tomme cheese, caramelized onions, tomato, lettuce, condiment piquillos, french fries<\/em><\/p>\n\n\n\n<p class=\"has-text-align-left\"><strong>Linguines \u00e0 la puntanesca, olives, c\u00e2pres, sauce tomate et parmesan \u2013 21\u20ac<\/strong><br><em>Linguine alla puttanesca, olives, capers, tomato sauce and Parmesan<\/em><br><br><strong>Saut\u00e9 de canette au miel, soja et l\u00e9gumes au wok \u2013 23\u20ac<\/strong><br><em>Duckling saut\u00e9 with honey, soy, and wok vegetables<\/em><\/p>\n\n\n\n<p class=\"has-text-align-left\">&nbsp;\u00bb LES BOCAUX DE LA MAISON BARTHOUIL \u00ab&nbsp;<br><br><strong>Foie gras de canard, mi cuit 90g \u2013 21 \u20ac<\/strong><br><em>Duck Foie gras, halfcooked, 90g<\/em><br><br><strong>P\u00e2t\u00e9 de campagne, porc fermier, oignons, poivre, piment de cayenne, 190g \u2013 14\u20ac<\/strong><br><em>Country p\u00e2t\u00e9, pork terrine, onions, pepper, cayenne pepper 190g<\/em><br><br><strong>Rillettes de saumon, citron et ciboulette, 150g \u2013 14\u20ac<\/strong><br><em>Rillettes, salmon, lemon, chive 150g<\/em><\/p>\n\n\n\n<p class=\"has-text-align-center\"><strong>DESSERTS <\/strong><\/p>\n\n\n\n<p><strong>Assiette de fruits de saison tranch\u00e9s &#8211; 18\u20ac<\/strong><br><em>Seasonal fresh fruits platter<br><\/em><br><strong>G\u00e2teau basque de la maison Loub\u00e8re, sorbet cerise noire &#8211; 12\u20ac<\/strong><br><em>Basque cake from Loub\u00e8re pastry, black cherry sorbet<br><\/em><br><strong>Cookie chaud au chocolat 80% et noix de p\u00e9can, cr\u00e8me crue &#8211; 14\u20ac<br><\/strong><em>Warm 80% dark chocolate cookie with pecans and fresh cream<br><\/em><br><strong>GLACES ET SORBETS :<\/strong><br><strong>une boule &#8211; 5\u20ac \/ deux boules &#8211; 9\u20ac \/ trois boules &#8211; 12\u20ac<\/strong><br><strong>Servi avec cr\u00e8me \u00e0 la vanille de Madagascar et meringue croustillante<\/strong><br><br><em>ICE CREAMS &amp; SORBETS :<br>one scoop &#8211; 5\u20ac \/ two scoops &#8211; 9\u20ac \/ three scoops &#8211; 12\u20ac<br>Served with Madagascar vanilla whipped cream and crunchy meringue<\/em><\/p>\n\n\n\n<p><\/p>\n\n\n\n<p><\/p>\n\n\n\n<p><\/p>\n\n\n\n<p><\/p>\n\n\n\n<p><br><\/p>\n\n\n\n<p><\/p>\n\n\n\n<p><\/p>\n\n\n\n<p><\/p>\n\n\n\n<p><\/p>\n\n\n\n<p><\/p>\n\n\n\n<p><\/p>\n\n\n\n<p><\/p>\n","protected":false},"excerpt":{"rendered":"<p>Menu &#8211; Le Restaurant du Garage In a country where gastronomy and sharing are celebrated as an art form, at H\u00f4tel Le Garage Biarritz, the art of hospitality begins on the plate: in the restaurant. Whether for lunch or dinner, enjoy sunny flavors and vibrant dishes. For aperitif time, the laid-back menu offers bold sharing&hellip; <a class=\"more-link\" href=\"https:\/\/www.hotel-garage-biarritz.fr\/en\/carte-resturant\/\">Continue reading <span class=\"screen-reader-text\">Menu- Le Restaurant du Garage<\/span><\/a><\/p>\n","protected":false},"author":1,"featured_media":0,"parent":0,"menu_order":0,"comment_status":"closed","ping_status":"closed","template":"","meta":{"footnotes":""},"class_list":["post-2021","page","type-page","status-publish","hentry","entry"],"yoast_head":"<!-- This site is optimized with the Yoast SEO plugin v27.5 - https:\/\/yoast.com\/product\/yoast-seo-wordpress\/ -->\n<title>Le Restaurant du Garage - H\u00f4tel Le Garage \u00e0 Biarritz | La Carte<\/title>\n<meta name=\"description\" content=\"D\u00e9couvrez la carte du Restaurant du Garage \u00e0 Biarritz : assiettes \u00e0 partager, salades, planches gourmandes et sp\u00e9cialit\u00e9s de la r\u00e9gion\" \/>\n<meta name=\"robots\" content=\"index, follow, max-snippet:-1, max-image-preview:large, max-video-preview:-1\" \/>\n<link rel=\"canonical\" href=\"https:\/\/www.hotel-garage-biarritz.fr\/en\/carte-resturant\/\" \/>\n<meta property=\"og:locale\" content=\"en_US\" \/>\n<meta property=\"og:type\" content=\"article\" \/>\n<meta property=\"og:title\" content=\"Le Restaurant du Garage - H\u00f4tel Le Garage \u00e0 Biarritz | La Carte\" \/>\n<meta property=\"og:description\" content=\"D\u00e9couvrez la carte du Restaurant du Garage \u00e0 Biarritz : assiettes \u00e0 partager, salades, planches gourmandes et sp\u00e9cialit\u00e9s de la r\u00e9gion\" \/>\n<meta property=\"og:url\" content=\"https:\/\/www.hotel-garage-biarritz.fr\/en\/carte-resturant\/\" \/>\n<meta property=\"og:site_name\" content=\"Le Garage\" \/>\n<meta property=\"article:modified_time\" content=\"2026-05-03T12:21:58+00:00\" \/>\n<meta name=\"twitter:card\" content=\"summary_large_image\" \/>\n<meta name=\"twitter:label1\" content=\"Est. reading time\" \/>\n\t<meta name=\"twitter:data1\" content=\"3 minutes\" \/>\n<script type=\"application\/ld+json\" class=\"yoast-schema-graph\">{\"@context\":\"https:\\\/\\\/schema.org\",\"@graph\":[{\"@type\":\"WebPage\",\"@id\":\"https:\\\/\\\/www.hotel-garage-biarritz.fr\\\/en\\\/carte-resturant\\\/\",\"url\":\"https:\\\/\\\/www.hotel-garage-biarritz.fr\\\/en\\\/carte-resturant\\\/\",\"name\":\"Le Restaurant du Garage - H\u00f4tel Le Garage \u00e0 Biarritz | La Carte\",\"isPartOf\":{\"@id\":\"https:\\\/\\\/www.hotel-garage-biarritz.fr\\\/#website\"},\"datePublished\":\"2021-07-07T11:46:17+00:00\",\"dateModified\":\"2026-05-03T12:21:58+00:00\",\"description\":\"D\u00e9couvrez la carte du Restaurant du Garage \u00e0 Biarritz : assiettes \u00e0 partager, salades, planches gourmandes et sp\u00e9cialit\u00e9s de la r\u00e9gion\",\"breadcrumb\":{\"@id\":\"https:\\\/\\\/www.hotel-garage-biarritz.fr\\\/en\\\/carte-resturant\\\/#breadcrumb\"},\"inLanguage\":\"en-US\",\"potentialAction\":[{\"@type\":\"ReadAction\",\"target\":[\"https:\\\/\\\/www.hotel-garage-biarritz.fr\\\/en\\\/carte-resturant\\\/\"]}]},{\"@type\":\"BreadcrumbList\",\"@id\":\"https:\\\/\\\/www.hotel-garage-biarritz.fr\\\/en\\\/carte-resturant\\\/#breadcrumb\",\"itemListElement\":[{\"@type\":\"ListItem\",\"position\":1,\"name\":\"Accueil\",\"item\":\"https:\\\/\\\/www.hotel-garage-biarritz.fr\\\/en\\\/\"},{\"@type\":\"ListItem\",\"position\":2,\"name\":\"Menu- Le Restaurant du Garage\"}]},{\"@type\":\"WebSite\",\"@id\":\"https:\\\/\\\/www.hotel-garage-biarritz.fr\\\/#website\",\"url\":\"https:\\\/\\\/www.hotel-garage-biarritz.fr\\\/\",\"name\":\"Le Garage\",\"description\":\"Biarritz\",\"publisher\":{\"@id\":\"https:\\\/\\\/www.hotel-garage-biarritz.fr\\\/#organization\"},\"potentialAction\":[{\"@type\":\"SearchAction\",\"target\":{\"@type\":\"EntryPoint\",\"urlTemplate\":\"https:\\\/\\\/www.hotel-garage-biarritz.fr\\\/?s={search_term_string}\"},\"query-input\":{\"@type\":\"PropertyValueSpecification\",\"valueRequired\":true,\"valueName\":\"search_term_string\"}}],\"inLanguage\":\"en-US\"},{\"@type\":\"Organization\",\"@id\":\"https:\\\/\\\/www.hotel-garage-biarritz.fr\\\/#organization\",\"name\":\"H\u00f4tel Le Garage\",\"url\":\"https:\\\/\\\/www.hotel-garage-biarritz.fr\\\/\",\"logo\":{\"@type\":\"ImageObject\",\"inLanguage\":\"en-US\",\"@id\":\"https:\\\/\\\/www.hotel-garage-biarritz.fr\\\/#\\\/schema\\\/logo\\\/image\\\/\",\"url\":\"https:\\\/\\\/www.hotel-garage-biarritz.fr\\\/wp-content\\\/uploads\\\/2021\\\/03\\\/hotel-le-garage_footer-logo-arch.png\",\"contentUrl\":\"https:\\\/\\\/www.hotel-garage-biarritz.fr\\\/wp-content\\\/uploads\\\/2021\\\/03\\\/hotel-le-garage_footer-logo-arch.png\",\"width\":524,\"height\":707,\"caption\":\"H\u00f4tel Le Garage\"},\"image\":{\"@id\":\"https:\\\/\\\/www.hotel-garage-biarritz.fr\\\/#\\\/schema\\\/logo\\\/image\\\/\"},\"sameAs\":[\"https:\\\/\\\/www.instagram.com\\\/garagebiarritz\\\/\"]}]}<\/script>\n<!-- \/ Yoast SEO plugin. -->","yoast_head_json":{"title":"Le Restaurant du Garage - H\u00f4tel Le Garage \u00e0 Biarritz | La Carte","description":"D\u00e9couvrez la carte du Restaurant du Garage \u00e0 Biarritz : assiettes \u00e0 partager, salades, planches gourmandes et sp\u00e9cialit\u00e9s de la r\u00e9gion","robots":{"index":"index","follow":"follow","max-snippet":"max-snippet:-1","max-image-preview":"max-image-preview:large","max-video-preview":"max-video-preview:-1"},"canonical":"https:\/\/www.hotel-garage-biarritz.fr\/en\/carte-resturant\/","og_locale":"en_US","og_type":"article","og_title":"Le Restaurant du Garage - H\u00f4tel Le Garage \u00e0 Biarritz | La Carte","og_description":"D\u00e9couvrez la carte du Restaurant du Garage \u00e0 Biarritz : assiettes \u00e0 partager, salades, planches gourmandes et sp\u00e9cialit\u00e9s de la r\u00e9gion","og_url":"https:\/\/www.hotel-garage-biarritz.fr\/en\/carte-resturant\/","og_site_name":"Le Garage","article_modified_time":"2026-05-03T12:21:58+00:00","twitter_card":"summary_large_image","twitter_misc":{"Est. reading time":"3 minutes"},"schema":{"@context":"https:\/\/schema.org","@graph":[{"@type":"WebPage","@id":"https:\/\/www.hotel-garage-biarritz.fr\/en\/carte-resturant\/","url":"https:\/\/www.hotel-garage-biarritz.fr\/en\/carte-resturant\/","name":"Le Restaurant du Garage - H\u00f4tel Le Garage \u00e0 Biarritz | La Carte","isPartOf":{"@id":"https:\/\/www.hotel-garage-biarritz.fr\/#website"},"datePublished":"2021-07-07T11:46:17+00:00","dateModified":"2026-05-03T12:21:58+00:00","description":"D\u00e9couvrez la carte du Restaurant du Garage \u00e0 Biarritz : assiettes \u00e0 partager, salades, planches gourmandes et sp\u00e9cialit\u00e9s de la r\u00e9gion","breadcrumb":{"@id":"https:\/\/www.hotel-garage-biarritz.fr\/en\/carte-resturant\/#breadcrumb"},"inLanguage":"en-US","potentialAction":[{"@type":"ReadAction","target":["https:\/\/www.hotel-garage-biarritz.fr\/en\/carte-resturant\/"]}]},{"@type":"BreadcrumbList","@id":"https:\/\/www.hotel-garage-biarritz.fr\/en\/carte-resturant\/#breadcrumb","itemListElement":[{"@type":"ListItem","position":1,"name":"Accueil","item":"https:\/\/www.hotel-garage-biarritz.fr\/en\/"},{"@type":"ListItem","position":2,"name":"Menu- Le Restaurant du Garage"}]},{"@type":"WebSite","@id":"https:\/\/www.hotel-garage-biarritz.fr\/#website","url":"https:\/\/www.hotel-garage-biarritz.fr\/","name":"Le Garage","description":"Biarritz","publisher":{"@id":"https:\/\/www.hotel-garage-biarritz.fr\/#organization"},"potentialAction":[{"@type":"SearchAction","target":{"@type":"EntryPoint","urlTemplate":"https:\/\/www.hotel-garage-biarritz.fr\/?s={search_term_string}"},"query-input":{"@type":"PropertyValueSpecification","valueRequired":true,"valueName":"search_term_string"}}],"inLanguage":"en-US"},{"@type":"Organization","@id":"https:\/\/www.hotel-garage-biarritz.fr\/#organization","name":"H\u00f4tel Le Garage","url":"https:\/\/www.hotel-garage-biarritz.fr\/","logo":{"@type":"ImageObject","inLanguage":"en-US","@id":"https:\/\/www.hotel-garage-biarritz.fr\/#\/schema\/logo\/image\/","url":"https:\/\/www.hotel-garage-biarritz.fr\/wp-content\/uploads\/2021\/03\/hotel-le-garage_footer-logo-arch.png","contentUrl":"https:\/\/www.hotel-garage-biarritz.fr\/wp-content\/uploads\/2021\/03\/hotel-le-garage_footer-logo-arch.png","width":524,"height":707,"caption":"H\u00f4tel Le Garage"},"image":{"@id":"https:\/\/www.hotel-garage-biarritz.fr\/#\/schema\/logo\/image\/"},"sameAs":["https:\/\/www.instagram.com\/garagebiarritz\/"]}]}},"_links":{"self":[{"href":"https:\/\/www.hotel-garage-biarritz.fr\/en\/wp-json\/wp\/v2\/pages\/2021","targetHints":{"allow":["GET"]}}],"collection":[{"href":"https:\/\/www.hotel-garage-biarritz.fr\/en\/wp-json\/wp\/v2\/pages"}],"about":[{"href":"https:\/\/www.hotel-garage-biarritz.fr\/en\/wp-json\/wp\/v2\/types\/page"}],"author":[{"embeddable":true,"href":"https:\/\/www.hotel-garage-biarritz.fr\/en\/wp-json\/wp\/v2\/users\/1"}],"replies":[{"embeddable":true,"href":"https:\/\/www.hotel-garage-biarritz.fr\/en\/wp-json\/wp\/v2\/comments?post=2021"}],"version-history":[{"count":48,"href":"https:\/\/www.hotel-garage-biarritz.fr\/en\/wp-json\/wp\/v2\/pages\/2021\/revisions"}],"predecessor-version":[{"id":5631,"href":"https:\/\/www.hotel-garage-biarritz.fr\/en\/wp-json\/wp\/v2\/pages\/2021\/revisions\/5631"}],"wp:attachment":[{"href":"https:\/\/www.hotel-garage-biarritz.fr\/en\/wp-json\/wp\/v2\/media?parent=2021"}],"curies":[{"name":"wp","href":"https:\/\/api.w.org\/{rel}","templated":true}]}}