{"id":1834,"date":"2021-02-25T13:17:02","date_gmt":"2021-02-25T12:17:02","guid":{"rendered":"https:\/\/www.hotel-garage-biarritz.fr\/?page_id=1834"},"modified":"2025-04-25T15:09:39","modified_gmt":"2025-04-25T13:09:39","slug":"golf","status":"publish","type":"page","link":"https:\/\/www.hotel-garage-biarritz.fr\/en\/golf\/","title":{"rendered":"Golf"},"content":{"rendered":"\n<div class=\"wp-block-columns alignwide top-spot-type-columns home-top-spot-type-columns is-style-default is-layout-flex wp-container-core-columns-is-layout-9d6595d7 wp-block-columns-is-layout-flex\">\n<div class=\"wp-block-column top-spot-column-one is-layout-flow wp-block-column-is-layout-flow\">\n<figure class=\"wp-block-image size-full\"><img decoding=\"async\" src=\"https:\/\/www.hotel-garage-biarritz.fr\/wp-content\/themes\/legaragebtz\/assets\/images\/golf\/hotel-le-garage_s golf_top-spot.jpg\" alt=\"Vu a\u00e9rienne golf de Biarritz - Hotel Le Garage\"\/><\/figure>\n<\/div>\n\n\n\n<div class=\"wp-block-column top-spot-column-two is-layout-flow wp-block-column-is-layout-flow\">\n<div class=\"wp-block-group\"><div class=\"wp-block-group__inner-container is-layout-flow wp-block-group-is-layout-flow\"><\/div><\/div>\n<\/div>\n\n\n\n<div class=\"wp-block-column top-spot-column-three is-layout-flow wp-block-column-is-layout-flow\">\n<h1 class=\"wp-block-heading\" id=\"une-histoire-de-mecanique-et-d-aeronautique\">On the Green in Biarritz<\/h1>\n\n\n\n<p>Biarritz will enchant any golf enthusiast. Imagine having 16 magnificent golf courses within a 100 km radius and less than an hour from each other. The 4-star Le Garage Hotel in Biarritz is situated very close to the Golf de Biarritz Le Phare, this 18-hole golf course is the second oldest golf course on the continent which already welcomed its first players in 1888. A century later the Ilbarritz International Training Center and its four golf schools were founded. This unique facility in Europe is appreciated for the beauty of its surroundings as well as its technical level.<\/p>\n<\/div>\n<\/div>\n\n\n\n<div class=\"wp-block-columns alignwide type-1-spotlight-columns is-golf-page-columns golf-type-1-spotlight-columns is-style-default is-layout-flex wp-container-core-columns-is-layout-9d6595d7 wp-block-columns-is-layout-flex\">\n<div class=\"wp-block-column type-1-spotlight-column-one is-layout-flow wp-block-column-is-layout-flow\">\n<h3 class=\"wp-block-heading\" id=\"au-debut-des-annees-1900\">For a golf break in the Basque Country,<\/h3>\n\n\n\n<p>Biarritz offers very beautiful green and hilly courses with breathtaking sea or mountain views! 4 18-hole golf courses within a radius of 20 km around the hotel: Golf de la Nivelle in Ciboure, Arcangues, Chantaco, Chiberta, Ilbarritz (9 holes)\u2026 So many renowned and characterful golf courses that will not leave you indifferent. Amateurs or confirmed, take advantage of your stay at Le Garage Biarritz to book a golf course and perfect your technique. Find the formula for golf lessons with the <a href=\"https:\/\/golfbiarritz.com\/fr\/enseignants\" target=\"_blank\" rel=\"noreferrer noopener\">teachers of Golf du Phare<\/a>.<\/p>\n<\/div>\n\n\n\n<div class=\"wp-block-column type-1-spotlight-column-two is-layout-flow wp-block-column-is-layout-flow\">\n<figure class=\"wp-block-image size-full\"><img decoding=\"async\" src=\"https:\/\/www.hotel-garage-biarritz.fr\/wp-content\/themes\/legaragebtz\/assets\/images\/golf\/hotel-le-garage_golf_01.jpg\" alt=\"D\u00e9tails fa\u00e7ade Garage Regina \u00e0 Biarritz\"\/><\/figure>\n<\/div>\n<\/div>\n\n\n\n<div class=\"wp-block-columns alignwide type-2-spotlight-columns is-golf-page-columns golf-type-2-spotlight-columns is-style-default is-layout-flex wp-container-core-columns-is-layout-9d6595d7 wp-block-columns-is-layout-flex\">\n<div class=\"wp-block-column type-2-spotlight-column-one is-layout-flow wp-block-column-is-layout-flow\">\n<figure class=\"wp-block-image size-full\"><img decoding=\"async\" src=\"https:\/\/www.hotel-garage-biarritz.fr\/wp-content\/themes\/legaragebtz\/assets\/images\/golf\/hotel-le-garage_golf_02.jpg\" alt=\"Int\u00e9rieur A\u00e9roclub Basque \u00e0 Biarritz\"\/><\/figure>\n<\/div>\n\n\n\n<div class=\"wp-block-column type-2-spotlight-column-two is-layout-flow wp-block-column-is-layout-flow\">\n<figure class=\"wp-block-image size-full\"><img decoding=\"async\" src=\"https:\/\/www.hotel-garage-biarritz.fr\/wp-content\/themes\/legaragebtz\/assets\/images\/golf\/hotel-le-garage_golf_03.jpg\" alt=\"A\u00e9roclub Basque \u00e0 Biarritz\"\/><\/figure>\n<\/div>\n\n\n\n<div class=\"wp-block-column type-2-spotlight-column-three is-layout-flow wp-block-column-is-layout-flow\">\n<h3 class=\"wp-block-heading\" id=\"au-debut-des-annees-1980\">Your golf stay<\/h3>\n\n\n\n<p>The hotel Le Garage Biarritz welcomes golfers to enjoy all the charms of the South-West, moments of relaxation in the heated outdoor swimming pool and Thalasso nearby, magnificent fine sandy beaches where you can practice water sports, beautiful starred gastronomic tables. The + offered by our hotel, the <a href=\"https:\/\/golfbiarritz.com\/\" target=\"_blank\" rel=\"noreferrer noopener\">Golf du Phare<\/a> is located just 5 minutes walk from the hotel, we reserve your Green fee at a preferential rate. Simply contact us once your stay reservation has been made to inform us of your desired departure time. To take advantage of several golf courses in the region : <a href=\"https:\/\/en.biarritz-destination-golf.com\/south-west-france-golf-pass\/\" target=\"_blank\" rel=\"noreferrer noopener\">Information and prices<\/a>.<\/p>\n<\/div>\n<\/div>\n\n\n\n<div class=\"wp-block-columns alignwide type-3-spotlight-columns is-golf-page-columns golf-type-3-spotlight-columns is-style-default is-layout-flex wp-container-core-columns-is-layout-9d6595d7 wp-block-columns-is-layout-flex\">\n<div class=\"wp-block-column type-3-spotlight-column-one is-layout-flow wp-block-column-is-layout-flow\">\n<h3 class=\"wp-block-heading\" id=\"en-2018\">Gastronomy and relaxation<\/h3>\n\n\n\n<p>The hotel services adapt to your needs: the <a href=\"https:\/\/www.hotel-garage-biarritz.fr\/carte-neo-bistrot-piscine\/\">snack menu<\/a> s available in the afternoon when you return from your journey, snacks and tasty snacks are served outside on the deckchairs of our urban oasis. For lunch and dinner, our chef offers tasty and relaxed dishes that showcase products from the Basque Country. <a href=\"https:\/\/www.hotel-garage-biarritz.fr\/en\/swimming-pool\/\">The swimming pool<\/a> heated in season and open from Easter to All Saints invites you to relax, enjoy a moment of tranquility in the shade of a palm tree. To prolong the pleasure The Spa of our partner hotel \u2013 Le Regina Biarritz (located opposite), offers a <a href=\"https:\/\/hotelregina-biarritz.com\/fr\/menu\/spa\/reserver-un-soin\" target=\"_blank\" rel=\"noreferrer noopener\">spa menu<\/a> of relaxing or sports treatments.<\/p>\n<\/div>\n\n\n\n<div class=\"wp-block-column type-3-spotlight-column-two is-layout-flow wp-block-column-is-layout-flow\">\n<figure class=\"wp-block-image size-full\"><img decoding=\"async\" src=\"https:\/\/www.hotel-garage-biarritz.fr\/wp-content\/themes\/legaragebtz\/assets\/images\/golf\/hotel-le-garage_golf_04.jpg\" alt=\"Surfeurs coucher du soleil Biarritz\"\/><\/figure>\n<\/div>\n\n\n\n<div class=\"wp-block-column type-3-spotlight-column-three is-layout-flow wp-block-column-is-layout-flow\">\n<figure class=\"wp-block-image size-full\"><img decoding=\"async\" src=\"https:\/\/www.hotel-garage-biarritz.fr\/wp-content\/themes\/legaragebtz\/assets\/images\/golf\/hotel-le-garage_golf_05.jpg\" alt=\"Esquisse fa\u00e7ade H\u00f4tel Le Garage \u00e0 Biarritz\"\/><\/figure>\n<\/div>\n<\/div>\n","protected":false},"excerpt":{"rendered":"<p>On the Green in Biarritz Biarritz will enchant any golf enthusiast. Imagine having 16 magnificent golf courses within a 100 km radius and less than an hour from each other. The 4-star Le Garage Hotel in Biarritz is situated very close to the Golf de Biarritz Le Phare, this 18-hole golf course is the second&hellip; <a class=\"more-link\" href=\"https:\/\/www.hotel-garage-biarritz.fr\/en\/golf\/\">Continue reading <span class=\"screen-reader-text\">Golf<\/span><\/a><\/p>\n","protected":false},"author":1,"featured_media":0,"parent":0,"menu_order":0,"comment_status":"closed","ping_status":"closed","template":"","meta":{"footnotes":""},"class_list":["post-1834","page","type-page","status-publish","hentry","entry"],"yoast_head":"<!-- This site is optimized with the Yoast SEO plugin v27.5 - https:\/\/yoast.com\/product\/yoast-seo-wordpress\/ -->\n<title>Golf in the Basque Country | Hotel Le Garage in Biarritz<\/title>\n<meta name=\"description\" content=\"Located close to the Golf de Biarritz, Le Garage Hotel welcomes you in a luxurious and relaxed atmosphere for a Golf stay in the Basque Country\" \/>\n<meta name=\"robots\" content=\"index, follow, max-snippet:-1, max-image-preview:large, max-video-preview:-1\" \/>\n<link rel=\"canonical\" href=\"https:\/\/www.hotel-garage-biarritz.fr\/en\/golf\/\" \/>\n<meta property=\"og:locale\" content=\"en_US\" \/>\n<meta property=\"og:type\" content=\"article\" \/>\n<meta property=\"og:title\" content=\"Golf in the Basque Country | Hotel Le Garage in Biarritz\" \/>\n<meta property=\"og:description\" content=\"Located close to the Golf de Biarritz, Le Garage Hotel welcomes you in a luxurious and relaxed atmosphere for a Golf stay in the Basque Country\" \/>\n<meta property=\"og:url\" content=\"https:\/\/www.hotel-garage-biarritz.fr\/en\/golf\/\" \/>\n<meta property=\"og:site_name\" content=\"Le Garage\" \/>\n<meta property=\"article:modified_time\" content=\"2025-04-25T13:09:39+00:00\" \/>\n<meta property=\"og:image\" content=\"https:\/\/www.hotel-garage-biarritz.fr\/wp-content\/themes\/legaragebtz\/assets\/images\/golf\/hotel-le-garage_golf_01.jpg\" \/>\n<meta name=\"twitter:card\" content=\"summary_large_image\" \/>\n<meta name=\"twitter:label1\" content=\"Est. reading time\" \/>\n\t<meta name=\"twitter:data1\" content=\"4 minutes\" \/>\n<script type=\"application\/ld+json\" class=\"yoast-schema-graph\">{\"@context\":\"https:\\\/\\\/schema.org\",\"@graph\":[{\"@type\":\"WebPage\",\"@id\":\"https:\\\/\\\/www.hotel-garage-biarritz.fr\\\/en\\\/golf\\\/\",\"url\":\"https:\\\/\\\/www.hotel-garage-biarritz.fr\\\/en\\\/golf\\\/\",\"name\":\"Golf in the Basque Country | Hotel Le Garage in Biarritz\",\"isPartOf\":{\"@id\":\"https:\\\/\\\/www.hotel-garage-biarritz.fr\\\/#website\"},\"primaryImageOfPage\":{\"@id\":\"https:\\\/\\\/www.hotel-garage-biarritz.fr\\\/en\\\/golf\\\/#primaryimage\"},\"image\":{\"@id\":\"https:\\\/\\\/www.hotel-garage-biarritz.fr\\\/en\\\/golf\\\/#primaryimage\"},\"thumbnailUrl\":\"https:\\\/\\\/www.hotel-garage-biarritz.fr\\\/wp-content\\\/themes\\\/legaragebtz\\\/assets\\\/images\\\/golf\\\/hotel-le-garage_golf_01.jpg\",\"datePublished\":\"2021-02-25T12:17:02+00:00\",\"dateModified\":\"2025-04-25T13:09:39+00:00\",\"description\":\"Located close to the Golf de Biarritz, Le Garage Hotel welcomes you in a luxurious and relaxed atmosphere for a Golf stay in the Basque Country\",\"breadcrumb\":{\"@id\":\"https:\\\/\\\/www.hotel-garage-biarritz.fr\\\/en\\\/golf\\\/#breadcrumb\"},\"inLanguage\":\"en-US\",\"potentialAction\":[{\"@type\":\"ReadAction\",\"target\":[\"https:\\\/\\\/www.hotel-garage-biarritz.fr\\\/en\\\/golf\\\/\"]}]},{\"@type\":\"ImageObject\",\"inLanguage\":\"en-US\",\"@id\":\"https:\\\/\\\/www.hotel-garage-biarritz.fr\\\/en\\\/golf\\\/#primaryimage\",\"url\":\"https:\\\/\\\/www.hotel-garage-biarritz.fr\\\/wp-content\\\/themes\\\/legaragebtz\\\/assets\\\/images\\\/golf\\\/hotel-le-garage_golf_01.jpg\",\"contentUrl\":\"https:\\\/\\\/www.hotel-garage-biarritz.fr\\\/wp-content\\\/themes\\\/legaragebtz\\\/assets\\\/images\\\/golf\\\/hotel-le-garage_golf_01.jpg\"},{\"@type\":\"BreadcrumbList\",\"@id\":\"https:\\\/\\\/www.hotel-garage-biarritz.fr\\\/en\\\/golf\\\/#breadcrumb\",\"itemListElement\":[{\"@type\":\"ListItem\",\"position\":1,\"name\":\"Accueil\",\"item\":\"https:\\\/\\\/www.hotel-garage-biarritz.fr\\\/en\\\/\"},{\"@type\":\"ListItem\",\"position\":2,\"name\":\"Golf\"}]},{\"@type\":\"WebSite\",\"@id\":\"https:\\\/\\\/www.hotel-garage-biarritz.fr\\\/#website\",\"url\":\"https:\\\/\\\/www.hotel-garage-biarritz.fr\\\/\",\"name\":\"Le Garage\",\"description\":\"Biarritz\",\"publisher\":{\"@id\":\"https:\\\/\\\/www.hotel-garage-biarritz.fr\\\/#organization\"},\"potentialAction\":[{\"@type\":\"SearchAction\",\"target\":{\"@type\":\"EntryPoint\",\"urlTemplate\":\"https:\\\/\\\/www.hotel-garage-biarritz.fr\\\/?s={search_term_string}\"},\"query-input\":{\"@type\":\"PropertyValueSpecification\",\"valueRequired\":true,\"valueName\":\"search_term_string\"}}],\"inLanguage\":\"en-US\"},{\"@type\":\"Organization\",\"@id\":\"https:\\\/\\\/www.hotel-garage-biarritz.fr\\\/#organization\",\"name\":\"H\u00f4tel Le Garage\",\"url\":\"https:\\\/\\\/www.hotel-garage-biarritz.fr\\\/\",\"logo\":{\"@type\":\"ImageObject\",\"inLanguage\":\"en-US\",\"@id\":\"https:\\\/\\\/www.hotel-garage-biarritz.fr\\\/#\\\/schema\\\/logo\\\/image\\\/\",\"url\":\"https:\\\/\\\/www.hotel-garage-biarritz.fr\\\/wp-content\\\/uploads\\\/2021\\\/03\\\/hotel-le-garage_footer-logo-arch.png\",\"contentUrl\":\"https:\\\/\\\/www.hotel-garage-biarritz.fr\\\/wp-content\\\/uploads\\\/2021\\\/03\\\/hotel-le-garage_footer-logo-arch.png\",\"width\":524,\"height\":707,\"caption\":\"H\u00f4tel Le Garage\"},\"image\":{\"@id\":\"https:\\\/\\\/www.hotel-garage-biarritz.fr\\\/#\\\/schema\\\/logo\\\/image\\\/\"},\"sameAs\":[\"https:\\\/\\\/www.instagram.com\\\/garagebiarritz\\\/\"]}]}<\/script>\n<!-- \/ Yoast SEO plugin. -->","yoast_head_json":{"title":"Golf in the Basque Country | Hotel Le Garage in Biarritz","description":"Located close to the Golf de Biarritz, Le Garage Hotel welcomes you in a luxurious and relaxed atmosphere for a Golf stay in the Basque Country","robots":{"index":"index","follow":"follow","max-snippet":"max-snippet:-1","max-image-preview":"max-image-preview:large","max-video-preview":"max-video-preview:-1"},"canonical":"https:\/\/www.hotel-garage-biarritz.fr\/en\/golf\/","og_locale":"en_US","og_type":"article","og_title":"Golf in the Basque Country | Hotel Le Garage in Biarritz","og_description":"Located close to the Golf de Biarritz, Le Garage Hotel welcomes you in a luxurious and relaxed atmosphere for a Golf stay in the Basque Country","og_url":"https:\/\/www.hotel-garage-biarritz.fr\/en\/golf\/","og_site_name":"Le Garage","article_modified_time":"2025-04-25T13:09:39+00:00","og_image":[{"url":"https:\/\/www.hotel-garage-biarritz.fr\/wp-content\/themes\/legaragebtz\/assets\/images\/golf\/hotel-le-garage_golf_01.jpg","type":"","width":"","height":""}],"twitter_card":"summary_large_image","twitter_misc":{"Est. reading time":"4 minutes"},"schema":{"@context":"https:\/\/schema.org","@graph":[{"@type":"WebPage","@id":"https:\/\/www.hotel-garage-biarritz.fr\/en\/golf\/","url":"https:\/\/www.hotel-garage-biarritz.fr\/en\/golf\/","name":"Golf in the Basque Country | Hotel Le Garage in Biarritz","isPartOf":{"@id":"https:\/\/www.hotel-garage-biarritz.fr\/#website"},"primaryImageOfPage":{"@id":"https:\/\/www.hotel-garage-biarritz.fr\/en\/golf\/#primaryimage"},"image":{"@id":"https:\/\/www.hotel-garage-biarritz.fr\/en\/golf\/#primaryimage"},"thumbnailUrl":"https:\/\/www.hotel-garage-biarritz.fr\/wp-content\/themes\/legaragebtz\/assets\/images\/golf\/hotel-le-garage_golf_01.jpg","datePublished":"2021-02-25T12:17:02+00:00","dateModified":"2025-04-25T13:09:39+00:00","description":"Located close to the Golf de Biarritz, Le Garage Hotel welcomes you in a luxurious and relaxed atmosphere for a Golf stay in the Basque Country","breadcrumb":{"@id":"https:\/\/www.hotel-garage-biarritz.fr\/en\/golf\/#breadcrumb"},"inLanguage":"en-US","potentialAction":[{"@type":"ReadAction","target":["https:\/\/www.hotel-garage-biarritz.fr\/en\/golf\/"]}]},{"@type":"ImageObject","inLanguage":"en-US","@id":"https:\/\/www.hotel-garage-biarritz.fr\/en\/golf\/#primaryimage","url":"https:\/\/www.hotel-garage-biarritz.fr\/wp-content\/themes\/legaragebtz\/assets\/images\/golf\/hotel-le-garage_golf_01.jpg","contentUrl":"https:\/\/www.hotel-garage-biarritz.fr\/wp-content\/themes\/legaragebtz\/assets\/images\/golf\/hotel-le-garage_golf_01.jpg"},{"@type":"BreadcrumbList","@id":"https:\/\/www.hotel-garage-biarritz.fr\/en\/golf\/#breadcrumb","itemListElement":[{"@type":"ListItem","position":1,"name":"Accueil","item":"https:\/\/www.hotel-garage-biarritz.fr\/en\/"},{"@type":"ListItem","position":2,"name":"Golf"}]},{"@type":"WebSite","@id":"https:\/\/www.hotel-garage-biarritz.fr\/#website","url":"https:\/\/www.hotel-garage-biarritz.fr\/","name":"Le Garage","description":"Biarritz","publisher":{"@id":"https:\/\/www.hotel-garage-biarritz.fr\/#organization"},"potentialAction":[{"@type":"SearchAction","target":{"@type":"EntryPoint","urlTemplate":"https:\/\/www.hotel-garage-biarritz.fr\/?s={search_term_string}"},"query-input":{"@type":"PropertyValueSpecification","valueRequired":true,"valueName":"search_term_string"}}],"inLanguage":"en-US"},{"@type":"Organization","@id":"https:\/\/www.hotel-garage-biarritz.fr\/#organization","name":"H\u00f4tel Le Garage","url":"https:\/\/www.hotel-garage-biarritz.fr\/","logo":{"@type":"ImageObject","inLanguage":"en-US","@id":"https:\/\/www.hotel-garage-biarritz.fr\/#\/schema\/logo\/image\/","url":"https:\/\/www.hotel-garage-biarritz.fr\/wp-content\/uploads\/2021\/03\/hotel-le-garage_footer-logo-arch.png","contentUrl":"https:\/\/www.hotel-garage-biarritz.fr\/wp-content\/uploads\/2021\/03\/hotel-le-garage_footer-logo-arch.png","width":524,"height":707,"caption":"H\u00f4tel Le Garage"},"image":{"@id":"https:\/\/www.hotel-garage-biarritz.fr\/#\/schema\/logo\/image\/"},"sameAs":["https:\/\/www.instagram.com\/garagebiarritz\/"]}]}},"_links":{"self":[{"href":"https:\/\/www.hotel-garage-biarritz.fr\/en\/wp-json\/wp\/v2\/pages\/1834","targetHints":{"allow":["GET"]}}],"collection":[{"href":"https:\/\/www.hotel-garage-biarritz.fr\/en\/wp-json\/wp\/v2\/pages"}],"about":[{"href":"https:\/\/www.hotel-garage-biarritz.fr\/en\/wp-json\/wp\/v2\/types\/page"}],"author":[{"embeddable":true,"href":"https:\/\/www.hotel-garage-biarritz.fr\/en\/wp-json\/wp\/v2\/users\/1"}],"replies":[{"embeddable":true,"href":"https:\/\/www.hotel-garage-biarritz.fr\/en\/wp-json\/wp\/v2\/comments?post=1834"}],"version-history":[{"count":3,"href":"https:\/\/www.hotel-garage-biarritz.fr\/en\/wp-json\/wp\/v2\/pages\/1834\/revisions"}],"predecessor-version":[{"id":4137,"href":"https:\/\/www.hotel-garage-biarritz.fr\/en\/wp-json\/wp\/v2\/pages\/1834\/revisions\/4137"}],"wp:attachment":[{"href":"https:\/\/www.hotel-garage-biarritz.fr\/en\/wp-json\/wp\/v2\/media?parent=1834"}],"curies":[{"name":"wp","href":"https:\/\/api.w.org\/{rel}","templated":true}]}}