{"id":1759,"date":"2021-02-17T15:17:17","date_gmt":"2021-02-17T14:17:17","guid":{"rendered":"https:\/\/www.hotel-garage-biarritz.fr\/?page_id=1759"},"modified":"2025-11-03T22:16:18","modified_gmt":"2025-11-03T21:16:18","slug":"your-new-address-in-biarritz","status":"publish","type":"page","link":"https:\/\/www.hotel-garage-biarritz.fr\/en\/","title":{"rendered":"Your new address in Biarritz"},"content":{"rendered":"\n<div class=\"wp-block-columns alignwide home-top-spot-type-columns is-layout-flex wp-container-core-columns-is-layout-9d6595d7 wp-block-columns-is-layout-flex\">\n<div class=\"wp-block-column top-spot-column-one is-layout-flow wp-block-column-is-layout-flow\">\n<figure class=\"wp-block-image size-large\"><img loading=\"lazy\" decoding=\"async\" width=\"1024\" height=\"683\" src=\"https:\/\/www.hotel-garage-biarritz.fr\/wp-content\/uploads\/2025\/10\/salome_rateau-56-1024x683.jpg\" alt=\"Fa\u00e7ade Le Garage Biarritz H\u00f4tel\" class=\"wp-image-4956\" srcset=\"https:\/\/www.hotel-garage-biarritz.fr\/wp-content\/uploads\/2025\/10\/salome_rateau-56-1024x683.jpg 1024w, https:\/\/www.hotel-garage-biarritz.fr\/wp-content\/uploads\/2025\/10\/salome_rateau-56-300x200.jpg 300w, https:\/\/www.hotel-garage-biarritz.fr\/wp-content\/uploads\/2025\/10\/salome_rateau-56-768x512.jpg 768w, https:\/\/www.hotel-garage-biarritz.fr\/wp-content\/uploads\/2025\/10\/salome_rateau-56-1536x1024.jpg 1536w, https:\/\/www.hotel-garage-biarritz.fr\/wp-content\/uploads\/2025\/10\/salome_rateau-56-2048x1365.jpg 2048w, https:\/\/www.hotel-garage-biarritz.fr\/wp-content\/uploads\/2025\/10\/salome_rateau-56-1568x1045.jpg 1568w\" sizes=\"auto, (max-width: 1024px) 100vw, 1024px\" \/><\/figure>\n<\/div>\n\n\n\n<div class=\"wp-block-column top-spot-column-two is-layout-flow wp-block-column-is-layout-flow\">\n<div class=\"wp-block-group\"><div class=\"wp-block-group__inner-container is-layout-flow wp-block-group-is-layout-flow\"><\/div><\/div>\n<\/div>\n\n\n\n<div class=\"wp-block-column top-spot-column-three is-layout-flow wp-block-column-is-layout-flow\">\n<h1 class=\"wp-block-heading\" id=\"votre-nouvelle-adresse-a-biarritz\">Your  address in Biarritz<\/h1>\n\n\n\n<p>Welcome to Le Garage luxury hotel in Biarritz, a trendy, design hotel close to the ocean. Experience the luxury of staying in an avant-garde hotel of 27 rooms and suites in neo-retro styles, beautiful terraces and its swimming pool. Drop off your suitcases in a stylish setting, steeped in history, a former garage that housed the most beautiful cars of the Belle \u00c9poque. It has been completely renovated into a hotel of uninhibited luxury!<\/p>\n<\/div>\n<\/div>\n\n\n\n<div class=\"wp-block-columns alignwide type-1-spotlight-columns home-type-1-spotlight-columns is-layout-flex wp-container-core-columns-is-layout-9d6595d7 wp-block-columns-is-layout-flex\">\n<div class=\"wp-block-column type-1-spotlight-column-one is-layout-flow wp-block-column-is-layout-flow\">\n<h3 class=\"wp-block-heading\" id=\"decouvrez-la-formidable-histoire-du-garage\">Discover the incredible history of Le Garage Hotel&#8230;<\/h3>\n\n\n\n<p>&#8230;which is aptly named. Transport yourself to the Belle \u00c9poque era, surrounded by old cars and the most beautiful airplanes. This building, which boasts incredible architecture, with its arch-shaped door is more than a century old and was once an aero club. It then became a car garage for wealthy guests of the Regina hotel and finally it transformed into a classic automobile garage, by the ocean in Biarritz.<\/p>\n\n\n\n<p class=\"underlined-link\"><a href=\"https:\/\/www.hotel-garage-biarritz.fr\/en\/history\/\">Discover our history<\/a><\/p>\n<\/div>\n\n\n\n<div class=\"wp-block-column type-1-spotlight-column-two is-layout-flow wp-block-column-is-layout-flow\">\n<h2 class=\"wp-block-heading\" id=\"histoire\">History<\/h2>\n\n\n\n<figure class=\"wp-block-image size-full\"><img decoding=\"async\" src=\"https:\/\/www.hotel-garage-biarritz.fr\/wp-content\/themes\/legaragebtz\/assets\/images\/home\/hotel-le-garage_home_01.jpg\" alt=\"Le Garage Regina \u00e0 l'\u00e9poque \u00e0 Biarritz\"\/><\/figure>\n<\/div>\n<\/div>\n\n\n\n<div class=\"wp-block-columns alignwide type-2-spotlight-columns home-type-2-spotlight-columns is-layout-flex wp-container-core-columns-is-layout-9d6595d7 wp-block-columns-is-layout-flex\">\n<div class=\"wp-block-column type-2-spotlight-column-one is-layout-flow wp-block-column-is-layout-flow\">\n<figure class=\"wp-block-image size-full\"><img decoding=\"async\" src=\"https:\/\/www.hotel-garage-biarritz.fr\/wp-content\/themes\/legaragebtz\/assets\/images\/home\/hotel-le-garage_home_02.jpg\" alt=\"D\u00e9tail d\u00e9co vintage Hotel Le Garage Biarritz\"\/><\/figure>\n<\/div>\n\n\n\n<div class=\"wp-block-column type-2-spotlight-column-two is-layout-flow wp-block-column-is-layout-flow\">\n<figure class=\"wp-block-image size-large size-full\"><img loading=\"lazy\" decoding=\"async\" width=\"683\" height=\"1024\" src=\"https:\/\/www.hotel-garage-biarritz.fr\/wp-content\/uploads\/2025\/10\/@salome_rateau-68-683x1024.jpg\" alt=\"Salle de bain Le Garage H\u00f4tel Biarritz\" class=\"wp-image-4963\" srcset=\"https:\/\/www.hotel-garage-biarritz.fr\/wp-content\/uploads\/2025\/10\/@salome_rateau-68-683x1024.jpg 683w, https:\/\/www.hotel-garage-biarritz.fr\/wp-content\/uploads\/2025\/10\/@salome_rateau-68-200x300.jpg 200w, https:\/\/www.hotel-garage-biarritz.fr\/wp-content\/uploads\/2025\/10\/@salome_rateau-68-768x1152.jpg 768w, https:\/\/www.hotel-garage-biarritz.fr\/wp-content\/uploads\/2025\/10\/@salome_rateau-68.jpg 800w\" sizes=\"auto, (max-width: 683px) 100vw, 683px\" \/><\/figure>\n<\/div>\n\n\n\n<div class=\"wp-block-column type-2-spotlight-column-three is-layout-flow wp-block-column-is-layout-flow\">\n<h2 class=\"wp-block-heading\" id=\"projet\">Project<\/h2>\n\n\n\n<h3 class=\"wp-block-heading\" id=\"quel-projet-audacieux\">What a Daring Project&#8230;<\/h3>\n\n\n\n<p>&#8230;to convert an old garage into a trendy boutique hotel in the Basque Country. Just next to the coast and near the sea the Le Garage hotel is ideally located in Biarritz. It has an outdoor swimming pool, private parking and rooms and suites decorated in a neo-retro style, which is both unassuming and refined at the same time. Find out more about your new home with modern comforts where you can recharge your batteries during a weekend getaway.<\/p>\n\n\n\n<p class=\"underlined-link\"><a href=\"https:\/\/www.hotel-garage-biarritz.fr\/en\/rooms\/\">Our Rooms &amp; Suites<\/a><\/p>\n<\/div>\n<\/div>\n\n\n\n<div class=\"wp-block-columns alignwide type-3-spotlight-columns home-type-3-spotlight-columns is-layout-flex wp-container-core-columns-is-layout-9d6595d7 wp-block-columns-is-layout-flex\">\n<div class=\"wp-block-column type-3-spotlight-column-one is-layout-flow wp-block-column-is-layout-flow\">\n<h2 class=\"wp-block-heading\" id=\"neo-bistrot\">Le Restaurant du Garage<\/h2>\n\n\n\n<h3 class=\"wp-block-heading\" id=\"venez-deguster-des-produits-locaux-typiques-basques\">Come and taste typical Basque produce with a bold twist<\/h3>\n\n\n\n<p>In a vibrant, vintage-inspired setting, the restaurant at Le Garage Biarritz welcomes you with a bold take on Basque culinary classics. In the bistro atmosphere centered around the patio and terrace, sharing plates are served in a cosy and warmly inviting space.<\/p>\n\n\n\n<p class=\"underlined-link\"><a href=\"https:\/\/www.hotel-garage-biarritz.fr\/en\/neo-bistrot\/\">Discover our restaurant in Biarritz<\/a><\/p>\n<\/div>\n\n\n\n<div class=\"wp-block-column type-3-spotlight-column-two is-layout-flow wp-block-column-is-layout-flow\">\n<figure class=\"wp-block-image size-full\"><img decoding=\"async\" src=\"https:\/\/www.hotel-garage-biarritz.fr\/wp-content\/themes\/legaragebtz\/assets\/images\/home\/hotel-le-garage_home_04.jpg\" alt=\"Le Restaurant du Garage\"\/><\/figure>\n<\/div>\n\n\n\n<div class=\"wp-block-column type-3-spotlight-column-three is-layout-flow wp-block-column-is-layout-flow\">\n<figure class=\"wp-block-image size-full\"><img decoding=\"async\" src=\"https:\/\/www.hotel-garage-biarritz.fr\/wp-content\/themes\/legaragebtz\/assets\/images\/home\/hotel-le-garage_home_05.jpg\" alt=\"Le Restaurant du Garage\"\/><\/figure>\n<\/div>\n<\/div>\n\n\n\n<div class=\"wp-block-columns alignwide type-4-spotlight-columns home-type-4-spotlight-columns is-layout-flex wp-container-core-columns-is-layout-9d6595d7 wp-block-columns-is-layout-flex\">\n<div class=\"wp-block-column type-4-spotlight-column-one is-layout-flow wp-block-column-is-layout-flow\">\n<figure class=\"wp-block-image size-full\"><img decoding=\"async\" src=\"https:\/\/www.hotel-garage-biarritz.fr\/wp-content\/themes\/legaragebtz\/assets\/images\/home\/hotel-le-garage_home_06.jpg\" alt=\"Line up vue a\u00e9rienne Biarritz\"\/><\/figure>\n<\/div>\n\n\n\n<div class=\"wp-block-column type-4-spotlight-column-two is-layout-flow wp-block-column-is-layout-flow\">\n<h3 class=\"wp-block-heading\" id=\"biarritz-est-le-berceau-du-surf\">Biarritz is the cradle of surfing&#8230;<\/h3>\n\n\n\n<p>&#8230;in Europe. While on holiday at Le Garage hotel in this timeless and unrestricted spot why not quench your thirst for freedom and brave the waves on the Basque coast. Participate in our surfing lessons and surfing camps or enjoy your surf trip at your own pace while discovering the must-see spots!<\/p>\n\n\n\n<p class=\"underlined-link\"><a href=\"https:\/\/www.hotel-garage-biarritz.fr\/en\/surf-stay\/\">Surf hotel in Biarritz<\/a><\/p>\n<\/div>\n\n\n\n<div class=\"wp-block-column type-4-spotlight-column-three is-layout-flow wp-block-column-is-layout-flow\">\n<h2 class=\"wp-block-heading\" id=\"surf\">Surf<\/h2>\n\n\n\n<figure class=\"wp-block-image size-full\"><img decoding=\"async\" src=\"https:\/\/www.hotel-garage-biarritz.fr\/wp-content\/themes\/legaragebtz\/assets\/images\/home\/hotel-le-garage_home_07.jpg\" alt=\"Surfeurs et baigneurs \u00e0 la plage\"\/><figcaption class=\"wp-element-caption\"><strong>Thomas Dal Farra<\/strong><\/figcaption><\/figure>\n<\/div>\n<\/div>\n\n\n\n<div class=\"wp-block-columns alignwide type-5-spotlight-columns home-type-5-spotlight-columns is-layout-flex wp-container-core-columns-is-layout-9d6595d7 wp-block-columns-is-layout-flex\">\n<div class=\"wp-block-column type-5-spotlight-column-one is-layout-flow wp-block-column-is-layout-flow\">\n<h2 class=\"wp-block-heading\" id=\"golf\">Golf<\/h2>\n\n\n\n<h3 class=\"wp-block-heading\" id=\"avec-ses-16-magnifiques-golfs\">With 16 magnificent courses&#8230;<\/h3>\n\n\n\n<p>&#8230;situated within a 100 km radius of each other, golfers from all over the world can consider themselves quite lucky in Biarritz. The Hotel Le Garage Biarritz is located very close to the Golf de Biarritz Le Phare, well known for its historic 18-hole course overlooking the ocean. Come and play on golf courses offering breathtaking panoramic views!<\/p>\n\n\n\n<p class=\"underlined-link\"><a href=\"https:\/\/www.hotel-garage-biarritz.fr\/en\/basque-country-golf-stay\/\">Golf stays in the Bask Country<\/a><\/p>\n<\/div>\n\n\n\n<div class=\"wp-block-column type-5-spotlight-column-two is-layout-flow wp-block-column-is-layout-flow\">\n<figure class=\"wp-block-image size-full\"><img decoding=\"async\" src=\"https:\/\/www.hotel-garage-biarritz.fr\/wp-content\/themes\/legaragebtz\/assets\/images\/home\/hotel-le-garage_home_08.jpg\" alt=\"Photo \u00e9poque Golfeurs Biarritz\"\/><\/figure>\n<\/div>\n\n\n\n<div class=\"wp-block-column type-5-spotlight-column-three is-layout-flow wp-block-column-is-layout-flow\">\n<figure class=\"wp-block-image size-full\"><img decoding=\"async\" src=\"https:\/\/www.hotel-garage-biarritz.fr\/wp-content\/themes\/legaragebtz\/assets\/images\/home\/hotel-le-garage_home_09.jpg\" alt=\"Vue a\u00e9rienne Golf de Biarritz\"\/><\/figure>\n<\/div>\n<\/div>\n\n\n\n<div class=\"wp-block-columns alignwide newsletter-spotlight-columns is-layout-flex wp-container-core-columns-is-layout-9d6595d7 wp-block-columns-is-layout-flex\">\n<div class=\"wp-block-column newsletter-spotlight-column-one is-layout-flow wp-block-column-is-layout-flow\">\n<div class=\"wp-block-group\"><div class=\"wp-block-group__inner-container is-layout-flow wp-block-group-is-layout-flow\">\n<h3 class=\"wp-block-heading\" id=\"newsletter\">Newsletter<\/h3>\n\n\n\n<p>This way to discover the news of the Garage and the exclusive offers for our &#8220;guests&#8221;. Sign up!<\/p>\n\n\n<div id=\"mc_embed_signup\"><form action=\"https:\/\/legarage-biarritz.us1.list-manage.com\/subscribe\/post?u=ff84c9825f92ef48d50f93650&amp;id=d0527b8c46\" method=\"post\" id=\"mc-embedded-subscribe-form\" name=\"mc-embedded-subscribe-form\" class=\"validate\" target=\"_blank\" novalidate><div id=\"mc_embed_signup_scroll\"><div class=\"mc-field-group\"><input type=\"email\" value=\"\" name=\"EMAIL\" class=\"required email\" id=\"mce-EMAIL\"><\/div><div style=\"position: absolute; left: -5000px;\" aria-hidden=\"true\"><input type=\"text\" name=\"b_ff84c9825f92ef48d50f93650_d0527b8c46\" tabindex=\"-1\" value=\"\"><\/div><div class=\"clear\"><input type=\"submit\" value=\"OK\" name=\"subscribe\" id=\"mc-embedded-subscribe\" class=\"button\"><\/div><\/div><div id=\"mce-responses\" class=\"clear\"><div class=\"response\" id=\"mce-error-response\" style=\"display:none\"><\/div><div class=\"response\" id=\"mce-success-response\" style=\"display:none\"><\/div><\/div><\/form><\/div><script type=\"text\/javascript\" src=\"\/\/s3.amazonaws.com\/downloads.mailchimp.com\/js\/mc-validate.js\"><\/script><script type=\"text\/javascript\">(function($) {window.fnames = new Array(); window.ftypes = new Array();fnames[0]=\"EMAIL\";ftypes[0]=\"email\";fnames[1]=\"FNAME\";ftypes[1]=\"text\";fnames[2]=\"LNAME\";ftypes[2]=\"text\";fnames[3]=\"ADDRESS\";ftypes[3]=\"address\";fnames[4]=\"PHONE\";ftypes[4]=\"phone\";fnames[5]=\"BIRTHDAY\";ftypes[5]=\"birthday\";}(jQuery));var $mcj = jQuery.noConflict(true);<\/script>\n<\/div><\/div>\n<\/div>\n<\/div>\n","protected":false},"excerpt":{"rendered":"<p>Your address in Biarritz Welcome to Le Garage luxury hotel in Biarritz, a trendy, design hotel close to the ocean. Experience the luxury of staying in an avant-garde hotel of 27 rooms and suites in neo-retro styles, beautiful terraces and its swimming pool. Drop off your suitcases in a stylish setting, steeped in history, a&hellip; <a class=\"more-link\" href=\"https:\/\/www.hotel-garage-biarritz.fr\/en\/\">Continue reading <span class=\"screen-reader-text\">Your new address in Biarritz<\/span><\/a><\/p>\n","protected":false},"author":1,"featured_media":0,"parent":0,"menu_order":0,"comment_status":"closed","ping_status":"closed","template":"","meta":{"footnotes":""},"class_list":["post-1759","page","type-page","status-publish","hentry","entry"],"yoast_head":"<!-- This site is optimized with the Yoast SEO plugin v27.3 - https:\/\/yoast.com\/product\/yoast-seo-wordpress\/ -->\n<title>Luxury Hotel in Biarritz: Le Garage | Design &amp; Trendy<\/title>\n<meta name=\"description\" content=\"Discover Le Garage Hotel: a 4-star luxury hotel in Biarritz set within a relaxing atmosphere. A timeless setting for an extraordinary stay.\" \/>\n<meta name=\"robots\" content=\"index, follow, max-snippet:-1, max-image-preview:large, max-video-preview:-1\" \/>\n<link rel=\"canonical\" href=\"https:\/\/www.hotel-garage-biarritz.fr\/en\/\" \/>\n<meta property=\"og:locale\" content=\"en_US\" \/>\n<meta property=\"og:type\" content=\"article\" \/>\n<meta property=\"og:title\" content=\"Luxury Hotel in Biarritz: Le Garage | Design &amp; Trendy\" \/>\n<meta property=\"og:description\" content=\"Discover Le Garage Hotel: a 4-star luxury hotel in Biarritz set within a relaxing atmosphere. A timeless setting for an extraordinary stay.\" \/>\n<meta property=\"og:url\" content=\"https:\/\/www.hotel-garage-biarritz.fr\/en\/\" \/>\n<meta property=\"og:site_name\" content=\"Le Garage\" \/>\n<meta property=\"article:modified_time\" content=\"2025-11-03T21:16:18+00:00\" \/>\n<meta property=\"og:image\" content=\"https:\/\/www.hotel-garage-biarritz.fr\/wp-content\/uploads\/2025\/10\/salome_rateau-56-scaled.jpg\" \/>\n\t<meta property=\"og:image:width\" content=\"2560\" \/>\n\t<meta property=\"og:image:height\" content=\"1707\" \/>\n\t<meta property=\"og:image:type\" content=\"image\/jpeg\" \/>\n<meta name=\"twitter:card\" content=\"summary_large_image\" \/>\n<meta name=\"twitter:label1\" content=\"Est. reading time\" \/>\n\t<meta name=\"twitter:data1\" content=\"5 minutes\" \/>\n<script type=\"application\/ld+json\" class=\"yoast-schema-graph\">{\"@context\":\"https:\\\/\\\/schema.org\",\"@graph\":[{\"@type\":\"WebPage\",\"@id\":\"https:\\\/\\\/www.hotel-garage-biarritz.fr\\\/en\\\/\",\"url\":\"https:\\\/\\\/www.hotel-garage-biarritz.fr\\\/en\\\/\",\"name\":\"Luxury Hotel in Biarritz: Le Garage | Design & Trendy\",\"isPartOf\":{\"@id\":\"https:\\\/\\\/www.hotel-garage-biarritz.fr\\\/#website\"},\"primaryImageOfPage\":{\"@id\":\"https:\\\/\\\/www.hotel-garage-biarritz.fr\\\/en\\\/#primaryimage\"},\"image\":{\"@id\":\"https:\\\/\\\/www.hotel-garage-biarritz.fr\\\/en\\\/#primaryimage\"},\"thumbnailUrl\":\"https:\\\/\\\/www.hotel-garage-biarritz.fr\\\/wp-content\\\/uploads\\\/2025\\\/10\\\/salome_rateau-56-1024x683.jpg\",\"datePublished\":\"2021-02-17T14:17:17+00:00\",\"dateModified\":\"2025-11-03T21:16:18+00:00\",\"description\":\"Discover Le Garage Hotel: a 4-star luxury hotel in Biarritz set within a relaxing atmosphere. A timeless setting for an extraordinary stay.\",\"breadcrumb\":{\"@id\":\"https:\\\/\\\/www.hotel-garage-biarritz.fr\\\/en\\\/#breadcrumb\"},\"inLanguage\":\"en-US\",\"potentialAction\":[{\"@type\":\"ReadAction\",\"target\":[\"https:\\\/\\\/www.hotel-garage-biarritz.fr\\\/en\\\/\"]}]},{\"@type\":\"ImageObject\",\"inLanguage\":\"en-US\",\"@id\":\"https:\\\/\\\/www.hotel-garage-biarritz.fr\\\/en\\\/#primaryimage\",\"url\":\"https:\\\/\\\/www.hotel-garage-biarritz.fr\\\/wp-content\\\/uploads\\\/2025\\\/10\\\/salome_rateau-56-1024x683.jpg\",\"contentUrl\":\"https:\\\/\\\/www.hotel-garage-biarritz.fr\\\/wp-content\\\/uploads\\\/2025\\\/10\\\/salome_rateau-56-1024x683.jpg\"},{\"@type\":\"BreadcrumbList\",\"@id\":\"https:\\\/\\\/www.hotel-garage-biarritz.fr\\\/en\\\/#breadcrumb\",\"itemListElement\":[{\"@type\":\"ListItem\",\"position\":1,\"name\":\"Accueil\",\"item\":\"https:\\\/\\\/www.hotel-garage-biarritz.fr\\\/en\\\/\"},{\"@type\":\"ListItem\",\"position\":2,\"name\":\"Your new address in Biarritz\"}]},{\"@type\":\"WebSite\",\"@id\":\"https:\\\/\\\/www.hotel-garage-biarritz.fr\\\/#website\",\"url\":\"https:\\\/\\\/www.hotel-garage-biarritz.fr\\\/\",\"name\":\"Le Garage\",\"description\":\"Biarritz\",\"publisher\":{\"@id\":\"https:\\\/\\\/www.hotel-garage-biarritz.fr\\\/#organization\"},\"potentialAction\":[{\"@type\":\"SearchAction\",\"target\":{\"@type\":\"EntryPoint\",\"urlTemplate\":\"https:\\\/\\\/www.hotel-garage-biarritz.fr\\\/?s={search_term_string}\"},\"query-input\":{\"@type\":\"PropertyValueSpecification\",\"valueRequired\":true,\"valueName\":\"search_term_string\"}}],\"inLanguage\":\"en-US\"},{\"@type\":\"Organization\",\"@id\":\"https:\\\/\\\/www.hotel-garage-biarritz.fr\\\/#organization\",\"name\":\"H\u00f4tel Le Garage\",\"url\":\"https:\\\/\\\/www.hotel-garage-biarritz.fr\\\/\",\"logo\":{\"@type\":\"ImageObject\",\"inLanguage\":\"en-US\",\"@id\":\"https:\\\/\\\/www.hotel-garage-biarritz.fr\\\/#\\\/schema\\\/logo\\\/image\\\/\",\"url\":\"https:\\\/\\\/www.hotel-garage-biarritz.fr\\\/wp-content\\\/uploads\\\/2021\\\/03\\\/hotel-le-garage_footer-logo-arch.png\",\"contentUrl\":\"https:\\\/\\\/www.hotel-garage-biarritz.fr\\\/wp-content\\\/uploads\\\/2021\\\/03\\\/hotel-le-garage_footer-logo-arch.png\",\"width\":524,\"height\":707,\"caption\":\"H\u00f4tel Le Garage\"},\"image\":{\"@id\":\"https:\\\/\\\/www.hotel-garage-biarritz.fr\\\/#\\\/schema\\\/logo\\\/image\\\/\"},\"sameAs\":[\"https:\\\/\\\/www.instagram.com\\\/garagebiarritz\\\/\"]}]}<\/script>\n<!-- \/ Yoast SEO plugin. -->","yoast_head_json":{"title":"Luxury Hotel in Biarritz: Le Garage | Design & Trendy","description":"Discover Le Garage Hotel: a 4-star luxury hotel in Biarritz set within a relaxing atmosphere. A timeless setting for an extraordinary stay.","robots":{"index":"index","follow":"follow","max-snippet":"max-snippet:-1","max-image-preview":"max-image-preview:large","max-video-preview":"max-video-preview:-1"},"canonical":"https:\/\/www.hotel-garage-biarritz.fr\/en\/","og_locale":"en_US","og_type":"article","og_title":"Luxury Hotel in Biarritz: Le Garage | Design & Trendy","og_description":"Discover Le Garage Hotel: a 4-star luxury hotel in Biarritz set within a relaxing atmosphere. A timeless setting for an extraordinary stay.","og_url":"https:\/\/www.hotel-garage-biarritz.fr\/en\/","og_site_name":"Le Garage","article_modified_time":"2025-11-03T21:16:18+00:00","og_image":[{"width":2560,"height":1707,"url":"https:\/\/www.hotel-garage-biarritz.fr\/wp-content\/uploads\/2025\/10\/salome_rateau-56-scaled.jpg","type":"image\/jpeg"}],"twitter_card":"summary_large_image","twitter_misc":{"Est. reading time":"5 minutes"},"schema":{"@context":"https:\/\/schema.org","@graph":[{"@type":"WebPage","@id":"https:\/\/www.hotel-garage-biarritz.fr\/en\/","url":"https:\/\/www.hotel-garage-biarritz.fr\/en\/","name":"Luxury Hotel in Biarritz: Le Garage | Design & Trendy","isPartOf":{"@id":"https:\/\/www.hotel-garage-biarritz.fr\/#website"},"primaryImageOfPage":{"@id":"https:\/\/www.hotel-garage-biarritz.fr\/en\/#primaryimage"},"image":{"@id":"https:\/\/www.hotel-garage-biarritz.fr\/en\/#primaryimage"},"thumbnailUrl":"https:\/\/www.hotel-garage-biarritz.fr\/wp-content\/uploads\/2025\/10\/salome_rateau-56-1024x683.jpg","datePublished":"2021-02-17T14:17:17+00:00","dateModified":"2025-11-03T21:16:18+00:00","description":"Discover Le Garage Hotel: a 4-star luxury hotel in Biarritz set within a relaxing atmosphere. A timeless setting for an extraordinary stay.","breadcrumb":{"@id":"https:\/\/www.hotel-garage-biarritz.fr\/en\/#breadcrumb"},"inLanguage":"en-US","potentialAction":[{"@type":"ReadAction","target":["https:\/\/www.hotel-garage-biarritz.fr\/en\/"]}]},{"@type":"ImageObject","inLanguage":"en-US","@id":"https:\/\/www.hotel-garage-biarritz.fr\/en\/#primaryimage","url":"https:\/\/www.hotel-garage-biarritz.fr\/wp-content\/uploads\/2025\/10\/salome_rateau-56-1024x683.jpg","contentUrl":"https:\/\/www.hotel-garage-biarritz.fr\/wp-content\/uploads\/2025\/10\/salome_rateau-56-1024x683.jpg"},{"@type":"BreadcrumbList","@id":"https:\/\/www.hotel-garage-biarritz.fr\/en\/#breadcrumb","itemListElement":[{"@type":"ListItem","position":1,"name":"Accueil","item":"https:\/\/www.hotel-garage-biarritz.fr\/en\/"},{"@type":"ListItem","position":2,"name":"Your new address in Biarritz"}]},{"@type":"WebSite","@id":"https:\/\/www.hotel-garage-biarritz.fr\/#website","url":"https:\/\/www.hotel-garage-biarritz.fr\/","name":"Le Garage","description":"Biarritz","publisher":{"@id":"https:\/\/www.hotel-garage-biarritz.fr\/#organization"},"potentialAction":[{"@type":"SearchAction","target":{"@type":"EntryPoint","urlTemplate":"https:\/\/www.hotel-garage-biarritz.fr\/?s={search_term_string}"},"query-input":{"@type":"PropertyValueSpecification","valueRequired":true,"valueName":"search_term_string"}}],"inLanguage":"en-US"},{"@type":"Organization","@id":"https:\/\/www.hotel-garage-biarritz.fr\/#organization","name":"H\u00f4tel Le Garage","url":"https:\/\/www.hotel-garage-biarritz.fr\/","logo":{"@type":"ImageObject","inLanguage":"en-US","@id":"https:\/\/www.hotel-garage-biarritz.fr\/#\/schema\/logo\/image\/","url":"https:\/\/www.hotel-garage-biarritz.fr\/wp-content\/uploads\/2021\/03\/hotel-le-garage_footer-logo-arch.png","contentUrl":"https:\/\/www.hotel-garage-biarritz.fr\/wp-content\/uploads\/2021\/03\/hotel-le-garage_footer-logo-arch.png","width":524,"height":707,"caption":"H\u00f4tel Le Garage"},"image":{"@id":"https:\/\/www.hotel-garage-biarritz.fr\/#\/schema\/logo\/image\/"},"sameAs":["https:\/\/www.instagram.com\/garagebiarritz\/"]}]}},"_links":{"self":[{"href":"https:\/\/www.hotel-garage-biarritz.fr\/en\/wp-json\/wp\/v2\/pages\/1759","targetHints":{"allow":["GET"]}}],"collection":[{"href":"https:\/\/www.hotel-garage-biarritz.fr\/en\/wp-json\/wp\/v2\/pages"}],"about":[{"href":"https:\/\/www.hotel-garage-biarritz.fr\/en\/wp-json\/wp\/v2\/types\/page"}],"author":[{"embeddable":true,"href":"https:\/\/www.hotel-garage-biarritz.fr\/en\/wp-json\/wp\/v2\/users\/1"}],"replies":[{"embeddable":true,"href":"https:\/\/www.hotel-garage-biarritz.fr\/en\/wp-json\/wp\/v2\/comments?post=1759"}],"version-history":[{"count":13,"href":"https:\/\/www.hotel-garage-biarritz.fr\/en\/wp-json\/wp\/v2\/pages\/1759\/revisions"}],"predecessor-version":[{"id":5169,"href":"https:\/\/www.hotel-garage-biarritz.fr\/en\/wp-json\/wp\/v2\/pages\/1759\/revisions\/5169"}],"wp:attachment":[{"href":"https:\/\/www.hotel-garage-biarritz.fr\/en\/wp-json\/wp\/v2\/media?parent=1759"}],"curies":[{"name":"wp","href":"https:\/\/api.w.org\/{rel}","templated":true}]}}